{"id":12272,"date":"2025-01-09T09:26:06","date_gmt":"2025-01-09T09:26:06","guid":{"rendered":"https:\/\/parapharmaciecalifornietah.ma\/?post_type=product&#038;p=12272"},"modified":"2025-01-09T09:26:07","modified_gmt":"2025-01-09T09:26:07","slug":"patyka-nutri-creme-main-dans-la-main-40ml","status":"publish","type":"product","link":"https:\/\/calita.ma\/fr\/produit\/patyka-nutri-creme-main-dans-la-main-40ml\/","title":{"rendered":"PATYKA NUTRI CREME MAIN DANS LA MAIN 40ML"},"content":{"rendered":"<p><strong>Utilisation<\/strong><br \/>\nJour\/Nuit<br \/>\n<strong>Type de peau<\/strong><br \/>\nTous types de peaux<br \/>\n<strong>Texture<\/strong><br \/>\nCr\u00e8me onctueuse, p\u00e9n\u00e9tration rapide, sans fini gras<br \/>\nEnrichie en Huiles de Prune bio et Tournesol bio fran\u00e7aises, la Cr\u00e8me Mains et Ongles Main Dans La Main, nourrit et r\u00e9pare intens\u00e9ment les mains s\u00e8ches et ab\u00eem\u00e9es, prot\u00e8ge du froid et soulage imm\u00e9diatement afin d&#8217;\u00e9viter toute sensation d&#8217;inconfort.<\/p>\n<p>Sa texture onctueuse est rapidement absorb\u00e9e, sans fini gras.<\/p>\n<p>R\u00e9sultat ? Les mains sont envelopp\u00e9es d&#8217;un voile protecteur et r\u00e9parateur au doux parfum floral et vanill\u00e9. Intens\u00e9ment nourries, r\u00e9par\u00e9es et prot\u00e9g\u00e9es, elles sont incroyablement douces et confortables.<\/p>\n<p>Engag\u00e9e en faveur d\u2019une agriculture locale, responsable et biologique, PATYKA a s\u00e9lectionn\u00e9 les Huiles V\u00e9g\u00e9tales de Prune bio et de Tournesol bio dont les graines sont cultiv\u00e9es et press\u00e9es en France.<br \/>\nObtenues par premi\u00e8re pression \u00e0 froid, ces huiles vierges sont exceptionnellement riches en vitamine E et acides gras qui prot\u00e8gent, nourrissent et r\u00e9parent intens\u00e9ment les peaux s\u00e8ches et ab\u00eem\u00e9es.<\/p>\n<p>Le tube de la cr\u00e8me mains bio Main Dans La Main est constitu\u00e9 \u00e0 50% de plastique recycl\u00e9 issu de bouteilles de lait, et il est 100% recyclable.<\/p>","protected":false},"excerpt":{"rendered":"<p>Utilisation Jour\/Nuit Type de peau Tous types de peaux Texture Cr\u00e8me onctueuse, p\u00e9n\u00e9tration rapide, sans fini gras Enrichie en Huiles de Prune bio et Tournesol&#8230;<\/p>","protected":false},"featured_media":12275,"comment_status":"open","ping_status":"closed","template":"","meta":[],"etheme_brands":[{"term_id":532,"name":"PATYKA","slug":"patyka","term_group":0,"term_taxonomy_id":532,"taxonomy":"brand","description":"","parent":0,"count":37,"filter":"raw"}],"product_brand":[],"product_cat":[224,191,220,228,216,222],"product_tag":[],"class_list":{"0":"post-12272","1":"product","2":"type-product","3":"status-publish","4":"has-post-thumbnail","6":"brand-patyka","7":"product_cat-bio-corps","8":"product_cat-corps","9":"product_cat-hydratant-mains","10":"product_cat-mains-et-pieds-bio-corps","11":"product_cat-mains-et-pieds","12":"product_cat-ongles","14":"first","15":"instock","16":"sale","17":"shipping-taxable","18":"purchasable","19":"product-type-simple"},"_links":{"self":[{"href":"https:\/\/calita.ma\/fr\/wp-json\/wp\/v2\/product\/12272","targetHints":{"allow":["GET"]}}],"collection":[{"href":"https:\/\/calita.ma\/fr\/wp-json\/wp\/v2\/product"}],"about":[{"href":"https:\/\/calita.ma\/fr\/wp-json\/wp\/v2\/types\/product"}],"replies":[{"embeddable":true,"href":"https:\/\/calita.ma\/fr\/wp-json\/wp\/v2\/comments?post=12272"}],"version-history":[{"count":1,"href":"https:\/\/calita.ma\/fr\/wp-json\/wp\/v2\/product\/12272\/revisions"}],"predecessor-version":[{"id":12276,"href":"https:\/\/calita.ma\/fr\/wp-json\/wp\/v2\/product\/12272\/revisions\/12276"}],"wp:featuredmedia":[{"embeddable":true,"href":"https:\/\/calita.ma\/fr\/wp-json\/wp\/v2\/media\/12275"}],"wp:attachment":[{"href":"https:\/\/calita.ma\/fr\/wp-json\/wp\/v2\/media?parent=12272"}],"wp:term":[{"taxonomy":"brand","embeddable":true,"href":"https:\/\/calita.ma\/fr\/wp-json\/wp\/v2\/etheme_brands?post=12272"},{"taxonomy":"product_brand","embeddable":true,"href":"https:\/\/calita.ma\/fr\/wp-json\/wp\/v2\/product_brand?post=12272"},{"taxonomy":"product_cat","embeddable":true,"href":"https:\/\/calita.ma\/fr\/wp-json\/wp\/v2\/product_cat?post=12272"},{"taxonomy":"product_tag","embeddable":true,"href":"https:\/\/calita.ma\/fr\/wp-json\/wp\/v2\/product_tag?post=12272"}],"curies":[{"name":"wp","href":"https:\/\/api.w.org\/{rel}","templated":true}]}}