{"id":12083,"date":"2025-01-02T09:09:24","date_gmt":"2025-01-02T09:09:24","guid":{"rendered":"https:\/\/parapharmaciecalifornietah.ma\/?post_type=product&#038;p=12083"},"modified":"2025-01-02T09:09:24","modified_gmt":"2025-01-02T09:09:24","slug":"meridol-dentifrice-parodont-expert-75ml","status":"publish","type":"product","link":"https:\/\/calita.ma\/fr\/produit\/meridol-dentifrice-parodont-expert-75ml\/","title":{"rendered":"MERIDOL DENTIFRICE PARODONT EXPERT 75ML"},"content":{"rendered":"<p><strong>Meridol Parodont Expert, le dentifrice qui prot\u00e8ge et renforce les gencives<\/strong><\/p>\n<p>Meridol Parodont Expert est un dentifrice hautement efficace qui aide \u00e0 pr\u00e9venir et \u00e0 traiter la maladie parodontale. Il contient du\u00a0<strong>chlorhexidine<\/strong>,\u00a0<strong>un antibact\u00e9rien<\/strong>\u00a0qui combat les bact\u00e9ries responsables de la gingivite et de la parodontite. Meridol Parodont Expert est \u00e9galement formul\u00e9 avec de la<strong>\u00a0fluorure,<\/strong>\u00a0qui renforce l\u2019\u00e9mail des dents et les prot\u00e8ge contre la carie dentaire.<\/p>\n<p><strong>Comment utiliser Meridol Parodont Expert ?<\/strong><\/p>\n<p>Brossez-vous les dents deux fois par jour avec Meridol Parodont Expert pendant deux minutes. Ne rincez pas votre bouche apr\u00e8s le brossage. Laissez le dentifrice agir sur les gencives pendant quelques minutes.<\/p>\n<p><strong>Pour qui est destin\u00e9 Meridol Parodont Expert ?<\/strong><\/p>\n<p>Meridol Parodont Expert est un dentifrice pour<strong>\u00a0adultes<\/strong>\u00a0qui convient \u00e0\u00a0<strong>tous<\/strong>\u00a0les types de gencives. Il est particuli\u00e8rement recommand\u00e9 aux personnes qui souffrent de<strong>\u00a0gingivite ou de parodontite.<\/strong><\/p>","protected":false},"excerpt":{"rendered":"<p>Meridol Parodont Expert, le dentifrice qui prot\u00e8ge et renforce les gencives Meridol Parodont Expert est un dentifrice hautement efficace qui aide \u00e0 pr\u00e9venir et \u00e0&#8230;<\/p>","protected":false},"featured_media":12084,"comment_status":"open","ping_status":"closed","template":"","meta":[],"etheme_brands":[{"term_id":528,"name":"MERIDOL","slug":"meridol","term_group":0,"term_taxonomy_id":528,"taxonomy":"brand","description":"","parent":0,"count":5,"filter":"raw"}],"product_brand":[],"product_cat":[123,125,113],"product_tag":[],"class_list":{"0":"post-12083","1":"product","2":"type-product","3":"status-publish","4":"has-post-thumbnail","6":"brand-meridol","7":"product_cat-dentaire","8":"product_cat-dentifrices-dentaire","9":"product_cat-hygiene","11":"first","12":"instock","13":"sale","14":"shipping-taxable","15":"purchasable","16":"product-type-simple"},"_links":{"self":[{"href":"https:\/\/calita.ma\/fr\/wp-json\/wp\/v2\/product\/12083","targetHints":{"allow":["GET"]}}],"collection":[{"href":"https:\/\/calita.ma\/fr\/wp-json\/wp\/v2\/product"}],"about":[{"href":"https:\/\/calita.ma\/fr\/wp-json\/wp\/v2\/types\/product"}],"replies":[{"embeddable":true,"href":"https:\/\/calita.ma\/fr\/wp-json\/wp\/v2\/comments?post=12083"}],"version-history":[{"count":1,"href":"https:\/\/calita.ma\/fr\/wp-json\/wp\/v2\/product\/12083\/revisions"}],"predecessor-version":[{"id":12087,"href":"https:\/\/calita.ma\/fr\/wp-json\/wp\/v2\/product\/12083\/revisions\/12087"}],"wp:featuredmedia":[{"embeddable":true,"href":"https:\/\/calita.ma\/fr\/wp-json\/wp\/v2\/media\/12084"}],"wp:attachment":[{"href":"https:\/\/calita.ma\/fr\/wp-json\/wp\/v2\/media?parent=12083"}],"wp:term":[{"taxonomy":"brand","embeddable":true,"href":"https:\/\/calita.ma\/fr\/wp-json\/wp\/v2\/etheme_brands?post=12083"},{"taxonomy":"product_brand","embeddable":true,"href":"https:\/\/calita.ma\/fr\/wp-json\/wp\/v2\/product_brand?post=12083"},{"taxonomy":"product_cat","embeddable":true,"href":"https:\/\/calita.ma\/fr\/wp-json\/wp\/v2\/product_cat?post=12083"},{"taxonomy":"product_tag","embeddable":true,"href":"https:\/\/calita.ma\/fr\/wp-json\/wp\/v2\/product_tag?post=12083"}],"curies":[{"name":"wp","href":"https:\/\/api.w.org\/{rel}","templated":true}]}}