{"id":12080,"date":"2025-01-02T09:06:20","date_gmt":"2025-01-02T09:06:20","guid":{"rendered":"https:\/\/parapharmaciecalifornietah.ma\/?post_type=product&#038;p=12080"},"modified":"2025-01-02T09:06:20","modified_gmt":"2025-01-02T09:06:20","slug":"meridol-brosse-a-dents-medium","status":"publish","type":"product","link":"https:\/\/calita.ma\/fr\/produit\/meridol-brosse-a-dents-medium\/","title":{"rendered":"MERIDOL BROSSE A DENTS MEDIUM"},"content":{"rendered":"<p>La brosse \u00e0 dents meridol\u00ae PROTECTION GENCIVES medium combine la performance d\u2019un nettoyage efficace et en profondeur et d\u2019un soin doux pour les gencives.<\/p>\n<p>La plaque dentaire est un voile de r\u00e9sidus qui se d\u00e9pose sur les dents apr\u00e8s chaque repas. Si elle n\u2019est pas enlev\u00e9e chaque jour, la plaque dentaire produit des acides qui agressent les dents et les gencives. Ces acides ab\u00eement l\u2019\u00e9mail et sont responsables de maladies parodontales. La brosse \u00e0 dents est l\u2019accessoire essentiel pour une bonne hygi\u00e8ne bucco-dentaire.<\/p>\n<p>La forme conique et la finesse des poils de la brosse \u00e0 dents manuelle M\u00e9ridol permettent un acc\u00e8s simple et facile au rebord gingival et les espaces interdentaires. Sa t\u00eate \u00e9pouse parfaitement la surface des dents. Munie d\u2019un manche ergonomique, cette brosse \u00e0 dent M\u00e9ridol b\u00e9n\u00e9ficie d\u2019une bonne prise en main qui am\u00e9liore sa manipulation. Cette brosse \u00e0 dents convient parfaitement au<strong>\u00a0brossage quotidien<\/strong>\u00a0m\u00eame dans les cas de gencives sensibles et fait partie de la cat\u00e9gorie des brosses \u00e0 dents medium.<\/p>","protected":false},"excerpt":{"rendered":"<p>La brosse \u00e0 dents meridol\u00ae PROTECTION GENCIVES medium combine la performance d\u2019un nettoyage efficace et en profondeur et d\u2019un soin doux pour les gencives. La&#8230;<\/p>","protected":false},"featured_media":12081,"comment_status":"open","ping_status":"closed","template":"","meta":[],"etheme_brands":[{"term_id":528,"name":"MERIDOL","slug":"meridol","term_group":0,"term_taxonomy_id":528,"taxonomy":"brand","description":"","parent":0,"count":5,"filter":"raw"}],"product_brand":[],"product_cat":[127,123,113],"product_tag":[],"class_list":{"0":"post-12080","1":"product","2":"type-product","3":"status-publish","4":"has-post-thumbnail","6":"brand-meridol","7":"product_cat-brosse-a-dents","8":"product_cat-dentaire","9":"product_cat-hygiene","11":"first","12":"instock","13":"sale","14":"shipping-taxable","15":"purchasable","16":"product-type-simple"},"_links":{"self":[{"href":"https:\/\/calita.ma\/fr\/wp-json\/wp\/v2\/product\/12080","targetHints":{"allow":["GET"]}}],"collection":[{"href":"https:\/\/calita.ma\/fr\/wp-json\/wp\/v2\/product"}],"about":[{"href":"https:\/\/calita.ma\/fr\/wp-json\/wp\/v2\/types\/product"}],"replies":[{"embeddable":true,"href":"https:\/\/calita.ma\/fr\/wp-json\/wp\/v2\/comments?post=12080"}],"version-history":[{"count":1,"href":"https:\/\/calita.ma\/fr\/wp-json\/wp\/v2\/product\/12080\/revisions"}],"predecessor-version":[{"id":12082,"href":"https:\/\/calita.ma\/fr\/wp-json\/wp\/v2\/product\/12080\/revisions\/12082"}],"wp:featuredmedia":[{"embeddable":true,"href":"https:\/\/calita.ma\/fr\/wp-json\/wp\/v2\/media\/12081"}],"wp:attachment":[{"href":"https:\/\/calita.ma\/fr\/wp-json\/wp\/v2\/media?parent=12080"}],"wp:term":[{"taxonomy":"brand","embeddable":true,"href":"https:\/\/calita.ma\/fr\/wp-json\/wp\/v2\/etheme_brands?post=12080"},{"taxonomy":"product_brand","embeddable":true,"href":"https:\/\/calita.ma\/fr\/wp-json\/wp\/v2\/product_brand?post=12080"},{"taxonomy":"product_cat","embeddable":true,"href":"https:\/\/calita.ma\/fr\/wp-json\/wp\/v2\/product_cat?post=12080"},{"taxonomy":"product_tag","embeddable":true,"href":"https:\/\/calita.ma\/fr\/wp-json\/wp\/v2\/product_tag?post=12080"}],"curies":[{"name":"wp","href":"https:\/\/api.w.org\/{rel}","templated":true}]}}