{"id":12062,"date":"2025-01-02T08:30:44","date_gmt":"2025-01-02T08:30:44","guid":{"rendered":"https:\/\/parapharmaciecalifornietah.ma\/?post_type=product&#038;p=12062"},"modified":"2025-01-02T08:30:44","modified_gmt":"2025-01-02T08:30:44","slug":"kin-brosse-a-dents-medium","status":"publish","type":"product","link":"https:\/\/calita.ma\/fr\/produit\/kin-brosse-a-dents-medium\/","title":{"rendered":"KIN BROSSE A DENTS MEDIUM"},"content":{"rendered":"<p>La brosse \u00e0 dents KIN \u00e0 filaments mi-durs offre un brossage en profondeur, atteignant confortablement les zones difficiles de la cavit\u00e9 buccale. Sa nouvelle t\u00eate de brosse plus petite et son corps en co-polyester r\u00e9sistant et souple am\u00e9liorent l\u2019efficacit\u00e9 du brossage quotidien.<\/p>\n<p>La brosse est accompagn\u00e9e d\u2019un capuchon protecteur pour maintenir la t\u00eate de la brosse dans un \u00e9tat hygi\u00e9nique optimal.<\/p>\n<p>L\u2019emballage et le bouchon sont enti\u00e8rement recyclables, avec une r\u00e9duction significative de 14% de plastique par rapport \u00e0 la version pr\u00e9c\u00e9dente, soulignant l\u2019engagement envers la durabilit\u00e9. Choisissez votre couleur pr\u00e9f\u00e9r\u00e9e parmi une gamme de motifs \u00e9clatants et frais.<\/p>\n<p>La brosse \u00e0 dents moyenne KIN est adapt\u00e9e \u00e0 l\u2019hygi\u00e8ne buccale quotidienne, aussi bien pour les enfants que pour les adultes. Ses filaments mi-durs \u00e9liminent efficacement la plaque et les d\u00e9bris alimentaires sans compromettre l\u2019int\u00e9grit\u00e9 de l\u2019\u00e9mail des dents et des gencives.<\/p>\n<p><strong>Conseils d\u2019application:<\/strong><\/p>\n<ul>\n<li>Remplacez la brosse \u00e0 dents tous les 3 mois et\/ou lorsque les poils sont us\u00e9s ou tordus.<\/li>\n<li>Pour une bonne sant\u00e9 bucco-dentaire, brossez-vous les dents au moins 3 fois par jour, apr\u00e8s chaque repas, et particuli\u00e8rement avant le coucher.<\/li>\n<li>Adoptez une bonne technique de brossage en pla\u00e7ant la brosse \u00e0 dents \u00e0 un angle de 45\u00b0 par rapport aux gencives. Effectuez des mouvements verticaux de la gencive vers la dent, couvrant toute la surface. Les mouvements doivent \u00eatre doux pour \u00e9viter tout dommage \u00e0 l\u2019\u00e9mail et aux gencives.<\/li>\n<li>N\u2019oubliez pas de brosser \u00e9galement la langue de l\u2019arri\u00e8re vers l\u2019avant.<\/li>\n<li>Concluez votre routine d\u2019hygi\u00e8ne buccale en utilisant un bain de bouche, et nettoyez l\u2019espace entre les dents avec du fil dentaire ou des brosses interdentaires.<\/li>\n<li>Nettoyez soigneusement la brosse apr\u00e8s chaque utilisation et laissez-la s\u00e9cher \u00e0 l\u2019air libre dans son capuchon, en position verticale pour maintenir une hygi\u00e8ne optimale.<\/li>\n<\/ul>","protected":false},"excerpt":{"rendered":"<p>La brosse \u00e0 dents KIN \u00e0 filaments mi-durs offre un brossage en profondeur, atteignant confortablement les zones difficiles de la cavit\u00e9 buccale. Sa nouvelle t\u00eate&#8230;<\/p>","protected":false},"featured_media":12063,"comment_status":"open","ping_status":"closed","template":"","meta":[],"etheme_brands":[{"term_id":521,"name":"KIN","slug":"kin","term_group":0,"term_taxonomy_id":521,"taxonomy":"brand","description":"","parent":0,"count":9,"filter":"raw"}],"product_brand":[],"product_cat":[127,123,113],"product_tag":[],"class_list":{"0":"post-12062","1":"product","2":"type-product","3":"status-publish","4":"has-post-thumbnail","6":"brand-kin","7":"product_cat-brosse-a-dents","8":"product_cat-dentaire","9":"product_cat-hygiene","11":"first","12":"instock","13":"sale","14":"shipping-taxable","15":"purchasable","16":"product-type-simple"},"_links":{"self":[{"href":"https:\/\/calita.ma\/fr\/wp-json\/wp\/v2\/product\/12062","targetHints":{"allow":["GET"]}}],"collection":[{"href":"https:\/\/calita.ma\/fr\/wp-json\/wp\/v2\/product"}],"about":[{"href":"https:\/\/calita.ma\/fr\/wp-json\/wp\/v2\/types\/product"}],"replies":[{"embeddable":true,"href":"https:\/\/calita.ma\/fr\/wp-json\/wp\/v2\/comments?post=12062"}],"version-history":[{"count":1,"href":"https:\/\/calita.ma\/fr\/wp-json\/wp\/v2\/product\/12062\/revisions"}],"predecessor-version":[{"id":12064,"href":"https:\/\/calita.ma\/fr\/wp-json\/wp\/v2\/product\/12062\/revisions\/12064"}],"wp:featuredmedia":[{"embeddable":true,"href":"https:\/\/calita.ma\/fr\/wp-json\/wp\/v2\/media\/12063"}],"wp:attachment":[{"href":"https:\/\/calita.ma\/fr\/wp-json\/wp\/v2\/media?parent=12062"}],"wp:term":[{"taxonomy":"brand","embeddable":true,"href":"https:\/\/calita.ma\/fr\/wp-json\/wp\/v2\/etheme_brands?post=12062"},{"taxonomy":"product_brand","embeddable":true,"href":"https:\/\/calita.ma\/fr\/wp-json\/wp\/v2\/product_brand?post=12062"},{"taxonomy":"product_cat","embeddable":true,"href":"https:\/\/calita.ma\/fr\/wp-json\/wp\/v2\/product_cat?post=12062"},{"taxonomy":"product_tag","embeddable":true,"href":"https:\/\/calita.ma\/fr\/wp-json\/wp\/v2\/product_tag?post=12062"}],"curies":[{"name":"wp","href":"https:\/\/api.w.org\/{rel}","templated":true}]}}