{"id":12059,"date":"2025-01-02T08:28:30","date_gmt":"2025-01-02T08:28:30","guid":{"rendered":"https:\/\/parapharmaciecalifornietah.ma\/?post_type=product&#038;p=12059"},"modified":"2025-01-02T08:28:31","modified_gmt":"2025-01-02T08:28:31","slug":"kin-brosse-a-dents-orthodontie","status":"publish","type":"product","link":"https:\/\/calita.ma\/fr\/produit\/kin-brosse-a-dents-orthodontie\/","title":{"rendered":"KIN BROSSE A DENTS ORTHODONTIE"},"content":{"rendered":"<p>La brosse \u00e0 dents orthodontique KIN assure un nettoyage complet \u00e0 100 % des dents et des gencives, en \u00e9liminant efficacement les r\u00e9sidus alimentaires susceptibles de s\u2019accumuler sur les appareils dentaires gr\u00e2ce \u00e0 ses filaments en forme de V. Sa petite t\u00eate de brosse permet d\u2019atteindre les zones les plus complexes, tandis que son manche anatomique offre une prise en main confortable.<\/p>\n<p>Un capuchon protecteur est inclus pour pr\u00e9server la propret\u00e9 de la t\u00eate de la brosse.<\/p>\n<p>L\u2019emballage et le bouchon sont enti\u00e8rement recyclables, soulignant l\u2019engagement envers la durabilit\u00e9 avec une r\u00e9duction de 14 % du plastique par rapport \u00e0 la version pr\u00e9c\u00e9dente. La personnalisation est au rendez-vous avec un choix de couleurs, facilitant l\u2019identification individuelle au sein de la famille.<\/p>\n<p>Les brosses \u00e0 dents orthodontiques KIN sont sp\u00e9cialement con\u00e7ues pour les personnes portant des appareils orthodontiques, offrant une hygi\u00e8ne buccale compl\u00e8te et approfondie. Sa conception particuli\u00e8re facilite l\u2019acc\u00e8s \u00e0 tous les recoins de la bouche, assurant un brossage tr\u00e8s efficace.<\/p>\n<p><strong>Conseils d\u2019application:<\/strong><\/p>\n<ul>\n<li>Pendant un traitement orthodontique, remplacez la brosse \u00e0 dents tous les 3 mois pour une neuve, ou plus t\u00f4t si les filaments sont us\u00e9s.<\/li>\n<li>Pour une bonne hygi\u00e8ne buccale, brossez-vous les dents pendant 2 \u00e0 3 minutes au moins 3 fois par jour, de pr\u00e9f\u00e9rence apr\u00e8s chaque repas et toujours avant d\u2019aller vous coucher.<\/li>\n<li>Les personnes ayant recours \u00e0 l\u2019orthodontie doivent maintenir une hygi\u00e8ne bucco-dentaire correcte et approfondie, car l\u2019appareil dentaire peut favoriser l\u2019apparition de caries li\u00e9es \u00e0 la formation d\u2019un biofilm dentaire et d\u2019autres probl\u00e8mes bucco-dentaires.<\/li>\n<li>En compl\u00e9ment de la brosse \u00e0 dents, utilisez d\u2019autres accessoires et produits d\u2019hygi\u00e8ne buccale sp\u00e9cifiques \u00e0 l\u2019orthodontie pour \u00e9liminer tous les d\u00e9bris.<\/li>\n<li>Suivez toujours la technique de brossage recommand\u00e9e par votre orthodontiste pour maximiser l\u2019efficacit\u00e9 du nettoyage.<\/li>\n<\/ul>","protected":false},"excerpt":{"rendered":"<p>La brosse \u00e0 dents orthodontique KIN assure un nettoyage complet \u00e0 100 % des dents et des gencives, en \u00e9liminant efficacement les r\u00e9sidus alimentaires susceptibles&#8230;<\/p>","protected":false},"featured_media":12060,"comment_status":"open","ping_status":"closed","template":"","meta":[],"etheme_brands":[{"term_id":521,"name":"KIN","slug":"kin","term_group":0,"term_taxonomy_id":521,"taxonomy":"brand","description":"","parent":0,"count":9,"filter":"raw"}],"product_brand":[],"product_cat":[127,123,113],"product_tag":[],"class_list":{"0":"post-12059","1":"product","2":"type-product","3":"status-publish","4":"has-post-thumbnail","6":"brand-kin","7":"product_cat-brosse-a-dents","8":"product_cat-dentaire","9":"product_cat-hygiene","11":"first","12":"instock","13":"sale","14":"shipping-taxable","15":"purchasable","16":"product-type-simple"},"_links":{"self":[{"href":"https:\/\/calita.ma\/fr\/wp-json\/wp\/v2\/product\/12059","targetHints":{"allow":["GET"]}}],"collection":[{"href":"https:\/\/calita.ma\/fr\/wp-json\/wp\/v2\/product"}],"about":[{"href":"https:\/\/calita.ma\/fr\/wp-json\/wp\/v2\/types\/product"}],"replies":[{"embeddable":true,"href":"https:\/\/calita.ma\/fr\/wp-json\/wp\/v2\/comments?post=12059"}],"version-history":[{"count":1,"href":"https:\/\/calita.ma\/fr\/wp-json\/wp\/v2\/product\/12059\/revisions"}],"predecessor-version":[{"id":12061,"href":"https:\/\/calita.ma\/fr\/wp-json\/wp\/v2\/product\/12059\/revisions\/12061"}],"wp:featuredmedia":[{"embeddable":true,"href":"https:\/\/calita.ma\/fr\/wp-json\/wp\/v2\/media\/12060"}],"wp:attachment":[{"href":"https:\/\/calita.ma\/fr\/wp-json\/wp\/v2\/media?parent=12059"}],"wp:term":[{"taxonomy":"brand","embeddable":true,"href":"https:\/\/calita.ma\/fr\/wp-json\/wp\/v2\/etheme_brands?post=12059"},{"taxonomy":"product_brand","embeddable":true,"href":"https:\/\/calita.ma\/fr\/wp-json\/wp\/v2\/product_brand?post=12059"},{"taxonomy":"product_cat","embeddable":true,"href":"https:\/\/calita.ma\/fr\/wp-json\/wp\/v2\/product_cat?post=12059"},{"taxonomy":"product_tag","embeddable":true,"href":"https:\/\/calita.ma\/fr\/wp-json\/wp\/v2\/product_tag?post=12059"}],"curies":[{"name":"wp","href":"https:\/\/api.w.org\/{rel}","templated":true}]}}