{"id":12056,"date":"2025-01-02T08:25:52","date_gmt":"2025-01-02T08:25:52","guid":{"rendered":"https:\/\/parapharmaciecalifornietah.ma\/?post_type=product&#038;p=12056"},"modified":"2025-01-02T08:25:52","modified_gmt":"2025-01-02T08:25:52","slug":"kin-brosse-a-dents-post-chirurgical","status":"publish","type":"product","link":"https:\/\/calita.ma\/fr\/produit\/kin-brosse-a-dents-post-chirurgical\/","title":{"rendered":"KIN BROSSE A DENTS POST CHIRURGICAL"},"content":{"rendered":"<p>La brosse \u00e0 dents post-chirurgicale KIN se distingue par ses filaments plus doux et plus fins, offrant une flexibilit\u00e9 exceptionnelle pour s\u2019adapter \u00e0 l\u2019\u00e9tat d\u00e9licat des gencives apr\u00e8s une chirurgie orale. Apr\u00e8s ce type d\u2019intervention, o\u00f9 les gencives et les dents peuvent \u00eatre particuli\u00e8rement sensibles, le brossage peut \u00eatre inconfortable, voire douloureux.<\/p>\n<p>Cependant, m\u00eame dans ces circonstances, maintenir une hygi\u00e8ne bucco-dentaire rigoureuse demeure essentiel pour pr\u00e9venir d\u2019\u00e9ventuelles infections. Il est donc recommand\u00e9 d\u2019utiliser une brosse \u00e0 dents sp\u00e9cialement con\u00e7ue pour \u00e9liminer les d\u00e9bris alimentaires et pr\u00e9venir la formation du biofilm sur les dents et les gencives, en suivant toujours les directives de votre dentiste.<\/p>\n<p>La brosse \u00e0 dents post-chirurgicale KIN est dot\u00e9e d\u2019un capuchon protecteur garantissant la propret\u00e9 de la t\u00eate de la brosse, essentiel pour maintenir un \u00e9tat hygi\u00e9nique.<\/p>\n<p>De plus, l\u2019emballage et le bouchon sont respectueux de l\u2019environnement, \u00e9tant enti\u00e8rement recyclables. Une r\u00e9duction significative de 14 % du plastique a \u00e9t\u00e9 r\u00e9alis\u00e9e dans la fabrication de cette brosse par rapport \u00e0 sa version pr\u00e9c\u00e9dente, soulignant son engagement envers la durabilit\u00e9. Pour une personnalisation optimale, diff\u00e9rentes couleurs sont disponibles, permettant \u00e0 chaque membre de la famille de facilement distinguer sa brosse \u00e0 dents.<\/p>\n<p>Les brosses \u00e0 dents post-chirurgicales KIN ont une conception sp\u00e9ciale ax\u00e9e sur une hygi\u00e8ne dentaire quotidienne plus douce. Les filaments ultrafins permettent un brossage d\u00e9licat, et la petite t\u00eate de brosse facilite l\u2019atteinte des zones les plus difficiles, garantissant un nettoyage en profondeur sans inconfort. Le manche ergonomique assure une prise en main optimale de la brosse.<\/p>\n<p><strong>Conseils d\u2019Application:<\/strong><\/p>\n<ul>\n<li>Brossez-vous les dents quotidiennement pendant 2 \u00e0 3 minutes, au moins 3 fois par jour apr\u00e8s chaque repas, en suivant une technique appropri\u00e9e.<\/li>\n<li>Si vous avez subi un traitement chirurgical r\u00e9cent, suivez toujours les directives indiqu\u00e9es par votre dentiste.<\/li>\n<\/ul>","protected":false},"excerpt":{"rendered":"<p>La brosse \u00e0 dents post-chirurgicale KIN se distingue par ses filaments plus doux et plus fins, offrant une flexibilit\u00e9 exceptionnelle pour s\u2019adapter \u00e0 l\u2019\u00e9tat d\u00e9licat&#8230;<\/p>","protected":false},"featured_media":12057,"comment_status":"open","ping_status":"closed","template":"","meta":[],"etheme_brands":[{"term_id":521,"name":"KIN","slug":"kin","term_group":0,"term_taxonomy_id":521,"taxonomy":"brand","description":"","parent":0,"count":9,"filter":"raw"}],"product_brand":[],"product_cat":[127,123,113],"product_tag":[],"class_list":{"0":"post-12056","1":"product","2":"type-product","3":"status-publish","4":"has-post-thumbnail","6":"brand-kin","7":"product_cat-brosse-a-dents","8":"product_cat-dentaire","9":"product_cat-hygiene","11":"first","12":"instock","13":"sale","14":"shipping-taxable","15":"purchasable","16":"product-type-simple"},"_links":{"self":[{"href":"https:\/\/calita.ma\/fr\/wp-json\/wp\/v2\/product\/12056","targetHints":{"allow":["GET"]}}],"collection":[{"href":"https:\/\/calita.ma\/fr\/wp-json\/wp\/v2\/product"}],"about":[{"href":"https:\/\/calita.ma\/fr\/wp-json\/wp\/v2\/types\/product"}],"replies":[{"embeddable":true,"href":"https:\/\/calita.ma\/fr\/wp-json\/wp\/v2\/comments?post=12056"}],"version-history":[{"count":1,"href":"https:\/\/calita.ma\/fr\/wp-json\/wp\/v2\/product\/12056\/revisions"}],"predecessor-version":[{"id":12058,"href":"https:\/\/calita.ma\/fr\/wp-json\/wp\/v2\/product\/12056\/revisions\/12058"}],"wp:featuredmedia":[{"embeddable":true,"href":"https:\/\/calita.ma\/fr\/wp-json\/wp\/v2\/media\/12057"}],"wp:attachment":[{"href":"https:\/\/calita.ma\/fr\/wp-json\/wp\/v2\/media?parent=12056"}],"wp:term":[{"taxonomy":"brand","embeddable":true,"href":"https:\/\/calita.ma\/fr\/wp-json\/wp\/v2\/etheme_brands?post=12056"},{"taxonomy":"product_brand","embeddable":true,"href":"https:\/\/calita.ma\/fr\/wp-json\/wp\/v2\/product_brand?post=12056"},{"taxonomy":"product_cat","embeddable":true,"href":"https:\/\/calita.ma\/fr\/wp-json\/wp\/v2\/product_cat?post=12056"},{"taxonomy":"product_tag","embeddable":true,"href":"https:\/\/calita.ma\/fr\/wp-json\/wp\/v2\/product_tag?post=12056"}],"curies":[{"name":"wp","href":"https:\/\/api.w.org\/{rel}","templated":true}]}}