{"id":12050,"date":"2025-01-02T08:17:03","date_gmt":"2025-01-02T08:17:03","guid":{"rendered":"https:\/\/parapharmaciecalifornietah.ma\/?post_type=product&#038;p=12050"},"modified":"2025-01-02T08:17:03","modified_gmt":"2025-01-02T08:17:03","slug":"perio-aid-gel-dentifrice-0-12-intensive-care-75ml","status":"publish","type":"product","link":"https:\/\/calita.ma\/fr\/produit\/perio-aid-gel-dentifrice-0-12-intensive-care-75ml\/","title":{"rendered":"PERIO-AID GEL DENTIFRICE 0.12% INTENSIVE CARE 75ML"},"content":{"rendered":"<p>Perio Aid Gel Dentifrice 75ml\u00a0Sa formule contient:\u00a0\u2013 Digluconate de chlorhexidine \u00e0 0,12%, antiseptique \u00e0 large spectre \u00e0 longue dur\u00e9e d\u2019action. Propri\u00e9t\u00e9s bact\u00e9ricides et bact\u00e9riostatiques pour restaurer \u2013 et \/ou maintenir la sant\u00e9 bucco-dentaire.<\/p>\n<p>&nbsp;<\/p>\n<p><strong>Indications:<\/strong>\u00a0\u2013 Associ\u00e9 aux traitements parodontaux et implantaires. Infections et inflammations localis\u00e9es, etc. \u2013 Hygi\u00e8ne bucco-dentaire bien adapt\u00e9e en pr\u00e9sence d\u2019appareilset de proth\u00e8ses ou d\u2019implants, du fait de son abrasivit\u00e9 nulle.<\/p>\n<p>&nbsp;<\/p>\n<p>Dentifrice gel\u00a0sans aucun agent anionique, n\u2019alt\u00e8re pas l\u2019efficacit\u00e9 d\u2019un bain de bouche \u00e0 la Chlorhexidine utilis\u00e9 imm\u00e9diatement apr\u00e8s le brossage, contrairement \u00e0 la plupart des dentifrices. Gr\u00e2ce \u00e0 la r\u00e9manence de la chlorhexidine, l\u2019action est prolong\u00e9e pendant 10 \u00e0 12 heures.<\/p>\n<p>&nbsp;<\/p>\n<p>Permet une utilisation en application locale.<\/p>\n<p>&nbsp;<\/p>\n<p><strong>Conseils d\u2019utilisation:<\/strong>\u00a0\u2013 Utiliser comme un dentifrice ordinaire en appliquant une petite quantit\u00e9 de gel sur une brosse \u00e0 dents douce aux brins arrondis. Brosser soigneusement les zones sensibles au moins deux fois par jour, avec des mouvements verticaux depuis les gencives vers les dents. \u2013 La majorit\u00e9 des dentifrices contiennent des d\u00e9tergents qui inactivent la chlorhexidine. Ne pas les utiliser en m\u00eame temps que le Perio-Aid Gel ni avec les bains de bouche Perio.Aid.<\/p>\n<p>&nbsp;<\/p>\n<p><strong>Pr\u00e9sentation:<\/strong>\u00a0\u00b7 gel dentifrice 75 ml<\/p>","protected":false},"excerpt":{"rendered":"<p>Perio Aid Gel Dentifrice 75ml\u00a0Sa formule contient:\u00a0\u2013 Digluconate de chlorhexidine \u00e0 0,12%, antiseptique \u00e0 large spectre \u00e0 longue dur\u00e9e d\u2019action. Propri\u00e9t\u00e9s bact\u00e9ricides et bact\u00e9riostatiques pour&#8230;<\/p>","protected":false},"featured_media":12051,"comment_status":"open","ping_status":"closed","template":"","meta":[],"etheme_brands":[{"term_id":527,"name":"PERIO-AID","slug":"perio-aid","term_group":0,"term_taxonomy_id":527,"taxonomy":"brand","description":"","parent":0,"count":4,"filter":"raw"}],"product_brand":[],"product_cat":[123,125,113],"product_tag":[],"class_list":{"0":"post-12050","1":"product","2":"type-product","3":"status-publish","4":"has-post-thumbnail","6":"brand-perio-aid","7":"product_cat-dentaire","8":"product_cat-dentifrices-dentaire","9":"product_cat-hygiene","11":"first","12":"instock","13":"sale","14":"shipping-taxable","15":"purchasable","16":"product-type-simple"},"_links":{"self":[{"href":"https:\/\/calita.ma\/fr\/wp-json\/wp\/v2\/product\/12050","targetHints":{"allow":["GET"]}}],"collection":[{"href":"https:\/\/calita.ma\/fr\/wp-json\/wp\/v2\/product"}],"about":[{"href":"https:\/\/calita.ma\/fr\/wp-json\/wp\/v2\/types\/product"}],"replies":[{"embeddable":true,"href":"https:\/\/calita.ma\/fr\/wp-json\/wp\/v2\/comments?post=12050"}],"version-history":[{"count":1,"href":"https:\/\/calita.ma\/fr\/wp-json\/wp\/v2\/product\/12050\/revisions"}],"predecessor-version":[{"id":12052,"href":"https:\/\/calita.ma\/fr\/wp-json\/wp\/v2\/product\/12050\/revisions\/12052"}],"wp:featuredmedia":[{"embeddable":true,"href":"https:\/\/calita.ma\/fr\/wp-json\/wp\/v2\/media\/12051"}],"wp:attachment":[{"href":"https:\/\/calita.ma\/fr\/wp-json\/wp\/v2\/media?parent=12050"}],"wp:term":[{"taxonomy":"brand","embeddable":true,"href":"https:\/\/calita.ma\/fr\/wp-json\/wp\/v2\/etheme_brands?post=12050"},{"taxonomy":"product_brand","embeddable":true,"href":"https:\/\/calita.ma\/fr\/wp-json\/wp\/v2\/product_brand?post=12050"},{"taxonomy":"product_cat","embeddable":true,"href":"https:\/\/calita.ma\/fr\/wp-json\/wp\/v2\/product_cat?post=12050"},{"taxonomy":"product_tag","embeddable":true,"href":"https:\/\/calita.ma\/fr\/wp-json\/wp\/v2\/product_tag?post=12050"}],"curies":[{"name":"wp","href":"https:\/\/api.w.org\/{rel}","templated":true}]}}