{"id":12043,"date":"2025-01-02T08:12:13","date_gmt":"2025-01-02T08:12:13","guid":{"rendered":"https:\/\/parapharmaciecalifornietah.ma\/?post_type=product&#038;p=12043"},"modified":"2025-01-02T08:12:13","modified_gmt":"2025-01-02T08:12:13","slug":"perio-aid-active-control-0-05-bain-de-bouche-150ml","status":"publish","type":"product","link":"https:\/\/calita.ma\/fr\/produit\/perio-aid-active-control-0-05-bain-de-bouche-150ml\/","title":{"rendered":"PERIO-AID ACTIVE CONTROL 0.05% BAIN DE BOUCHE 150ML"},"content":{"rendered":"<p>Perio Aid est conseill\u00e9 comme adjuvant \u00e0 l\u2019hygi\u00e8ne buccodentaire en cas de probl\u00e8mes et de traitements au niveau des gencives, apr\u00e8s le placement d\u2019implants dentaires, en cas de saignement ou d\u2019irritation des gencives, dans les situations o\u00f9 l\u2019hygi\u00e8ne buccodentaire n\u00e9cessite des soins suppl\u00e9mentaires, en cas de baisse d\u2019immunit\u00e9, de maladie et\/ou de stress ou dans les situations o\u00f9 le brossage est probl\u00e9matique (\u00e2ge avanc\u00e9, personnes \u00e0 mobilit\u00e9 r\u00e9duite).<\/p>\n<ul>\n<li>Tr\u00e8s efficace contre la plaque dentaire.<\/li>\n<li>Ne contient pas d\u2019alcool.<\/li>\n<li>Doux en bouche.<\/li>\n<li>Seulement 30 secondes de rin\u00e7age.<\/li>\n<li>Convient \u00e0 un usage prolong\u00e9<\/li>\n<\/ul>\n<p><strong>Conseils d&#8217;utilisation:<\/strong><\/p>\n<p>Vous rincer la bouche 2x par jour pendant 30 secondes avec 15 ml de bain de bouche.Maximum 3 mois d\u2019utilisation comme adjuvant \u00e0 l\u2019hygi\u00e8ne buccodentaire.<\/p>","protected":false},"excerpt":{"rendered":"<p>Perio Aid est conseill\u00e9 comme adjuvant \u00e0 l\u2019hygi\u00e8ne buccodentaire en cas de probl\u00e8mes et de traitements au niveau des gencives, apr\u00e8s le placement d\u2019implants dentaires,&#8230;<\/p>","protected":false},"featured_media":12044,"comment_status":"open","ping_status":"closed","template":"","meta":[],"etheme_brands":[{"term_id":527,"name":"PERIO-AID","slug":"perio-aid","term_group":0,"term_taxonomy_id":527,"taxonomy":"brand","description":"","parent":0,"count":4,"filter":"raw"}],"product_brand":[],"product_cat":[126,123,113],"product_tag":[],"class_list":{"0":"post-12043","1":"product","2":"type-product","3":"status-publish","4":"has-post-thumbnail","6":"brand-perio-aid","7":"product_cat-bain-de-bouche","8":"product_cat-dentaire","9":"product_cat-hygiene","11":"first","12":"instock","13":"sale","14":"shipping-taxable","15":"purchasable","16":"product-type-simple"},"_links":{"self":[{"href":"https:\/\/calita.ma\/fr\/wp-json\/wp\/v2\/product\/12043","targetHints":{"allow":["GET"]}}],"collection":[{"href":"https:\/\/calita.ma\/fr\/wp-json\/wp\/v2\/product"}],"about":[{"href":"https:\/\/calita.ma\/fr\/wp-json\/wp\/v2\/types\/product"}],"replies":[{"embeddable":true,"href":"https:\/\/calita.ma\/fr\/wp-json\/wp\/v2\/comments?post=12043"}],"version-history":[{"count":1,"href":"https:\/\/calita.ma\/fr\/wp-json\/wp\/v2\/product\/12043\/revisions"}],"predecessor-version":[{"id":12046,"href":"https:\/\/calita.ma\/fr\/wp-json\/wp\/v2\/product\/12043\/revisions\/12046"}],"wp:featuredmedia":[{"embeddable":true,"href":"https:\/\/calita.ma\/fr\/wp-json\/wp\/v2\/media\/12044"}],"wp:attachment":[{"href":"https:\/\/calita.ma\/fr\/wp-json\/wp\/v2\/media?parent=12043"}],"wp:term":[{"taxonomy":"brand","embeddable":true,"href":"https:\/\/calita.ma\/fr\/wp-json\/wp\/v2\/etheme_brands?post=12043"},{"taxonomy":"product_brand","embeddable":true,"href":"https:\/\/calita.ma\/fr\/wp-json\/wp\/v2\/product_brand?post=12043"},{"taxonomy":"product_cat","embeddable":true,"href":"https:\/\/calita.ma\/fr\/wp-json\/wp\/v2\/product_cat?post=12043"},{"taxonomy":"product_tag","embeddable":true,"href":"https:\/\/calita.ma\/fr\/wp-json\/wp\/v2\/product_tag?post=12043"}],"curies":[{"name":"wp","href":"https:\/\/api.w.org\/{rel}","templated":true}]}}