{"id":12040,"date":"2025-01-02T08:09:25","date_gmt":"2025-01-02T08:09:25","guid":{"rendered":"https:\/\/parapharmaciecalifornietah.ma\/?post_type=product&#038;p=12040"},"modified":"2025-01-02T08:09:25","modified_gmt":"2025-01-02T08:09:25","slug":"perio-aid-0-12-bain-de-bouche","status":"publish","type":"product","link":"https:\/\/calita.ma\/fr\/produit\/perio-aid-0-12-bain-de-bouche\/","title":{"rendered":"PERIO-AID 0.12% BAIN DE BOUCHE"},"content":{"rendered":"<p>Perio\u00b7Aid\u00ae Intensive Care bain de bouche est indiqu\u00e9 pour l&#8217;entretien de la sant\u00e9 parodontale.<\/p>\n<p>Perio\u00b7Aid\u00ae 0,12 bain de bouche garantit un contr\u00f4le optimal du biofilm oral apr\u00e8s un traitement sp\u00e9cifique en clinique. De nombreuses \u00e9tudes cliniques ont prouv\u00e9 son efficacit\u00e9.<\/p>\n<p><strong>COMPOSITION :\u00a0<\/strong><\/p>\n<p>Digluconate de Chlorhexidine 0,12 %<\/p>\n<p>Chlorure de C\u00e9tylpyridinium 0,05 %<\/p>\n<p>Sans alcool.<\/p>\n<p>&nbsp;<\/p>\n<p><strong>INDICATIONS :<\/strong><\/p>\n<p>Permet d&#8217;agir efficacement contre la plaque dentaire (Biofilm)<\/p>\n<p>Aide a garder les gencives saines<\/p>\n<p>Apr\u00e8s les soins dentaires<\/p>\n<p>Convient aux personnes atteintes de la maladie c\u0153liaque, sans gluten.<\/p>\n<p>&nbsp;<\/p>\n<p><strong>CONSEILS D\u2019UTILISATION :<\/strong><\/p>\n<p>Effectuez des bains de bouche avec 15 ml, 2 fois par jour (matin et soir), pendant 30 secondes apr\u00e8s le brossage.<\/p>\n<p>Dans les hydropulseurs, diluez avec de l\u2019eau dans une proportion de 1:1 ou 2:1 (eau:bain de bouche).<\/p>\n<p>Ne pas avaler.<\/p>\n<p><strong>Mise en garde :<\/strong><\/p>\n<p>Il est conseill\u00e9 de ne pas se rincer la bouche avec de l\u2019eau ni d\u2019ing\u00e9rer des aliments imm\u00e9diatement apr\u00e8s l\u2019utilisation de Perio\u00b7Aid 0,12 bain de bouche car cela renforcerait son go\u00fbt amer.<\/p>","protected":false},"excerpt":{"rendered":"<p>Perio\u00b7Aid\u00ae Intensive Care bain de bouche est indiqu\u00e9 pour l&#8217;entretien de la sant\u00e9 parodontale. Perio\u00b7Aid\u00ae 0,12 bain de bouche garantit un contr\u00f4le optimal du biofilm&#8230;<\/p>","protected":false},"featured_media":12041,"comment_status":"open","ping_status":"closed","template":"","meta":[],"etheme_brands":[{"term_id":527,"name":"PERIO-AID","slug":"perio-aid","term_group":0,"term_taxonomy_id":527,"taxonomy":"brand","description":"","parent":0,"count":4,"filter":"raw"}],"product_brand":[],"product_cat":[126,123,113],"product_tag":[],"class_list":{"0":"post-12040","1":"product","2":"type-product","3":"status-publish","4":"has-post-thumbnail","6":"brand-perio-aid","7":"product_cat-bain-de-bouche","8":"product_cat-dentaire","9":"product_cat-hygiene","11":"first","12":"instock","13":"sale","14":"shipping-taxable","15":"purchasable","16":"product-type-simple"},"_links":{"self":[{"href":"https:\/\/calita.ma\/fr\/wp-json\/wp\/v2\/product\/12040","targetHints":{"allow":["GET"]}}],"collection":[{"href":"https:\/\/calita.ma\/fr\/wp-json\/wp\/v2\/product"}],"about":[{"href":"https:\/\/calita.ma\/fr\/wp-json\/wp\/v2\/types\/product"}],"replies":[{"embeddable":true,"href":"https:\/\/calita.ma\/fr\/wp-json\/wp\/v2\/comments?post=12040"}],"version-history":[{"count":1,"href":"https:\/\/calita.ma\/fr\/wp-json\/wp\/v2\/product\/12040\/revisions"}],"predecessor-version":[{"id":12042,"href":"https:\/\/calita.ma\/fr\/wp-json\/wp\/v2\/product\/12040\/revisions\/12042"}],"wp:featuredmedia":[{"embeddable":true,"href":"https:\/\/calita.ma\/fr\/wp-json\/wp\/v2\/media\/12041"}],"wp:attachment":[{"href":"https:\/\/calita.ma\/fr\/wp-json\/wp\/v2\/media?parent=12040"}],"wp:term":[{"taxonomy":"brand","embeddable":true,"href":"https:\/\/calita.ma\/fr\/wp-json\/wp\/v2\/etheme_brands?post=12040"},{"taxonomy":"product_brand","embeddable":true,"href":"https:\/\/calita.ma\/fr\/wp-json\/wp\/v2\/product_brand?post=12040"},{"taxonomy":"product_cat","embeddable":true,"href":"https:\/\/calita.ma\/fr\/wp-json\/wp\/v2\/product_cat?post=12040"},{"taxonomy":"product_tag","embeddable":true,"href":"https:\/\/calita.ma\/fr\/wp-json\/wp\/v2\/product_tag?post=12040"}],"curies":[{"name":"wp","href":"https:\/\/api.w.org\/{rel}","templated":true}]}}