{"id":12037,"date":"2025-01-01T15:38:04","date_gmt":"2025-01-01T15:38:04","guid":{"rendered":"https:\/\/parapharmaciecalifornietah.ma\/?post_type=product&#038;p=12037"},"modified":"2025-01-01T15:38:04","modified_gmt":"2025-01-01T15:38:04","slug":"vitis-junior-brosse-a-dents","status":"publish","type":"product","link":"https:\/\/calita.ma\/fr\/produit\/vitis-junior-brosse-a-dents\/","title":{"rendered":"VITIS JUNIOR BROSSE A DENTS"},"content":{"rendered":"<p>La brosse \u00e0 dents VITIS Junior convient pour l\u2019hygi\u00e8ne bucco-dentaire des enfants \u00e0 partir de 6 ans.<\/p>\n<p>Cette brosse \u00e0 dents con\u00e7ue pour les enfants poss\u00e8de une petite t\u00eate et un coude court pour atteindre facilement toutes les parties de la bouche. Sa t\u00eate de brosse monotouffe sp\u00e9ciale \u00e9limine sans effort la plaque bact\u00e9rienne la plus r\u00e9sistante.<\/p>\n<p>Les soies de la brosse sont fabriqu\u00e9es en Tynex\u00ae et pourvues d\u2019un bout sp\u00e9cial qui \u00e9limine efficacement la plaque bact\u00e9rienne (biofilm oral) sans endommager l\u2019\u00e9mail des dents ou la gencive.<\/p>\n<p>Le manche ergonomique de la Brosse \u00e0 dents VITIS Junior, \u00e9quip\u00e9 de rainures antid\u00e9rapantes, convient parfaitement aux mains des enfants de cet \u00e2ge<\/p>","protected":false},"excerpt":{"rendered":"<p>La brosse \u00e0 dents VITIS Junior convient pour l\u2019hygi\u00e8ne bucco-dentaire des enfants \u00e0 partir de 6 ans. Cette brosse \u00e0 dents con\u00e7ue pour les enfants&#8230;<\/p>","protected":false},"featured_media":12038,"comment_status":"open","ping_status":"closed","template":"","meta":[],"etheme_brands":[{"term_id":526,"name":"VITIS","slug":"vitis","term_group":0,"term_taxonomy_id":526,"taxonomy":"brand","description":"","parent":0,"count":19,"filter":"raw"}],"product_brand":[],"product_cat":[128,123,113],"product_tag":[],"class_list":{"0":"post-12037","1":"product","2":"type-product","3":"status-publish","4":"has-post-thumbnail","6":"brand-vitis","7":"product_cat-brosse-a-dents-enfant","8":"product_cat-dentaire","9":"product_cat-hygiene","11":"first","12":"instock","13":"sale","14":"shipping-taxable","15":"purchasable","16":"product-type-simple"},"_links":{"self":[{"href":"https:\/\/calita.ma\/fr\/wp-json\/wp\/v2\/product\/12037","targetHints":{"allow":["GET"]}}],"collection":[{"href":"https:\/\/calita.ma\/fr\/wp-json\/wp\/v2\/product"}],"about":[{"href":"https:\/\/calita.ma\/fr\/wp-json\/wp\/v2\/types\/product"}],"replies":[{"embeddable":true,"href":"https:\/\/calita.ma\/fr\/wp-json\/wp\/v2\/comments?post=12037"}],"version-history":[{"count":1,"href":"https:\/\/calita.ma\/fr\/wp-json\/wp\/v2\/product\/12037\/revisions"}],"predecessor-version":[{"id":12039,"href":"https:\/\/calita.ma\/fr\/wp-json\/wp\/v2\/product\/12037\/revisions\/12039"}],"wp:featuredmedia":[{"embeddable":true,"href":"https:\/\/calita.ma\/fr\/wp-json\/wp\/v2\/media\/12038"}],"wp:attachment":[{"href":"https:\/\/calita.ma\/fr\/wp-json\/wp\/v2\/media?parent=12037"}],"wp:term":[{"taxonomy":"brand","embeddable":true,"href":"https:\/\/calita.ma\/fr\/wp-json\/wp\/v2\/etheme_brands?post=12037"},{"taxonomy":"product_brand","embeddable":true,"href":"https:\/\/calita.ma\/fr\/wp-json\/wp\/v2\/product_brand?post=12037"},{"taxonomy":"product_cat","embeddable":true,"href":"https:\/\/calita.ma\/fr\/wp-json\/wp\/v2\/product_cat?post=12037"},{"taxonomy":"product_tag","embeddable":true,"href":"https:\/\/calita.ma\/fr\/wp-json\/wp\/v2\/product_tag?post=12037"}],"curies":[{"name":"wp","href":"https:\/\/api.w.org\/{rel}","templated":true}]}}