{"id":12034,"date":"2025-01-01T15:35:56","date_gmt":"2025-01-01T15:35:56","guid":{"rendered":"https:\/\/parapharmaciecalifornietah.ma\/?post_type=product&#038;p=12034"},"modified":"2025-01-01T15:35:56","modified_gmt":"2025-01-01T15:35:56","slug":"vitis-brosse-a-dents-surgical","status":"publish","type":"product","link":"https:\/\/calita.ma\/fr\/produit\/vitis-brosse-a-dents-surgical\/","title":{"rendered":"VITIS BROSSE A DENTS SURGICAL"},"content":{"rendered":"<p>Pour le brossage apr\u00e8s une intervention chirurgicale. Les poils en soie tr\u00e8s doux de Vitis Surgical favorisent une gu\u00e9rison rapide sans endommager la r\u00e9gion de la plaie, et sont g\u00e9n\u00e9ralement conseill\u00e9s pour le nettoyage des dents en cas de gencives tr\u00e8s sensibles.<\/p>\n<p>Son manche en ac\u00e9tate de cellulose est ergonomique, modulable et recyclable. De plus son capuchon protecteur conserve votre brosse de fa\u00e7on hygi\u00e9nique pour pouvoir la porter avec vous.<\/p>","protected":false},"excerpt":{"rendered":"<p>Pour le brossage apr\u00e8s une intervention chirurgicale. Les poils en soie tr\u00e8s doux de Vitis Surgical favorisent une gu\u00e9rison rapide sans endommager la r\u00e9gion de&#8230;<\/p>","protected":false},"featured_media":12035,"comment_status":"open","ping_status":"closed","template":"","meta":[],"etheme_brands":[{"term_id":526,"name":"VITIS","slug":"vitis","term_group":0,"term_taxonomy_id":526,"taxonomy":"brand","description":"","parent":0,"count":19,"filter":"raw"}],"product_brand":[],"product_cat":[127,123,113],"product_tag":[],"class_list":{"0":"post-12034","1":"product","2":"type-product","3":"status-publish","4":"has-post-thumbnail","6":"brand-vitis","7":"product_cat-brosse-a-dents","8":"product_cat-dentaire","9":"product_cat-hygiene","11":"first","12":"instock","13":"sale","14":"shipping-taxable","15":"purchasable","16":"product-type-simple"},"_links":{"self":[{"href":"https:\/\/calita.ma\/fr\/wp-json\/wp\/v2\/product\/12034","targetHints":{"allow":["GET"]}}],"collection":[{"href":"https:\/\/calita.ma\/fr\/wp-json\/wp\/v2\/product"}],"about":[{"href":"https:\/\/calita.ma\/fr\/wp-json\/wp\/v2\/types\/product"}],"replies":[{"embeddable":true,"href":"https:\/\/calita.ma\/fr\/wp-json\/wp\/v2\/comments?post=12034"}],"version-history":[{"count":1,"href":"https:\/\/calita.ma\/fr\/wp-json\/wp\/v2\/product\/12034\/revisions"}],"predecessor-version":[{"id":12036,"href":"https:\/\/calita.ma\/fr\/wp-json\/wp\/v2\/product\/12034\/revisions\/12036"}],"wp:featuredmedia":[{"embeddable":true,"href":"https:\/\/calita.ma\/fr\/wp-json\/wp\/v2\/media\/12035"}],"wp:attachment":[{"href":"https:\/\/calita.ma\/fr\/wp-json\/wp\/v2\/media?parent=12034"}],"wp:term":[{"taxonomy":"brand","embeddable":true,"href":"https:\/\/calita.ma\/fr\/wp-json\/wp\/v2\/etheme_brands?post=12034"},{"taxonomy":"product_brand","embeddable":true,"href":"https:\/\/calita.ma\/fr\/wp-json\/wp\/v2\/product_brand?post=12034"},{"taxonomy":"product_cat","embeddable":true,"href":"https:\/\/calita.ma\/fr\/wp-json\/wp\/v2\/product_cat?post=12034"},{"taxonomy":"product_tag","embeddable":true,"href":"https:\/\/calita.ma\/fr\/wp-json\/wp\/v2\/product_tag?post=12034"}],"curies":[{"name":"wp","href":"https:\/\/api.w.org\/{rel}","templated":true}]}}