{"id":12030,"date":"2025-01-01T15:34:03","date_gmt":"2025-01-01T15:34:03","guid":{"rendered":"https:\/\/parapharmaciecalifornietah.ma\/?post_type=product&#038;p=12030"},"modified":"2025-01-01T15:34:03","modified_gmt":"2025-01-01T15:34:03","slug":"vitis-brosse-a-dents-gingival","status":"publish","type":"product","link":"https:\/\/calita.ma\/fr\/produit\/vitis-brosse-a-dents-gingival\/","title":{"rendered":"VITIS BROSSE A DENTS GINGIVAL"},"content":{"rendered":"<p>Brosse \u00e0 dents \u00e0 petite t\u00eate de brosse pour un usage quotidien Les poils doux et arrondis conviennent parfaitement au nettoyage des gencives sensibles et\/ou enflamm\u00e9es La petite t\u00eate de brosse facilite le nettoyage \u00e0 l\u2019arri\u00e8re de la bouche<\/p>","protected":false},"excerpt":{"rendered":"<p>Brosse \u00e0 dents \u00e0 petite t\u00eate de brosse pour un usage quotidien Les poils doux et arrondis conviennent parfaitement au nettoyage des gencives sensibles et\/ou&#8230;<\/p>","protected":false},"featured_media":12032,"comment_status":"open","ping_status":"closed","template":"","meta":[],"etheme_brands":[{"term_id":526,"name":"VITIS","slug":"vitis","term_group":0,"term_taxonomy_id":526,"taxonomy":"brand","description":"","parent":0,"count":19,"filter":"raw"}],"product_brand":[],"product_cat":[127,123,113],"product_tag":[],"class_list":{"0":"post-12030","1":"product","2":"type-product","3":"status-publish","4":"has-post-thumbnail","6":"brand-vitis","7":"product_cat-brosse-a-dents","8":"product_cat-dentaire","9":"product_cat-hygiene","11":"first","12":"instock","13":"sale","14":"shipping-taxable","15":"purchasable","16":"product-type-simple"},"_links":{"self":[{"href":"https:\/\/calita.ma\/fr\/wp-json\/wp\/v2\/product\/12030","targetHints":{"allow":["GET"]}}],"collection":[{"href":"https:\/\/calita.ma\/fr\/wp-json\/wp\/v2\/product"}],"about":[{"href":"https:\/\/calita.ma\/fr\/wp-json\/wp\/v2\/types\/product"}],"replies":[{"embeddable":true,"href":"https:\/\/calita.ma\/fr\/wp-json\/wp\/v2\/comments?post=12030"}],"version-history":[{"count":1,"href":"https:\/\/calita.ma\/fr\/wp-json\/wp\/v2\/product\/12030\/revisions"}],"predecessor-version":[{"id":12033,"href":"https:\/\/calita.ma\/fr\/wp-json\/wp\/v2\/product\/12030\/revisions\/12033"}],"wp:featuredmedia":[{"embeddable":true,"href":"https:\/\/calita.ma\/fr\/wp-json\/wp\/v2\/media\/12032"}],"wp:attachment":[{"href":"https:\/\/calita.ma\/fr\/wp-json\/wp\/v2\/media?parent=12030"}],"wp:term":[{"taxonomy":"brand","embeddable":true,"href":"https:\/\/calita.ma\/fr\/wp-json\/wp\/v2\/etheme_brands?post=12030"},{"taxonomy":"product_brand","embeddable":true,"href":"https:\/\/calita.ma\/fr\/wp-json\/wp\/v2\/product_brand?post=12030"},{"taxonomy":"product_cat","embeddable":true,"href":"https:\/\/calita.ma\/fr\/wp-json\/wp\/v2\/product_cat?post=12030"},{"taxonomy":"product_tag","embeddable":true,"href":"https:\/\/calita.ma\/fr\/wp-json\/wp\/v2\/product_tag?post=12030"}],"curies":[{"name":"wp","href":"https:\/\/api.w.org\/{rel}","templated":true}]}}