{"id":12027,"date":"2025-01-01T15:32:09","date_gmt":"2025-01-01T15:32:09","guid":{"rendered":"https:\/\/parapharmaciecalifornietah.ma\/?post_type=product&#038;p=12027"},"modified":"2025-01-01T15:32:09","modified_gmt":"2025-01-01T15:32:09","slug":"vitis-brosse-a-dents-soft","status":"publish","type":"product","link":"https:\/\/calita.ma\/fr\/produit\/vitis-brosse-a-dents-soft\/","title":{"rendered":"VITIS BROSSE A DENTS SOFT"},"content":{"rendered":"<p>Cette brosse a une grande\u00a0<strong>mall\u00e9abilit\u00e9 et un caract\u00e8re ergonomique<\/strong>, ce qui en fait un instrument tr\u00e8s appropri\u00e9 pour ceux qui ont une petite ouverture de bouche et peu accessible.En plus des soies\u00a0<strong>douces et d\u00e9licates qui<\/strong>\u00a0prot\u00e8gent au maximum la structure de la gencive, l\u2019un des principaux avantages de la brosse \u00e0 dents souple Vitis\u00ae Access est que gr\u00e2ce \u00e0 sa petite t\u00eate, elle acc\u00e8de aux cavit\u00e9s de la cavit\u00e9 buccale, m\u00eame celles situ\u00e9es \u00e0 l\u2019arri\u00e8re de la bouche.<\/p>","protected":false},"excerpt":{"rendered":"<p>Cette brosse a une grande\u00a0mall\u00e9abilit\u00e9 et un caract\u00e8re ergonomique, ce qui en fait un instrument tr\u00e8s appropri\u00e9 pour ceux qui ont une petite ouverture de&#8230;<\/p>","protected":false},"featured_media":12028,"comment_status":"open","ping_status":"closed","template":"","meta":[],"etheme_brands":[{"term_id":526,"name":"VITIS","slug":"vitis","term_group":0,"term_taxonomy_id":526,"taxonomy":"brand","description":"","parent":0,"count":19,"filter":"raw"}],"product_brand":[],"product_cat":[127,123,113],"product_tag":[],"class_list":{"0":"post-12027","1":"product","2":"type-product","3":"status-publish","4":"has-post-thumbnail","6":"brand-vitis","7":"product_cat-brosse-a-dents","8":"product_cat-dentaire","9":"product_cat-hygiene","11":"first","12":"instock","13":"sale","14":"shipping-taxable","15":"purchasable","16":"product-type-simple"},"_links":{"self":[{"href":"https:\/\/calita.ma\/fr\/wp-json\/wp\/v2\/product\/12027","targetHints":{"allow":["GET"]}}],"collection":[{"href":"https:\/\/calita.ma\/fr\/wp-json\/wp\/v2\/product"}],"about":[{"href":"https:\/\/calita.ma\/fr\/wp-json\/wp\/v2\/types\/product"}],"replies":[{"embeddable":true,"href":"https:\/\/calita.ma\/fr\/wp-json\/wp\/v2\/comments?post=12027"}],"version-history":[{"count":1,"href":"https:\/\/calita.ma\/fr\/wp-json\/wp\/v2\/product\/12027\/revisions"}],"predecessor-version":[{"id":12029,"href":"https:\/\/calita.ma\/fr\/wp-json\/wp\/v2\/product\/12027\/revisions\/12029"}],"wp:featuredmedia":[{"embeddable":true,"href":"https:\/\/calita.ma\/fr\/wp-json\/wp\/v2\/media\/12028"}],"wp:attachment":[{"href":"https:\/\/calita.ma\/fr\/wp-json\/wp\/v2\/media?parent=12027"}],"wp:term":[{"taxonomy":"brand","embeddable":true,"href":"https:\/\/calita.ma\/fr\/wp-json\/wp\/v2\/etheme_brands?post=12027"},{"taxonomy":"product_brand","embeddable":true,"href":"https:\/\/calita.ma\/fr\/wp-json\/wp\/v2\/product_brand?post=12027"},{"taxonomy":"product_cat","embeddable":true,"href":"https:\/\/calita.ma\/fr\/wp-json\/wp\/v2\/product_cat?post=12027"},{"taxonomy":"product_tag","embeddable":true,"href":"https:\/\/calita.ma\/fr\/wp-json\/wp\/v2\/product_tag?post=12027"}],"curies":[{"name":"wp","href":"https:\/\/api.w.org\/{rel}","templated":true}]}}