{"id":12024,"date":"2025-01-01T15:29:45","date_gmt":"2025-01-01T15:29:45","guid":{"rendered":"https:\/\/parapharmaciecalifornietah.ma\/?post_type=product&#038;p=12024"},"modified":"2025-01-01T15:29:45","modified_gmt":"2025-01-01T15:29:45","slug":"vitis-brosse-a-dents-sensitive","status":"publish","type":"product","link":"https:\/\/calita.ma\/fr\/produit\/vitis-brosse-a-dents-sensitive\/","title":{"rendered":"VITIS BROSSE A DENTS SENSITIVE"},"content":{"rendered":"<p>Brosse \u00e0 dents douce\u00a0: \u00e9limine efficacement la plaque dentaire, tout en soignant et en prot\u00e9geant la gencive. Convient parfaitement \u00e0 un usage quotidien en combinaison avec le dentifrice VITIS sensitive.<br \/>\n1 brosse \u00e0 dents Vitis Gencives Saines\u00a0par emballage. Inclut un capuchon de protection pratique pour la t\u00eate de brosse.<\/p>\n<p>Se brosser les dents 2x par jour avec la brosse \u00e0 dents VITIS sensitive<\/p>","protected":false},"excerpt":{"rendered":"<p>Brosse \u00e0 dents douce\u00a0: \u00e9limine efficacement la plaque dentaire, tout en soignant et en prot\u00e9geant la gencive. Convient parfaitement \u00e0 un usage quotidien en combinaison&#8230;<\/p>","protected":false},"featured_media":12025,"comment_status":"open","ping_status":"closed","template":"","meta":[],"etheme_brands":[{"term_id":526,"name":"VITIS","slug":"vitis","term_group":0,"term_taxonomy_id":526,"taxonomy":"brand","description":"","parent":0,"count":19,"filter":"raw"}],"product_brand":[],"product_cat":[127,123,113],"product_tag":[],"class_list":{"0":"post-12024","1":"product","2":"type-product","3":"status-publish","4":"has-post-thumbnail","6":"brand-vitis","7":"product_cat-brosse-a-dents","8":"product_cat-dentaire","9":"product_cat-hygiene","11":"first","12":"instock","13":"sale","14":"shipping-taxable","15":"purchasable","16":"product-type-simple"},"_links":{"self":[{"href":"https:\/\/calita.ma\/fr\/wp-json\/wp\/v2\/product\/12024","targetHints":{"allow":["GET"]}}],"collection":[{"href":"https:\/\/calita.ma\/fr\/wp-json\/wp\/v2\/product"}],"about":[{"href":"https:\/\/calita.ma\/fr\/wp-json\/wp\/v2\/types\/product"}],"replies":[{"embeddable":true,"href":"https:\/\/calita.ma\/fr\/wp-json\/wp\/v2\/comments?post=12024"}],"version-history":[{"count":1,"href":"https:\/\/calita.ma\/fr\/wp-json\/wp\/v2\/product\/12024\/revisions"}],"predecessor-version":[{"id":12026,"href":"https:\/\/calita.ma\/fr\/wp-json\/wp\/v2\/product\/12024\/revisions\/12026"}],"wp:featuredmedia":[{"embeddable":true,"href":"https:\/\/calita.ma\/fr\/wp-json\/wp\/v2\/media\/12025"}],"wp:attachment":[{"href":"https:\/\/calita.ma\/fr\/wp-json\/wp\/v2\/media?parent=12024"}],"wp:term":[{"taxonomy":"brand","embeddable":true,"href":"https:\/\/calita.ma\/fr\/wp-json\/wp\/v2\/etheme_brands?post=12024"},{"taxonomy":"product_brand","embeddable":true,"href":"https:\/\/calita.ma\/fr\/wp-json\/wp\/v2\/product_brand?post=12024"},{"taxonomy":"product_cat","embeddable":true,"href":"https:\/\/calita.ma\/fr\/wp-json\/wp\/v2\/product_cat?post=12024"},{"taxonomy":"product_tag","embeddable":true,"href":"https:\/\/calita.ma\/fr\/wp-json\/wp\/v2\/product_tag?post=12024"}],"curies":[{"name":"wp","href":"https:\/\/api.w.org\/{rel}","templated":true}]}}