{"id":12020,"date":"2025-01-01T15:23:26","date_gmt":"2025-01-01T15:23:26","guid":{"rendered":"https:\/\/parapharmaciecalifornietah.ma\/?post_type=product&#038;p=12020"},"modified":"2025-01-01T15:23:26","modified_gmt":"2025-01-01T15:23:26","slug":"vitis-orthodontic-brosse-a-dent-orthodontic-dentifrice-15ml","status":"publish","type":"product","link":"https:\/\/calita.ma\/fr\/produit\/vitis-orthodontic-brosse-a-dent-orthodontic-dentifrice-15ml\/","title":{"rendered":"VITIS ORTHODONTIC BROSSE A DENT + ORTHODONTIC DENTIFRICE 15ML"},"content":{"rendered":"<p>VITIS Orthodontic est un pinceau et une t\u00eate de dimensions normales avec des filaments mous et moyens.\u00a0Sa caract\u00e9ristique principale est que les filaments ont un profil en V sp\u00e9cial qui permet un double effet de nettoyage: en plus de nettoyer les zones d\u2019acc\u00e8s plus difficile aux appareils orthodontiques o\u00f9 les bact\u00e9ries s\u2019accumulent plus facilement, elles couvrent \u00e9galement la zone de les gencives.<\/p>","protected":false},"excerpt":{"rendered":"<p>VITIS Orthodontic est un pinceau et une t\u00eate de dimensions normales avec des filaments mous et moyens.\u00a0Sa caract\u00e9ristique principale est que les filaments ont un&#8230;<\/p>","protected":false},"featured_media":12021,"comment_status":"open","ping_status":"closed","template":"","meta":[],"etheme_brands":[{"term_id":526,"name":"VITIS","slug":"vitis","term_group":0,"term_taxonomy_id":526,"taxonomy":"brand","description":"","parent":0,"count":19,"filter":"raw"}],"product_brand":[],"product_cat":[127,123,113],"product_tag":[],"class_list":{"0":"post-12020","1":"product","2":"type-product","3":"status-publish","4":"has-post-thumbnail","6":"brand-vitis","7":"product_cat-brosse-a-dents","8":"product_cat-dentaire","9":"product_cat-hygiene","11":"first","12":"instock","13":"sale","14":"shipping-taxable","15":"purchasable","16":"product-type-simple"},"_links":{"self":[{"href":"https:\/\/calita.ma\/fr\/wp-json\/wp\/v2\/product\/12020","targetHints":{"allow":["GET"]}}],"collection":[{"href":"https:\/\/calita.ma\/fr\/wp-json\/wp\/v2\/product"}],"about":[{"href":"https:\/\/calita.ma\/fr\/wp-json\/wp\/v2\/types\/product"}],"replies":[{"embeddable":true,"href":"https:\/\/calita.ma\/fr\/wp-json\/wp\/v2\/comments?post=12020"}],"version-history":[{"count":1,"href":"https:\/\/calita.ma\/fr\/wp-json\/wp\/v2\/product\/12020\/revisions"}],"predecessor-version":[{"id":12023,"href":"https:\/\/calita.ma\/fr\/wp-json\/wp\/v2\/product\/12020\/revisions\/12023"}],"wp:featuredmedia":[{"embeddable":true,"href":"https:\/\/calita.ma\/fr\/wp-json\/wp\/v2\/media\/12021"}],"wp:attachment":[{"href":"https:\/\/calita.ma\/fr\/wp-json\/wp\/v2\/media?parent=12020"}],"wp:term":[{"taxonomy":"brand","embeddable":true,"href":"https:\/\/calita.ma\/fr\/wp-json\/wp\/v2\/etheme_brands?post=12020"},{"taxonomy":"product_brand","embeddable":true,"href":"https:\/\/calita.ma\/fr\/wp-json\/wp\/v2\/product_brand?post=12020"},{"taxonomy":"product_cat","embeddable":true,"href":"https:\/\/calita.ma\/fr\/wp-json\/wp\/v2\/product_cat?post=12020"},{"taxonomy":"product_tag","embeddable":true,"href":"https:\/\/calita.ma\/fr\/wp-json\/wp\/v2\/product_tag?post=12020"}],"curies":[{"name":"wp","href":"https:\/\/api.w.org\/{rel}","templated":true}]}}