{"id":12010,"date":"2025-01-01T15:11:44","date_gmt":"2025-01-01T15:11:44","guid":{"rendered":"https:\/\/parapharmaciecalifornietah.ma\/?post_type=product&#038;p=12010"},"modified":"2025-01-01T15:11:44","modified_gmt":"2025-01-01T15:11:44","slug":"vitis-kids-gel-dentifrice-50ml","status":"publish","type":"product","link":"https:\/\/calita.ma\/fr\/produit\/vitis-kids-gel-dentifrice-50ml\/","title":{"rendered":"VITIS KIDS GEL DENTIFRICE 50ML"},"content":{"rendered":"<p>Gr\u00e2ce \u00e0 sa teneur en fluorure et en xylitol, il pr\u00e9vient efficacement l\u2019apparition de la carie et remin\u00e9ralise l\u2019\u00e9mail des dents, tout en procurant une agr\u00e9able sensation de fra\u00eecheur en bouche. De plus, en raison de son faible indice d\u2019abra-sivit\u00e9, il n\u2019endommage pas les dents pendant le brossage.<\/p>\n<p>Son go\u00fbt de cerise, test\u00e9 sur les enfants de cet \u00e2ge, aide les plus petits \u00e0 prendre l\u2019habitude de se brosser les cheveux et en fait un moment agr\u00e9able pour eux.<\/p>","protected":false},"excerpt":{"rendered":"<p>Gr\u00e2ce \u00e0 sa teneur en fluorure et en xylitol, il pr\u00e9vient efficacement l\u2019apparition de la carie et remin\u00e9ralise l\u2019\u00e9mail des dents, tout en procurant une&#8230;<\/p>","protected":false},"featured_media":12012,"comment_status":"open","ping_status":"closed","template":"","meta":[],"etheme_brands":[{"term_id":526,"name":"VITIS","slug":"vitis","term_group":0,"term_taxonomy_id":526,"taxonomy":"brand","description":"","parent":0,"count":19,"filter":"raw"}],"product_brand":[],"product_cat":[123,125,113],"product_tag":[],"class_list":{"0":"post-12010","1":"product","2":"type-product","3":"status-publish","4":"has-post-thumbnail","6":"brand-vitis","7":"product_cat-dentaire","8":"product_cat-dentifrices-dentaire","9":"product_cat-hygiene","11":"first","12":"instock","13":"sale","14":"shipping-taxable","15":"purchasable","16":"product-type-simple"},"_links":{"self":[{"href":"https:\/\/calita.ma\/fr\/wp-json\/wp\/v2\/product\/12010","targetHints":{"allow":["GET"]}}],"collection":[{"href":"https:\/\/calita.ma\/fr\/wp-json\/wp\/v2\/product"}],"about":[{"href":"https:\/\/calita.ma\/fr\/wp-json\/wp\/v2\/types\/product"}],"replies":[{"embeddable":true,"href":"https:\/\/calita.ma\/fr\/wp-json\/wp\/v2\/comments?post=12010"}],"version-history":[{"count":1,"href":"https:\/\/calita.ma\/fr\/wp-json\/wp\/v2\/product\/12010\/revisions"}],"predecessor-version":[{"id":12013,"href":"https:\/\/calita.ma\/fr\/wp-json\/wp\/v2\/product\/12010\/revisions\/12013"}],"wp:featuredmedia":[{"embeddable":true,"href":"https:\/\/calita.ma\/fr\/wp-json\/wp\/v2\/media\/12012"}],"wp:attachment":[{"href":"https:\/\/calita.ma\/fr\/wp-json\/wp\/v2\/media?parent=12010"}],"wp:term":[{"taxonomy":"brand","embeddable":true,"href":"https:\/\/calita.ma\/fr\/wp-json\/wp\/v2\/etheme_brands?post=12010"},{"taxonomy":"product_brand","embeddable":true,"href":"https:\/\/calita.ma\/fr\/wp-json\/wp\/v2\/product_brand?post=12010"},{"taxonomy":"product_cat","embeddable":true,"href":"https:\/\/calita.ma\/fr\/wp-json\/wp\/v2\/product_cat?post=12010"},{"taxonomy":"product_tag","embeddable":true,"href":"https:\/\/calita.ma\/fr\/wp-json\/wp\/v2\/product_tag?post=12010"}],"curies":[{"name":"wp","href":"https:\/\/api.w.org\/{rel}","templated":true}]}}