{"id":12007,"date":"2025-01-01T14:56:31","date_gmt":"2025-01-01T14:56:31","guid":{"rendered":"https:\/\/parapharmaciecalifornietah.ma\/?post_type=product&#038;p=12007"},"modified":"2025-01-01T14:56:32","modified_gmt":"2025-01-01T14:56:32","slug":"vitis-orthodontic-dentifrice-100ml","status":"publish","type":"product","link":"https:\/\/calita.ma\/fr\/produit\/vitis-orthodontic-dentifrice-100ml\/","title":{"rendered":"VITIS ORTHODONTIC DENTIFRICE 100ML"},"content":{"rendered":"<p>Le dentifrice orthodontique VITIS offre une pr\u00e9vention quotidienne des probl\u00e8mes courants li\u00e9s au traitement orthodontique: l\u00e9sions, ulc\u00e8res, accumulation de biofilm oral (plaque bact\u00e9rienne), gingivite, d\u00e9min\u00e9ralisation de l\u2019\u00e9mail des dents, halitose, etc. Il est utilis\u00e9 au quotidien ingr\u00e9dients pour maintenir une bouche saine;\u00a0il inhibe la formation de biofilm oral, prot\u00e8ge la bouche, les dents, les gencives et les muqueuses buccales, tout en remin\u00e9ralisant l\u2019\u00e9mail et en pr\u00e9venant les caries dentaires.<br \/>\n\u2022 Sp\u00e9cialement formul\u00e9 pour prot\u00e9ger les patients orthodontiques\u00a0 \u00a0 \u00a0 \u00a0 \u00a0 \u00a0 \u00a0 \u00a0 \u00a0 \u00a0 \u00a0 \u00a0 \u00a0 \u00a0 \u00a0 \u00a0 \u00a0 \u00a0 \u00a0 \u00a0 \u00a0 \u00a0 \u00a0 \u00a0 \u00a0 \u00a0 \u00a0 \u2022\u00a01450 ppm de fluorure pour pr\u00e9venir les caries dentaires\u00a0 \u00a0 \u00a0 \u00a0 \u00a0 \u00a0 \u00a0 \u00a0 \u00a0 \u00a0 \u00a0 \u00a0 \u00a0 \u00a0 \u00a0 \u00a0 \u00a0 \u00a0 \u00a0 \u00a0 \u00a0 \u00a0 \u00a0 \u00a0 \u00a0\u2022\u00a0antimicrobien efficace pour prot\u00e9ger les dents et les gencives\u00a0 \u00a0 \u00a0 \u00a0 \u00a0 \u00a0 \u00a0 \u00a0 \u00a0 \u00a0 \u00a0 \u00a0 \u00a0 \u00a0 \u00a0 \u00a0 \u00a0 \u00a0 \u00a0 \u00a0 \u00a0 \u00a0 \u00a0 \u00a0 \u00a0 \u00a0 \u00a0 \u00a0 \u00a0 \u00a0 \u00a0\u2022\u00a0Aloe vera pour lisser\u00a0 \u00a0 \u00a0 \u00a0 \u00a0 \u00a0 \u00a0 \u00a0 \u00a0 \u00a0 \u00a0 \u00a0 \u00a0 \u00a0 \u00a0 \u00a0 \u00a0 \u00a0 \u00a0 \u00a0 \u00a0 \u00a0 \u00a0 \u00a0 \u00a0 \u00a0 \u00a0 \u00a0 \u00a0 \u00a0 \u00a0 \u00a0 \u00a0 \u00a0 \u00a0 \u00a0 \u00a0 \u00a0 \u00a0 \u00a0 \u00a0 \u00a0 \u00a0 \u00a0 \u00a0 \u00a0 \u00a0 \u00a0 \u00a0 \u00a0 \u00a0 \u00a0 \u00a0 \u00a0 \u00a0 \u00a0 \u00a0 \u00a0 \u00a0 \u00a0 \u00a0 \u00a0 \u00a0\u2022l\u2019\u00a0Allanto\u00efne pour aider \u00e0 r\u00e9parer rapidement les l\u00e9sions caus\u00e9es par frottement du corset\u00a0 \u00a0 \u00a0 \u00a0 \u00a0 \u00a0 \u00a0 \u00a0\u00a0Agr\u00e9able dentifrice aromatis\u00e9\u00a0 pomme menthe douce<br \/>\nLa texture semi \u2013\u00a0liquide pour une\u00a0meilleure dispersion autour de\u00a0la bouche<br \/>\nIngr\u00e9dients:<br \/>\nAqua, Sorbitol, silice, Glyc\u00e9rine, gomme xanthane, dioxyde de titane, l\u2019\u00a0ar\u00f4me, Laurylsulfate de\u00a0sodium, Xylitol, soidum gluconate, fluorure de\u00a0sodium Saccharine sodique, m\u00e9thylparab\u00e8ne sodique, Aloe Barbadensis, allanto\u00efne, chlorure de c\u00e9tylpyridinium, acide lactique, limon\u00e8ne.<\/p>","protected":false},"excerpt":{"rendered":"<p>Le dentifrice orthodontique VITIS offre une pr\u00e9vention quotidienne des probl\u00e8mes courants li\u00e9s au traitement orthodontique: l\u00e9sions, ulc\u00e8res, accumulation de biofilm oral (plaque bact\u00e9rienne), gingivite, d\u00e9min\u00e9ralisation&#8230;<\/p>","protected":false},"featured_media":12008,"comment_status":"open","ping_status":"closed","template":"","meta":[],"etheme_brands":[{"term_id":526,"name":"VITIS","slug":"vitis","term_group":0,"term_taxonomy_id":526,"taxonomy":"brand","description":"","parent":0,"count":19,"filter":"raw"}],"product_brand":[],"product_cat":[123,125,113],"product_tag":[],"class_list":{"0":"post-12007","1":"product","2":"type-product","3":"status-publish","4":"has-post-thumbnail","6":"brand-vitis","7":"product_cat-dentaire","8":"product_cat-dentifrices-dentaire","9":"product_cat-hygiene","11":"first","12":"instock","13":"sale","14":"shipping-taxable","15":"purchasable","16":"product-type-simple"},"_links":{"self":[{"href":"https:\/\/calita.ma\/fr\/wp-json\/wp\/v2\/product\/12007","targetHints":{"allow":["GET"]}}],"collection":[{"href":"https:\/\/calita.ma\/fr\/wp-json\/wp\/v2\/product"}],"about":[{"href":"https:\/\/calita.ma\/fr\/wp-json\/wp\/v2\/types\/product"}],"replies":[{"embeddable":true,"href":"https:\/\/calita.ma\/fr\/wp-json\/wp\/v2\/comments?post=12007"}],"version-history":[{"count":1,"href":"https:\/\/calita.ma\/fr\/wp-json\/wp\/v2\/product\/12007\/revisions"}],"predecessor-version":[{"id":12009,"href":"https:\/\/calita.ma\/fr\/wp-json\/wp\/v2\/product\/12007\/revisions\/12009"}],"wp:featuredmedia":[{"embeddable":true,"href":"https:\/\/calita.ma\/fr\/wp-json\/wp\/v2\/media\/12008"}],"wp:attachment":[{"href":"https:\/\/calita.ma\/fr\/wp-json\/wp\/v2\/media?parent=12007"}],"wp:term":[{"taxonomy":"brand","embeddable":true,"href":"https:\/\/calita.ma\/fr\/wp-json\/wp\/v2\/etheme_brands?post=12007"},{"taxonomy":"product_brand","embeddable":true,"href":"https:\/\/calita.ma\/fr\/wp-json\/wp\/v2\/product_brand?post=12007"},{"taxonomy":"product_cat","embeddable":true,"href":"https:\/\/calita.ma\/fr\/wp-json\/wp\/v2\/product_cat?post=12007"},{"taxonomy":"product_tag","embeddable":true,"href":"https:\/\/calita.ma\/fr\/wp-json\/wp\/v2\/product_tag?post=12007"}],"curies":[{"name":"wp","href":"https:\/\/api.w.org\/{rel}","templated":true}]}}