{"id":11975,"date":"2025-01-01T12:15:18","date_gmt":"2025-01-01T12:15:18","guid":{"rendered":"https:\/\/parapharmaciecalifornietah.ma\/?post_type=product&#038;p=11975"},"modified":"2025-01-01T12:15:18","modified_gmt":"2025-01-01T12:15:18","slug":"elgydium-brosse-a-dents-junior-7-12ans","status":"publish","type":"product","link":"https:\/\/calita.ma\/fr\/produit\/elgydium-brosse-a-dents-junior-7-12ans\/","title":{"rendered":"ELGYDIUM BROSSE A DENTS JUNIOR 7-12ANS"},"content":{"rendered":"<p>Un bon brossage apr\u00e8s les repas, d\u00e8s que les premi\u00e8res dents d\u00e9finitives apparaissent, est une habitude que devraient prendre tous les enfants et pr\u00e9-adolescents. La flexibilit\u00e9 de l&#8217;implantation des brins souples et la taille de la t\u00eate de la brosse \u00e0 dents ELGYDIUM Junior sont parfaitement adapt\u00e9es \u00e0 la morphologie des 7\/12 ans. La brosse \u00e0 dents enfant respecte les dents et les gencives et facilite le nettoyage des zones interdentaires. Pour un geste de brossage id\u00e9al, d\u00e8s maintenant !<\/p>\n<p><strong>Les bienfaits :<\/strong><\/p>\n<p>\u2022 ADAPT\u00c9E aux enfants et pr\u00e9-adolescents entre 7 et 12 ans.<br \/>\n\u2022 DOUCE, la brosse \u00e0 dents ELGYDIUM Junior est compos\u00e9e de brins arrondis non traumatisants pour les gencives et les dents.<br \/>\n\u2022 PR\u00c9CISE: gr\u00e2ce \u00e0 sa coupe en bouquet qui nettoie entre les dents.<\/p>\n<p><strong>Conseils d&#8217;utilisation:<\/strong><\/p>\n<p>Il est recommand\u00e9 de se brosser les dents apr\u00e8s chaque repas, 2 \u00e0 3 fois par jour, pendant 2 minutes<\/p>","protected":false},"excerpt":{"rendered":"<p>Un bon brossage apr\u00e8s les repas, d\u00e8s que les premi\u00e8res dents d\u00e9finitives apparaissent, est une habitude que devraient prendre tous les enfants et pr\u00e9-adolescents. La&#8230;<\/p>","protected":false},"featured_media":11976,"comment_status":"open","ping_status":"closed","template":"","meta":[],"etheme_brands":[{"term_id":525,"name":"ELGYDIUM","slug":"elgydium","term_group":0,"term_taxonomy_id":525,"taxonomy":"brand","description":"","parent":0,"count":18,"filter":"raw"}],"product_brand":[],"product_cat":[127,123,113],"product_tag":[],"class_list":{"0":"post-11975","1":"product","2":"type-product","3":"status-publish","4":"has-post-thumbnail","6":"brand-elgydium","7":"product_cat-brosse-a-dents","8":"product_cat-dentaire","9":"product_cat-hygiene","11":"first","12":"instock","13":"sale","14":"shipping-taxable","15":"purchasable","16":"product-type-simple"},"_links":{"self":[{"href":"https:\/\/calita.ma\/fr\/wp-json\/wp\/v2\/product\/11975","targetHints":{"allow":["GET"]}}],"collection":[{"href":"https:\/\/calita.ma\/fr\/wp-json\/wp\/v2\/product"}],"about":[{"href":"https:\/\/calita.ma\/fr\/wp-json\/wp\/v2\/types\/product"}],"replies":[{"embeddable":true,"href":"https:\/\/calita.ma\/fr\/wp-json\/wp\/v2\/comments?post=11975"}],"version-history":[{"count":1,"href":"https:\/\/calita.ma\/fr\/wp-json\/wp\/v2\/product\/11975\/revisions"}],"predecessor-version":[{"id":11977,"href":"https:\/\/calita.ma\/fr\/wp-json\/wp\/v2\/product\/11975\/revisions\/11977"}],"wp:featuredmedia":[{"embeddable":true,"href":"https:\/\/calita.ma\/fr\/wp-json\/wp\/v2\/media\/11976"}],"wp:attachment":[{"href":"https:\/\/calita.ma\/fr\/wp-json\/wp\/v2\/media?parent=11975"}],"wp:term":[{"taxonomy":"brand","embeddable":true,"href":"https:\/\/calita.ma\/fr\/wp-json\/wp\/v2\/etheme_brands?post=11975"},{"taxonomy":"product_brand","embeddable":true,"href":"https:\/\/calita.ma\/fr\/wp-json\/wp\/v2\/product_brand?post=11975"},{"taxonomy":"product_cat","embeddable":true,"href":"https:\/\/calita.ma\/fr\/wp-json\/wp\/v2\/product_cat?post=11975"},{"taxonomy":"product_tag","embeddable":true,"href":"https:\/\/calita.ma\/fr\/wp-json\/wp\/v2\/product_tag?post=11975"}],"curies":[{"name":"wp","href":"https:\/\/api.w.org\/{rel}","templated":true}]}}