{"id":11972,"date":"2025-01-01T12:13:53","date_gmt":"2025-01-01T12:13:53","guid":{"rendered":"https:\/\/parapharmaciecalifornietah.ma\/?post_type=product&#038;p=11972"},"modified":"2025-01-01T12:13:53","modified_gmt":"2025-01-01T12:13:53","slug":"elgydium-brosse-a-dents-kids-2-6ans-souple","status":"publish","type":"product","link":"https:\/\/calita.ma\/fr\/produit\/elgydium-brosse-a-dents-kids-2-6ans-souple\/","title":{"rendered":"ELGYDIUM BROSSE A DENTS KIDS 2-6ANS SOUPLE"},"content":{"rendered":"<p>ELGYDIUM KIDS 2-6 ans est une brosse \u00e0 dents qui poss\u00e8de une petite t\u00eate sp\u00e9cialement con\u00e7ue pour les petites m\u00e2choires. Ses brins souples et finement arrondis ont \u00e9t\u00e9 d\u00e9velopp\u00e9s pour respecter les dents et la gencive. La coupe de l\u2019extr\u00e9mit\u00e9 des brins est concave pour s\u2019adapter \u00e0 la surface bomb\u00e9e des dents de lait.<\/p>","protected":false},"excerpt":{"rendered":"<p>ELGYDIUM KIDS 2-6 ans est une brosse \u00e0 dents qui poss\u00e8de une petite t\u00eate sp\u00e9cialement con\u00e7ue pour les petites m\u00e2choires. Ses brins souples et finement&#8230;<\/p>","protected":false},"featured_media":11973,"comment_status":"open","ping_status":"closed","template":"","meta":[],"etheme_brands":[{"term_id":525,"name":"ELGYDIUM","slug":"elgydium","term_group":0,"term_taxonomy_id":525,"taxonomy":"brand","description":"","parent":0,"count":18,"filter":"raw"}],"product_brand":[],"product_cat":[128,123,113],"product_tag":[],"class_list":{"0":"post-11972","1":"product","2":"type-product","3":"status-publish","4":"has-post-thumbnail","6":"brand-elgydium","7":"product_cat-brosse-a-dents-enfant","8":"product_cat-dentaire","9":"product_cat-hygiene","11":"first","12":"instock","13":"sale","14":"shipping-taxable","15":"purchasable","16":"product-type-simple"},"_links":{"self":[{"href":"https:\/\/calita.ma\/fr\/wp-json\/wp\/v2\/product\/11972","targetHints":{"allow":["GET"]}}],"collection":[{"href":"https:\/\/calita.ma\/fr\/wp-json\/wp\/v2\/product"}],"about":[{"href":"https:\/\/calita.ma\/fr\/wp-json\/wp\/v2\/types\/product"}],"replies":[{"embeddable":true,"href":"https:\/\/calita.ma\/fr\/wp-json\/wp\/v2\/comments?post=11972"}],"version-history":[{"count":1,"href":"https:\/\/calita.ma\/fr\/wp-json\/wp\/v2\/product\/11972\/revisions"}],"predecessor-version":[{"id":11974,"href":"https:\/\/calita.ma\/fr\/wp-json\/wp\/v2\/product\/11972\/revisions\/11974"}],"wp:featuredmedia":[{"embeddable":true,"href":"https:\/\/calita.ma\/fr\/wp-json\/wp\/v2\/media\/11973"}],"wp:attachment":[{"href":"https:\/\/calita.ma\/fr\/wp-json\/wp\/v2\/media?parent=11972"}],"wp:term":[{"taxonomy":"brand","embeddable":true,"href":"https:\/\/calita.ma\/fr\/wp-json\/wp\/v2\/etheme_brands?post=11972"},{"taxonomy":"product_brand","embeddable":true,"href":"https:\/\/calita.ma\/fr\/wp-json\/wp\/v2\/product_brand?post=11972"},{"taxonomy":"product_cat","embeddable":true,"href":"https:\/\/calita.ma\/fr\/wp-json\/wp\/v2\/product_cat?post=11972"},{"taxonomy":"product_tag","embeddable":true,"href":"https:\/\/calita.ma\/fr\/wp-json\/wp\/v2\/product_tag?post=11972"}],"curies":[{"name":"wp","href":"https:\/\/api.w.org\/{rel}","templated":true}]}}