{"id":11968,"date":"2025-01-01T12:12:06","date_gmt":"2025-01-01T12:12:06","guid":{"rendered":"https:\/\/parapharmaciecalifornietah.ma\/?post_type=product&#038;p=11968"},"modified":"2025-01-01T12:12:06","modified_gmt":"2025-01-01T12:12:06","slug":"elgydium-brosse-a-dents-monster-vte","status":"publish","type":"product","link":"https:\/\/calita.ma\/fr\/produit\/elgydium-brosse-a-dents-monster-vte\/","title":{"rendered":"ELGYDIUM BROSSE A DENTS MONSTER VTE"},"content":{"rendered":"<p>La brosse \u00e0 dents ELGYDIUM Monster 2 \u00e0 6 ans est sp\u00e9cialement con\u00e7ue pour les petites m\u00e2choires. Son manche antid\u00e9rapant et ergonomique, d\u00e9cor\u00e9 de monstres amusants, tient bien dans la main, m\u00eame lorsqu&#8217;elle est mouill\u00e9e. Ses brins en nylon de qualit\u00e9 sup\u00e9rieure souples et finement arrondis respectent les dents de lait et les gencives et rendent le brossage quotidien agr\u00e9able et tout doux. Ses brins concaves \u00e9pousent parfaitement la forme des dents de lait, pour un nettoyage complet de la surface dentaire. Ses brins color\u00e9s, au centre, ont quant \u00e0 eux \u00e9t\u00e9 dispos\u00e9s l\u00e0 pour aider les enfants \u00e0 bien doser le dentifrice, sans exc\u00e8s. Sa ventouse \u00e0 l&#8217;extr\u00e9mit\u00e9 la maintient rang\u00e9e \u00e0 la verticale, pr\u00eate \u00e0 chasser les fant\u00f4mes des caries.<\/p>\n<p><strong>Les bienfaits :<\/strong><\/p>\n<p>\u2022 LUDIQUE : pour motiver les enfants \u00e0 se brosser les dents.<br \/>\n\u2022 ERGONOMIQUE et douce pour les dents de lait et les gencives.<br \/>\n\u2022 \u00c9DUCATIVE : gr\u00e2ce aux brins color\u00e9s qui, au centre de la brosse \u00e0 dents enfant, indiquent la juste quantit\u00e9 de dentifrice \u00e0 utiliser.<\/p>\n<p><strong>Conseils d&#8217;utilisation:<\/strong><\/p>\n<p>Il est recommand\u00e9 de se brosser les dents apr\u00e8s chaque repas, 2 \u00e0 3 fois par jour, pendant 2 minutes, id\u00e9alement avec le dentifrice ELGYDIUM Kids 2-6 ans (go\u00fbt banane, fraise givr\u00e9e ou grenadine).<\/p>","protected":false},"excerpt":{"rendered":"<p>La brosse \u00e0 dents ELGYDIUM Monster 2 \u00e0 6 ans est sp\u00e9cialement con\u00e7ue pour les petites m\u00e2choires. Son manche antid\u00e9rapant et ergonomique, d\u00e9cor\u00e9 de monstres&#8230;<\/p>","protected":false},"featured_media":11969,"comment_status":"open","ping_status":"closed","template":"","meta":[],"etheme_brands":[{"term_id":525,"name":"ELGYDIUM","slug":"elgydium","term_group":0,"term_taxonomy_id":525,"taxonomy":"brand","description":"","parent":0,"count":18,"filter":"raw"}],"product_brand":[],"product_cat":[127,123,113],"product_tag":[],"class_list":{"0":"post-11968","1":"product","2":"type-product","3":"status-publish","4":"has-post-thumbnail","6":"brand-elgydium","7":"product_cat-brosse-a-dents","8":"product_cat-dentaire","9":"product_cat-hygiene","11":"first","12":"instock","13":"sale","14":"shipping-taxable","15":"purchasable","16":"product-type-simple"},"_links":{"self":[{"href":"https:\/\/calita.ma\/fr\/wp-json\/wp\/v2\/product\/11968","targetHints":{"allow":["GET"]}}],"collection":[{"href":"https:\/\/calita.ma\/fr\/wp-json\/wp\/v2\/product"}],"about":[{"href":"https:\/\/calita.ma\/fr\/wp-json\/wp\/v2\/types\/product"}],"replies":[{"embeddable":true,"href":"https:\/\/calita.ma\/fr\/wp-json\/wp\/v2\/comments?post=11968"}],"version-history":[{"count":1,"href":"https:\/\/calita.ma\/fr\/wp-json\/wp\/v2\/product\/11968\/revisions"}],"predecessor-version":[{"id":11971,"href":"https:\/\/calita.ma\/fr\/wp-json\/wp\/v2\/product\/11968\/revisions\/11971"}],"wp:featuredmedia":[{"embeddable":true,"href":"https:\/\/calita.ma\/fr\/wp-json\/wp\/v2\/media\/11969"}],"wp:attachment":[{"href":"https:\/\/calita.ma\/fr\/wp-json\/wp\/v2\/media?parent=11968"}],"wp:term":[{"taxonomy":"brand","embeddable":true,"href":"https:\/\/calita.ma\/fr\/wp-json\/wp\/v2\/etheme_brands?post=11968"},{"taxonomy":"product_brand","embeddable":true,"href":"https:\/\/calita.ma\/fr\/wp-json\/wp\/v2\/product_brand?post=11968"},{"taxonomy":"product_cat","embeddable":true,"href":"https:\/\/calita.ma\/fr\/wp-json\/wp\/v2\/product_cat?post=11968"},{"taxonomy":"product_tag","embeddable":true,"href":"https:\/\/calita.ma\/fr\/wp-json\/wp\/v2\/product_tag?post=11968"}],"curies":[{"name":"wp","href":"https:\/\/api.w.org\/{rel}","templated":true}]}}