{"id":11965,"date":"2025-01-01T12:09:59","date_gmt":"2025-01-01T12:09:59","guid":{"rendered":"https:\/\/parapharmaciecalifornietah.ma\/?post_type=product&#038;p=11965"},"modified":"2025-01-01T12:09:59","modified_gmt":"2025-01-01T12:09:59","slug":"elgydium-brosse-a-dents-classic-souple","status":"publish","type":"product","link":"https:\/\/calita.ma\/fr\/produit\/elgydium-brosse-a-dents-classic-souple\/","title":{"rendered":"ELGYDIUM BROSSE A DENTS CLASSIC SOUPLE"},"content":{"rendered":"<p>ELGYDIUM Classic est une brosse \u00e0 dents intemporelle et incontournable, \u00e0 t\u00eate large et aux brins en nylon de haute qualit\u00e9 non traumatisants pour les dents et gencives. L&#8217;exp\u00e9rience et l&#8217;expertise d&#8217;ELGYDIUM au bout d&#8217;un manche ergonomique, \u00e0 utiliser id\u00e9alement 3 fois par jour apr\u00e8s les repas avec un dentifrice destin\u00e9 \u00e0 la protection contre les caries.<\/p>\n<p><strong>Les bienfaits :<\/strong><\/p>\n<p>\u2022 SIMPLE.<br \/>\n\u2022 DOUCE gr\u00e2ce \u00e0 ses brins en Tynex non traumatisants pour les dents et gencives.<br \/>\n\u2022 INTEMPORELLE et interg\u00e9n\u00e9rationnelle.<\/p>\n<p><strong>Conseils d&#8217;utilisation:<\/strong><\/p>\n<p>Il est recommand\u00e9 de se brosser les dents apr\u00e8s chaque repas, 2 \u00e0 3 fois par jour, pendant 2 minutes, avec un dentifrice destin\u00e9 \u00e0 la protection contre les caries, par exemple ELGYDIUM Protection Caries.<\/p>","protected":false},"excerpt":{"rendered":"<p>ELGYDIUM Classic est une brosse \u00e0 dents intemporelle et incontournable, \u00e0 t\u00eate large et aux brins en nylon de haute qualit\u00e9 non traumatisants pour les&#8230;<\/p>","protected":false},"featured_media":11966,"comment_status":"open","ping_status":"closed","template":"","meta":[],"etheme_brands":[{"term_id":525,"name":"ELGYDIUM","slug":"elgydium","term_group":0,"term_taxonomy_id":525,"taxonomy":"brand","description":"","parent":0,"count":18,"filter":"raw"}],"product_brand":[],"product_cat":[127,123,113],"product_tag":[],"class_list":{"0":"post-11965","1":"product","2":"type-product","3":"status-publish","4":"has-post-thumbnail","6":"brand-elgydium","7":"product_cat-brosse-a-dents","8":"product_cat-dentaire","9":"product_cat-hygiene","11":"first","12":"instock","13":"sale","14":"shipping-taxable","15":"purchasable","16":"product-type-simple"},"_links":{"self":[{"href":"https:\/\/calita.ma\/fr\/wp-json\/wp\/v2\/product\/11965","targetHints":{"allow":["GET"]}}],"collection":[{"href":"https:\/\/calita.ma\/fr\/wp-json\/wp\/v2\/product"}],"about":[{"href":"https:\/\/calita.ma\/fr\/wp-json\/wp\/v2\/types\/product"}],"replies":[{"embeddable":true,"href":"https:\/\/calita.ma\/fr\/wp-json\/wp\/v2\/comments?post=11965"}],"version-history":[{"count":1,"href":"https:\/\/calita.ma\/fr\/wp-json\/wp\/v2\/product\/11965\/revisions"}],"predecessor-version":[{"id":11967,"href":"https:\/\/calita.ma\/fr\/wp-json\/wp\/v2\/product\/11965\/revisions\/11967"}],"wp:featuredmedia":[{"embeddable":true,"href":"https:\/\/calita.ma\/fr\/wp-json\/wp\/v2\/media\/11966"}],"wp:attachment":[{"href":"https:\/\/calita.ma\/fr\/wp-json\/wp\/v2\/media?parent=11965"}],"wp:term":[{"taxonomy":"brand","embeddable":true,"href":"https:\/\/calita.ma\/fr\/wp-json\/wp\/v2\/etheme_brands?post=11965"},{"taxonomy":"product_brand","embeddable":true,"href":"https:\/\/calita.ma\/fr\/wp-json\/wp\/v2\/product_brand?post=11965"},{"taxonomy":"product_cat","embeddable":true,"href":"https:\/\/calita.ma\/fr\/wp-json\/wp\/v2\/product_cat?post=11965"},{"taxonomy":"product_tag","embeddable":true,"href":"https:\/\/calita.ma\/fr\/wp-json\/wp\/v2\/product_tag?post=11965"}],"curies":[{"name":"wp","href":"https:\/\/api.w.org\/{rel}","templated":true}]}}