{"id":11962,"date":"2025-01-01T12:05:37","date_gmt":"2025-01-01T12:05:37","guid":{"rendered":"https:\/\/parapharmaciecalifornietah.ma\/?post_type=product&#038;p=11962"},"modified":"2025-01-01T12:05:37","modified_gmt":"2025-01-01T12:05:37","slug":"elgydium-brosse-a-dents-basic-medium","status":"publish","type":"product","link":"https:\/\/calita.ma\/fr\/produit\/elgydium-brosse-a-dents-basic-medium\/","title":{"rendered":"ELGYDIUM BROSSE A DENTS BASIC MEDIUM"},"content":{"rendered":"<p style=\"font-weight: 400;\">Elgydium Basic Brosse \u00e0 Dents M\u00e9dium est une brosse \u00e0 dents \u00e0 l&#8217;allure \u00e9pur\u00e9e et raffin\u00e9e, qui allie \u00e0 la fois design et technologie, pour une hygi\u00e8ne bucco-dentaire optimale.<\/p>\n<p style=\"font-weight: 400;\">Caract\u00e9ristiques :<\/p>\n<p style=\"font-weight: 400;\">&#8211; Brins aux extr\u00e9mit\u00e9s arrondies pour ne pas blesser les dents et gencives, pour \u00e9liminer la plaque dentaire et nettoyer les espaces inter-dentaires et masser les gencives.<\/p>\n<p style=\"font-weight: 400;\">&#8211; T\u00eate ovale qui permet un brossage minutieux en passant dans tous les endroits m\u00eame les plus inaccessibles.<\/p>\n<p style=\"font-weight: 400;\">&#8211; Manche ergonomique qui permet une bonne prise en main pour un brossage optimal.<\/p>\n<p style=\"font-weight: 400;\">\n<p style=\"font-weight: 400;\"><b><strong>Conseils d&#8217;utilisation<\/strong><\/b><\/p>\n<p style=\"font-weight: 400;\">Les dentistes recommandent de se brosser les dents apr\u00e8s chaque repas, et de changer de brosse \u00e0 dents tous les 3 mois.<\/p>\n<p style=\"font-weight: 400;\"><b><strong>Indication<\/strong><\/b>\u00a0:\u00a0Hygi\u00e8ne bucco-dentaire.<\/p>","protected":false},"excerpt":{"rendered":"<p>Elgydium Basic Brosse \u00e0 Dents M\u00e9dium est une brosse \u00e0 dents \u00e0 l&#8217;allure \u00e9pur\u00e9e et raffin\u00e9e, qui allie \u00e0 la fois design et technologie, pour&#8230;<\/p>","protected":false},"featured_media":11963,"comment_status":"open","ping_status":"closed","template":"","meta":[],"etheme_brands":[{"term_id":525,"name":"ELGYDIUM","slug":"elgydium","term_group":0,"term_taxonomy_id":525,"taxonomy":"brand","description":"","parent":0,"count":18,"filter":"raw"}],"product_brand":[],"product_cat":[127,123,113],"product_tag":[],"class_list":{"0":"post-11962","1":"product","2":"type-product","3":"status-publish","4":"has-post-thumbnail","6":"brand-elgydium","7":"product_cat-brosse-a-dents","8":"product_cat-dentaire","9":"product_cat-hygiene","11":"first","12":"instock","13":"sale","14":"shipping-taxable","15":"purchasable","16":"product-type-simple"},"_links":{"self":[{"href":"https:\/\/calita.ma\/fr\/wp-json\/wp\/v2\/product\/11962","targetHints":{"allow":["GET"]}}],"collection":[{"href":"https:\/\/calita.ma\/fr\/wp-json\/wp\/v2\/product"}],"about":[{"href":"https:\/\/calita.ma\/fr\/wp-json\/wp\/v2\/types\/product"}],"replies":[{"embeddable":true,"href":"https:\/\/calita.ma\/fr\/wp-json\/wp\/v2\/comments?post=11962"}],"version-history":[{"count":1,"href":"https:\/\/calita.ma\/fr\/wp-json\/wp\/v2\/product\/11962\/revisions"}],"predecessor-version":[{"id":11964,"href":"https:\/\/calita.ma\/fr\/wp-json\/wp\/v2\/product\/11962\/revisions\/11964"}],"wp:featuredmedia":[{"embeddable":true,"href":"https:\/\/calita.ma\/fr\/wp-json\/wp\/v2\/media\/11963"}],"wp:attachment":[{"href":"https:\/\/calita.ma\/fr\/wp-json\/wp\/v2\/media?parent=11962"}],"wp:term":[{"taxonomy":"brand","embeddable":true,"href":"https:\/\/calita.ma\/fr\/wp-json\/wp\/v2\/etheme_brands?post=11962"},{"taxonomy":"product_brand","embeddable":true,"href":"https:\/\/calita.ma\/fr\/wp-json\/wp\/v2\/product_brand?post=11962"},{"taxonomy":"product_cat","embeddable":true,"href":"https:\/\/calita.ma\/fr\/wp-json\/wp\/v2\/product_cat?post=11962"},{"taxonomy":"product_tag","embeddable":true,"href":"https:\/\/calita.ma\/fr\/wp-json\/wp\/v2\/product_tag?post=11962"}],"curies":[{"name":"wp","href":"https:\/\/api.w.org\/{rel}","templated":true}]}}