{"id":11958,"date":"2025-01-01T12:03:25","date_gmt":"2025-01-01T12:03:25","guid":{"rendered":"https:\/\/parapharmaciecalifornietah.ma\/?post_type=product&#038;p=11958"},"modified":"2025-01-01T12:03:25","modified_gmt":"2025-01-01T12:03:25","slug":"elgydium-brosse-a-dents-inter-active-dure","status":"publish","type":"product","link":"https:\/\/calita.ma\/fr\/produit\/elgydium-brosse-a-dents-inter-active-dure\/","title":{"rendered":"ELGYDIUM BROSSE A DENTS INTER-ACTIVE DURE"},"content":{"rendered":"<p>Accessoire indispensable de la salle de bain dont le succ\u00e8s s&#8217;explique par des brins de 2 diff\u00e9rentes hauteurs, courts et longs, permettant de nettoyer l&#8217;\u00e9mail et d&#8217;atteindre les espaces interdentaires tout en douceur . La brosse \u00e0 dents ELGYDIUM la plus pl\u00e9biscit\u00e9e, indispensable pour une bouche propre et saine.<\/p>\n<p><strong>Les bienfaits :<\/strong><\/p>\n<p>\u2022 RESPECTUEUSE des dents et des gencives, la brosse \u00e0 dents Elgydium est compos\u00e9e de brins non traumatisants de qualit\u00e9 sup\u00e9rieure.<br \/>\n\u2022 COMPL\u00c8TE gr\u00e2ce \u00e0 ses 2 hauteurs de brins, courts et longs.<br \/>\n\u2022 ADAPT\u00c9E \u00e0 chaque besoin dans ses versions souples, mediums ou dures et ses 4 couleurs.<\/p>\n<p><strong>Conseils d&#8217;utilisation:<\/strong><\/p>\n<p>Il est recommand\u00e9 de se brosser les dents apr\u00e8s chaque repas, 2 \u00e0 3 fois par jour, pendant 2 minutes.<\/p>","protected":false},"excerpt":{"rendered":"<p>Accessoire indispensable de la salle de bain dont le succ\u00e8s s&#8217;explique par des brins de 2 diff\u00e9rentes hauteurs, courts et longs, permettant de nettoyer l&#8217;\u00e9mail&#8230;<\/p>","protected":false},"featured_media":11959,"comment_status":"open","ping_status":"closed","template":"","meta":[],"etheme_brands":[{"term_id":525,"name":"ELGYDIUM","slug":"elgydium","term_group":0,"term_taxonomy_id":525,"taxonomy":"brand","description":"","parent":0,"count":18,"filter":"raw"}],"product_brand":[],"product_cat":[127,123,113],"product_tag":[],"class_list":{"0":"post-11958","1":"product","2":"type-product","3":"status-publish","4":"has-post-thumbnail","6":"brand-elgydium","7":"product_cat-brosse-a-dents","8":"product_cat-dentaire","9":"product_cat-hygiene","11":"first","12":"instock","13":"sale","14":"shipping-taxable","15":"purchasable","16":"product-type-simple"},"_links":{"self":[{"href":"https:\/\/calita.ma\/fr\/wp-json\/wp\/v2\/product\/11958","targetHints":{"allow":["GET"]}}],"collection":[{"href":"https:\/\/calita.ma\/fr\/wp-json\/wp\/v2\/product"}],"about":[{"href":"https:\/\/calita.ma\/fr\/wp-json\/wp\/v2\/types\/product"}],"replies":[{"embeddable":true,"href":"https:\/\/calita.ma\/fr\/wp-json\/wp\/v2\/comments?post=11958"}],"version-history":[{"count":1,"href":"https:\/\/calita.ma\/fr\/wp-json\/wp\/v2\/product\/11958\/revisions"}],"predecessor-version":[{"id":11961,"href":"https:\/\/calita.ma\/fr\/wp-json\/wp\/v2\/product\/11958\/revisions\/11961"}],"wp:featuredmedia":[{"embeddable":true,"href":"https:\/\/calita.ma\/fr\/wp-json\/wp\/v2\/media\/11959"}],"wp:attachment":[{"href":"https:\/\/calita.ma\/fr\/wp-json\/wp\/v2\/media?parent=11958"}],"wp:term":[{"taxonomy":"brand","embeddable":true,"href":"https:\/\/calita.ma\/fr\/wp-json\/wp\/v2\/etheme_brands?post=11958"},{"taxonomy":"product_brand","embeddable":true,"href":"https:\/\/calita.ma\/fr\/wp-json\/wp\/v2\/product_brand?post=11958"},{"taxonomy":"product_cat","embeddable":true,"href":"https:\/\/calita.ma\/fr\/wp-json\/wp\/v2\/product_cat?post=11958"},{"taxonomy":"product_tag","embeddable":true,"href":"https:\/\/calita.ma\/fr\/wp-json\/wp\/v2\/product_tag?post=11958"}],"curies":[{"name":"wp","href":"https:\/\/api.w.org\/{rel}","templated":true}]}}