{"id":11954,"date":"2025-01-01T12:01:02","date_gmt":"2025-01-01T12:01:02","guid":{"rendered":"https:\/\/parapharmaciecalifornietah.ma\/?post_type=product&#038;p=11954"},"modified":"2025-01-01T12:01:02","modified_gmt":"2025-01-01T12:01:02","slug":"elgydium-brosse-a-dents-clinic-15-100","status":"publish","type":"product","link":"https:\/\/calita.ma\/fr\/produit\/elgydium-brosse-a-dents-clinic-15-100\/","title":{"rendered":"ELGYDIUM BROSSE A DENTS CLINIC 15\/100"},"content":{"rendered":"<div>\u00c0 la suite d&#8217;une intervention chirurgicale buccale, une bonne hygi\u00e8ne bucco-dentaire est indispensable pour \u00e9viter les complications infectieuses. La brosse \u00e0 dents chirurgicale ELGYDIUM Clinic limite le risque de blessures ou d&#8217;irritations pouvant \u00eatre provoqu\u00e9es par une brosse \u00e0 dents classique. Assainissable au micro-ondes, (1 minute \u00e0 600 W en pr\u00e9sence d&#8217;eau), ELGYDIUM Clinic Brosse \u00e0 Dents 15\/100 et ses brins finement arrondis permet de reprendre progressivement, et tout en douceur, de bonnes habitudes de brossage d\u00e8s les 2e et 3e semaines qui suivent l&#8217;op\u00e9ration.<\/div>\n<h4>Principaux avantages<\/h4>\n<div>\u2022 DOUCE : des brins de nylon de haute qualit\u00e9, finement arrondis, de 15\/100\u00b0 de millim\u00e8tres, pour une brosse \u00e0 dents souple.<\/p>\n<p>\u2022 SP\u00c9CIFIQUE : une utilisation recommand\u00e9e du 8e au 21e jour suivant l&#8217;intervention chirurgicale bucco-dentaire, en relais de la brosse \u00e0 dents ELGYDIUM Clinic Post-Op\u00e9ratoire.<\/p>\n<p>\u2022 HYGI\u00c9NIQUE : une capsule de protection de la t\u00eate permet de la ranger \u00e0 l&#8217;abri et de conserver la forme des brins pour plus d&#8217;efficacit\u00e9. Elle est \u00e9galement assainissable au micro-ondes, 600 W, en plongeant la t\u00eate dans l&#8217;eau une minute seulement.<\/p><\/div>\n<h4>Comment utiliser<\/h4>\n<div>&#8220;Assainissable au micro-ondes (1 minute \u00e0 600 W en pr\u00e9sence d&#8217;eau).<\/p>\n<p>Utilisable pendant les 2e et 3e semaines suivant l&#8217;intervention chirurgicale (J8-J21).&#8221;<\/p><\/div>","protected":false},"excerpt":{"rendered":"<p>\u00c0 la suite d&#8217;une intervention chirurgicale buccale, une bonne hygi\u00e8ne bucco-dentaire est indispensable pour \u00e9viter les complications infectieuses. La brosse \u00e0 dents chirurgicale ELGYDIUM Clinic&#8230;<\/p>","protected":false},"featured_media":11955,"comment_status":"open","ping_status":"closed","template":"","meta":[],"etheme_brands":[{"term_id":525,"name":"ELGYDIUM","slug":"elgydium","term_group":0,"term_taxonomy_id":525,"taxonomy":"brand","description":"","parent":0,"count":18,"filter":"raw"}],"product_brand":[],"product_cat":[127,123,113],"product_tag":[],"class_list":{"0":"post-11954","1":"product","2":"type-product","3":"status-publish","4":"has-post-thumbnail","6":"brand-elgydium","7":"product_cat-brosse-a-dents","8":"product_cat-dentaire","9":"product_cat-hygiene","11":"first","12":"instock","13":"sale","14":"shipping-taxable","15":"purchasable","16":"product-type-simple"},"_links":{"self":[{"href":"https:\/\/calita.ma\/fr\/wp-json\/wp\/v2\/product\/11954","targetHints":{"allow":["GET"]}}],"collection":[{"href":"https:\/\/calita.ma\/fr\/wp-json\/wp\/v2\/product"}],"about":[{"href":"https:\/\/calita.ma\/fr\/wp-json\/wp\/v2\/types\/product"}],"replies":[{"embeddable":true,"href":"https:\/\/calita.ma\/fr\/wp-json\/wp\/v2\/comments?post=11954"}],"version-history":[{"count":1,"href":"https:\/\/calita.ma\/fr\/wp-json\/wp\/v2\/product\/11954\/revisions"}],"predecessor-version":[{"id":11957,"href":"https:\/\/calita.ma\/fr\/wp-json\/wp\/v2\/product\/11954\/revisions\/11957"}],"wp:featuredmedia":[{"embeddable":true,"href":"https:\/\/calita.ma\/fr\/wp-json\/wp\/v2\/media\/11955"}],"wp:attachment":[{"href":"https:\/\/calita.ma\/fr\/wp-json\/wp\/v2\/media?parent=11954"}],"wp:term":[{"taxonomy":"brand","embeddable":true,"href":"https:\/\/calita.ma\/fr\/wp-json\/wp\/v2\/etheme_brands?post=11954"},{"taxonomy":"product_brand","embeddable":true,"href":"https:\/\/calita.ma\/fr\/wp-json\/wp\/v2\/product_brand?post=11954"},{"taxonomy":"product_cat","embeddable":true,"href":"https:\/\/calita.ma\/fr\/wp-json\/wp\/v2\/product_cat?post=11954"},{"taxonomy":"product_tag","embeddable":true,"href":"https:\/\/calita.ma\/fr\/wp-json\/wp\/v2\/product_tag?post=11954"}],"curies":[{"name":"wp","href":"https:\/\/api.w.org\/{rel}","templated":true}]}}