{"id":11948,"date":"2025-01-01T11:34:21","date_gmt":"2025-01-01T11:34:21","guid":{"rendered":"https:\/\/parapharmaciecalifornietah.ma\/?post_type=product&#038;p=11948"},"modified":"2025-01-01T11:34:21","modified_gmt":"2025-01-01T11:34:21","slug":"elgydium-brosse-a-dents-anti-plaque-souple","status":"publish","type":"product","link":"https:\/\/calita.ma\/fr\/produit\/elgydium-brosse-a-dents-anti-plaque-souple\/","title":{"rendered":"ELGYDIUM BROSSE A DENTS ANTI-PLAQUE SOUPLE"},"content":{"rendered":"<p>ELGYDIUM ANTI-PLAQUE est une brosse \u00e0 dents qui poss\u00e8de des brins crois\u00e9s en X particuli\u00e8rement efficaces contre la plaque dentaire bact\u00e9rienne.Ces brins lui permettent d\u2019\u00e9liminer\u00a0plus de plaque dentaire qu\u2019une brosse \u00e0 dents manuelle classique !<\/p>","protected":false},"excerpt":{"rendered":"<p>ELGYDIUM ANTI-PLAQUE est une brosse \u00e0 dents qui poss\u00e8de des brins crois\u00e9s en X particuli\u00e8rement efficaces contre la plaque dentaire bact\u00e9rienne.Ces brins lui permettent d\u2019\u00e9liminer\u00a0plus&#8230;<\/p>","protected":false},"featured_media":11949,"comment_status":"open","ping_status":"closed","template":"","meta":[],"etheme_brands":[{"term_id":525,"name":"ELGYDIUM","slug":"elgydium","term_group":0,"term_taxonomy_id":525,"taxonomy":"brand","description":"","parent":0,"count":18,"filter":"raw"}],"product_brand":[],"product_cat":[127,123,113],"product_tag":[],"class_list":{"0":"post-11948","1":"product","2":"type-product","3":"status-publish","4":"has-post-thumbnail","6":"brand-elgydium","7":"product_cat-brosse-a-dents","8":"product_cat-dentaire","9":"product_cat-hygiene","11":"first","12":"instock","13":"sale","14":"shipping-taxable","15":"purchasable","16":"product-type-simple"},"_links":{"self":[{"href":"https:\/\/calita.ma\/fr\/wp-json\/wp\/v2\/product\/11948","targetHints":{"allow":["GET"]}}],"collection":[{"href":"https:\/\/calita.ma\/fr\/wp-json\/wp\/v2\/product"}],"about":[{"href":"https:\/\/calita.ma\/fr\/wp-json\/wp\/v2\/types\/product"}],"replies":[{"embeddable":true,"href":"https:\/\/calita.ma\/fr\/wp-json\/wp\/v2\/comments?post=11948"}],"version-history":[{"count":1,"href":"https:\/\/calita.ma\/fr\/wp-json\/wp\/v2\/product\/11948\/revisions"}],"predecessor-version":[{"id":11950,"href":"https:\/\/calita.ma\/fr\/wp-json\/wp\/v2\/product\/11948\/revisions\/11950"}],"wp:featuredmedia":[{"embeddable":true,"href":"https:\/\/calita.ma\/fr\/wp-json\/wp\/v2\/media\/11949"}],"wp:attachment":[{"href":"https:\/\/calita.ma\/fr\/wp-json\/wp\/v2\/media?parent=11948"}],"wp:term":[{"taxonomy":"brand","embeddable":true,"href":"https:\/\/calita.ma\/fr\/wp-json\/wp\/v2\/etheme_brands?post=11948"},{"taxonomy":"product_brand","embeddable":true,"href":"https:\/\/calita.ma\/fr\/wp-json\/wp\/v2\/product_brand?post=11948"},{"taxonomy":"product_cat","embeddable":true,"href":"https:\/\/calita.ma\/fr\/wp-json\/wp\/v2\/product_cat?post=11948"},{"taxonomy":"product_tag","embeddable":true,"href":"https:\/\/calita.ma\/fr\/wp-json\/wp\/v2\/product_tag?post=11948"}],"curies":[{"name":"wp","href":"https:\/\/api.w.org\/{rel}","templated":true}]}}