{"id":11890,"date":"2025-01-01T10:01:30","date_gmt":"2025-01-01T10:01:30","guid":{"rendered":"https:\/\/parapharmaciecalifornietah.ma\/?post_type=product&#038;p=11890"},"modified":"2025-01-01T10:01:30","modified_gmt":"2025-01-01T10:01:30","slug":"curasept-ads-720-dentifrice-75ml","status":"publish","type":"product","link":"https:\/\/calita.ma\/fr\/produit\/curasept-ads-720-dentifrice-75ml\/","title":{"rendered":"CURASEPT ADS 720 DENTIFRICE 75ML"},"content":{"rendered":"<p>Curasept ADS 720\u00a0contiennent un syst\u00e8me anti-d\u00e9coloration (ADS) brevet\u00e9 et test\u00e9 cliniquement qui, contrairement aux autres bains de bouche \u00e0 la chlorhexidine,<br \/>\nr\u00e9duit consid\u00e9rablement l&#8217;apparence des taches brun-jaune qui peuvent se former sur les dents en raison de la chlorhexidine.<\/p>\n<p>Pas de coloration<br \/>\nM\u00eame efficacit\u00e9 que les produits \u00e0 base de chlorhexidine standard<br \/>\nAucune perturbation du go\u00fbt<br \/>\nSans alcool<br \/>\nGammes sur mesure sp\u00e9cifiquement pour les patients g\u00e9n\u00e9raux, p\u00e9rio et ortho<\/p>","protected":false},"excerpt":{"rendered":"<p>Curasept ADS 720\u00a0contiennent un syst\u00e8me anti-d\u00e9coloration (ADS) brevet\u00e9 et test\u00e9 cliniquement qui, contrairement aux autres bains de bouche \u00e0 la chlorhexidine, r\u00e9duit consid\u00e9rablement l&#8217;apparence des&#8230;<\/p>","protected":false},"featured_media":11891,"comment_status":"open","ping_status":"closed","template":"","meta":[],"etheme_brands":[{"term_id":520,"name":"CURASEPT","slug":"curasept","term_group":0,"term_taxonomy_id":520,"taxonomy":"brand","description":"","parent":0,"count":2,"filter":"raw"}],"product_brand":[],"product_cat":[127,123,113],"product_tag":[],"class_list":{"0":"post-11890","1":"product","2":"type-product","3":"status-publish","4":"has-post-thumbnail","6":"brand-curasept","7":"product_cat-brosse-a-dents","8":"product_cat-dentaire","9":"product_cat-hygiene","11":"first","12":"instock","13":"sale","14":"shipping-taxable","15":"purchasable","16":"product-type-simple"},"_links":{"self":[{"href":"https:\/\/calita.ma\/fr\/wp-json\/wp\/v2\/product\/11890","targetHints":{"allow":["GET"]}}],"collection":[{"href":"https:\/\/calita.ma\/fr\/wp-json\/wp\/v2\/product"}],"about":[{"href":"https:\/\/calita.ma\/fr\/wp-json\/wp\/v2\/types\/product"}],"replies":[{"embeddable":true,"href":"https:\/\/calita.ma\/fr\/wp-json\/wp\/v2\/comments?post=11890"}],"version-history":[{"count":1,"href":"https:\/\/calita.ma\/fr\/wp-json\/wp\/v2\/product\/11890\/revisions"}],"predecessor-version":[{"id":11892,"href":"https:\/\/calita.ma\/fr\/wp-json\/wp\/v2\/product\/11890\/revisions\/11892"}],"wp:featuredmedia":[{"embeddable":true,"href":"https:\/\/calita.ma\/fr\/wp-json\/wp\/v2\/media\/11891"}],"wp:attachment":[{"href":"https:\/\/calita.ma\/fr\/wp-json\/wp\/v2\/media?parent=11890"}],"wp:term":[{"taxonomy":"brand","embeddable":true,"href":"https:\/\/calita.ma\/fr\/wp-json\/wp\/v2\/etheme_brands?post=11890"},{"taxonomy":"product_brand","embeddable":true,"href":"https:\/\/calita.ma\/fr\/wp-json\/wp\/v2\/product_brand?post=11890"},{"taxonomy":"product_cat","embeddable":true,"href":"https:\/\/calita.ma\/fr\/wp-json\/wp\/v2\/product_cat?post=11890"},{"taxonomy":"product_tag","embeddable":true,"href":"https:\/\/calita.ma\/fr\/wp-json\/wp\/v2\/product_tag?post=11890"}],"curies":[{"name":"wp","href":"https:\/\/api.w.org\/{rel}","templated":true}]}}