{"id":11860,"date":"2025-01-01T09:21:43","date_gmt":"2025-01-01T09:21:43","guid":{"rendered":"https:\/\/parapharmaciecalifornietah.ma\/?post_type=product&#038;p=11860"},"modified":"2025-01-01T09:21:44","modified_gmt":"2025-01-01T09:21:44","slug":"gum-gratte-langue-halicontrol-double-action","status":"publish","type":"product","link":"https:\/\/calita.ma\/fr\/produit\/gum-gratte-langue-halicontrol-double-action\/","title":{"rendered":"GUM GRATTE-LANGUE HALICONTROL DOUBLE ACTION"},"content":{"rendered":"<p><strong>GUMGRATTE-LANGUE HALICONTROL DOUBLE ACTION REF 760<\/strong><\/p>\n<p>Le gratte langue HaliControl GUM nettoie la langue en retirant les bact\u00e9ries install\u00e9es.<br \/>\nIl a sp\u00e9cialement \u00e9t\u00e9 con\u00e7u pour lutter contre l&#8217;halitose et la mauvaise haleine.<br \/>\nSon action 2-en-1 permet de brosser et de gratter.<br \/>\nIl dispose un manche ergonomique pour permettre une prise en main tr\u00e8s facile.<br \/>\nLa t\u00eate est assez \u00e9troite afin de minimiser le r\u00e9flexe naus\u00e9eux.<br \/>\nLe gratte langue GUM est un outil indispensable \u00e0 avoir pour une hygi\u00e8ne bucco-dentaire parfaite !<\/p>\n<p><strong>CONSEILS D&#8217;UTILISATION<\/strong><\/p>\n<p>Apr\u00e8s le brossage des dents, appliquez du gel dentifrice sur la langue ou sur la face \u00e0 brins du gratte-langue.<br \/>\nBrossez avec d\u00e9licatesse la surface de la langue.<br \/>\nRetournez le gratte langue et raclez la langue.<\/p>\n<p>Composition :<\/p>\n<p><strong>COMPOSITIONS &amp; INGR\u00c9DIENTS<\/strong><\/p>\n<p>La liste des ingr\u00e9dients peut \u00eatre soumise \u00e0 des variations, nous vous conseillons de toujours v\u00e9rifier la liste figurant sur le produit achet\u00e9.<\/p>\n<p>Plastique rigide.<br \/>\nManche plat avec grip : \u00e9lastom\u00e8re.<\/p>","protected":false},"excerpt":{"rendered":"<p>GUMGRATTE-LANGUE HALICONTROL DOUBLE ACTION REF 760 Le gratte langue HaliControl GUM nettoie la langue en retirant les bact\u00e9ries install\u00e9es. Il a sp\u00e9cialement \u00e9t\u00e9 con\u00e7u pour&#8230;<\/p>","protected":false},"featured_media":11861,"comment_status":"open","ping_status":"closed","template":"","meta":[],"etheme_brands":[{"term_id":517,"name":"GUM","slug":"gum","term_group":0,"term_taxonomy_id":517,"taxonomy":"brand","description":"","parent":0,"count":79,"filter":"raw"}],"product_brand":[],"product_cat":[123,113],"product_tag":[],"class_list":{"0":"post-11860","1":"product","2":"type-product","3":"status-publish","4":"has-post-thumbnail","6":"brand-gum","7":"product_cat-dentaire","8":"product_cat-hygiene","10":"first","11":"instock","12":"sale","13":"shipping-taxable","14":"purchasable","15":"product-type-simple"},"_links":{"self":[{"href":"https:\/\/calita.ma\/fr\/wp-json\/wp\/v2\/product\/11860","targetHints":{"allow":["GET"]}}],"collection":[{"href":"https:\/\/calita.ma\/fr\/wp-json\/wp\/v2\/product"}],"about":[{"href":"https:\/\/calita.ma\/fr\/wp-json\/wp\/v2\/types\/product"}],"replies":[{"embeddable":true,"href":"https:\/\/calita.ma\/fr\/wp-json\/wp\/v2\/comments?post=11860"}],"version-history":[{"count":1,"href":"https:\/\/calita.ma\/fr\/wp-json\/wp\/v2\/product\/11860\/revisions"}],"predecessor-version":[{"id":11862,"href":"https:\/\/calita.ma\/fr\/wp-json\/wp\/v2\/product\/11860\/revisions\/11862"}],"wp:featuredmedia":[{"embeddable":true,"href":"https:\/\/calita.ma\/fr\/wp-json\/wp\/v2\/media\/11861"}],"wp:attachment":[{"href":"https:\/\/calita.ma\/fr\/wp-json\/wp\/v2\/media?parent=11860"}],"wp:term":[{"taxonomy":"brand","embeddable":true,"href":"https:\/\/calita.ma\/fr\/wp-json\/wp\/v2\/etheme_brands?post=11860"},{"taxonomy":"product_brand","embeddable":true,"href":"https:\/\/calita.ma\/fr\/wp-json\/wp\/v2\/product_brand?post=11860"},{"taxonomy":"product_cat","embeddable":true,"href":"https:\/\/calita.ma\/fr\/wp-json\/wp\/v2\/product_cat?post=11860"},{"taxonomy":"product_tag","embeddable":true,"href":"https:\/\/calita.ma\/fr\/wp-json\/wp\/v2\/product_tag?post=11860"}],"curies":[{"name":"wp","href":"https:\/\/api.w.org\/{rel}","templated":true}]}}