{"id":11853,"date":"2025-01-01T08:56:32","date_gmt":"2025-01-01T08:56:32","guid":{"rendered":"https:\/\/parapharmaciecalifornietah.ma\/?post_type=product&#038;p=11853"},"modified":"2025-01-01T08:59:19","modified_gmt":"2025-01-01T08:59:19","slug":"gum-brosse-a-dents-junior-7-9ans-2","status":"publish","type":"product","link":"https:\/\/calita.ma\/fr\/produit\/gum-brosse-a-dents-junior-7-9ans-2\/","title":{"rendered":"GUM BROSSE A DENTS JUNIOR 7-9ANS"},"content":{"rendered":"<p>Cette brosse \u00e0 dents est \u00e9quip\u00e9e d\u2019un timer lumineux d\u2019une minute, pour illuminer la brosse \u00e0 dents. Elle poss\u00e8de des brins soyeux pour un brossage tout en douceur et une t\u00eate compacte anti-choc adapt\u00e9e \u00e0 la bouche des tout-petits.<\/p>\n<p>La ventouse maintient la brosse \u00e0 la verticale et est donc id\u00e9ale pour des brins propres entre chaque utilisation.<\/p>","protected":false},"excerpt":{"rendered":"<p>Cette brosse \u00e0 dents est \u00e9quip\u00e9e d\u2019un timer lumineux d\u2019une minute, pour illuminer la brosse \u00e0 dents. Elle poss\u00e8de des brins soyeux pour un brossage&#8230;<\/p>","protected":false},"featured_media":11854,"comment_status":"open","ping_status":"closed","template":"","meta":[],"etheme_brands":[{"term_id":517,"name":"GUM","slug":"gum","term_group":0,"term_taxonomy_id":517,"taxonomy":"brand","description":"","parent":0,"count":79,"filter":"raw"}],"product_brand":[],"product_cat":[128,123,113],"product_tag":[],"class_list":{"0":"post-11853","1":"product","2":"type-product","3":"status-publish","4":"has-post-thumbnail","6":"brand-gum","7":"product_cat-brosse-a-dents-enfant","8":"product_cat-dentaire","9":"product_cat-hygiene","11":"first","12":"instock","13":"sale","14":"shipping-taxable","15":"purchasable","16":"product-type-simple"},"_links":{"self":[{"href":"https:\/\/calita.ma\/fr\/wp-json\/wp\/v2\/product\/11853","targetHints":{"allow":["GET"]}}],"collection":[{"href":"https:\/\/calita.ma\/fr\/wp-json\/wp\/v2\/product"}],"about":[{"href":"https:\/\/calita.ma\/fr\/wp-json\/wp\/v2\/types\/product"}],"replies":[{"embeddable":true,"href":"https:\/\/calita.ma\/fr\/wp-json\/wp\/v2\/comments?post=11853"}],"version-history":[{"count":1,"href":"https:\/\/calita.ma\/fr\/wp-json\/wp\/v2\/product\/11853\/revisions"}],"predecessor-version":[{"id":11855,"href":"https:\/\/calita.ma\/fr\/wp-json\/wp\/v2\/product\/11853\/revisions\/11855"}],"wp:featuredmedia":[{"embeddable":true,"href":"https:\/\/calita.ma\/fr\/wp-json\/wp\/v2\/media\/11854"}],"wp:attachment":[{"href":"https:\/\/calita.ma\/fr\/wp-json\/wp\/v2\/media?parent=11853"}],"wp:term":[{"taxonomy":"brand","embeddable":true,"href":"https:\/\/calita.ma\/fr\/wp-json\/wp\/v2\/etheme_brands?post=11853"},{"taxonomy":"product_brand","embeddable":true,"href":"https:\/\/calita.ma\/fr\/wp-json\/wp\/v2\/product_brand?post=11853"},{"taxonomy":"product_cat","embeddable":true,"href":"https:\/\/calita.ma\/fr\/wp-json\/wp\/v2\/product_cat?post=11853"},{"taxonomy":"product_tag","embeddable":true,"href":"https:\/\/calita.ma\/fr\/wp-json\/wp\/v2\/product_tag?post=11853"}],"curies":[{"name":"wp","href":"https:\/\/api.w.org\/{rel}","templated":true}]}}