{"id":11849,"date":"2025-01-01T08:54:32","date_gmt":"2025-01-01T08:54:32","guid":{"rendered":"https:\/\/parapharmaciecalifornietah.ma\/?post_type=product&#038;p=11849"},"modified":"2025-01-01T08:59:41","modified_gmt":"2025-01-01T08:59:41","slug":"gum-brosse-a-dents-junior-7-9ans","status":"publish","type":"product","link":"https:\/\/calita.ma\/fr\/produit\/gum-brosse-a-dents-junior-7-9ans\/","title":{"rendered":"GUM BROSSE A DENTS JUNIOR 7-9ANS"},"content":{"rendered":"<div id=\"content-wrapper\">\n<section id=\"main\">\n<div class=\"tabs style_0\">\n<div class=\"tab-content\">\n<div id=\"description\" class=\"tab-pane fade in active\" role=\"tabpanel\">\n<div class=\"product-description opened\">\n<p>Un manche long et fin pour faciliter l\u2019acc\u00e8s aux dents du fond.<br \/>\nLe manche antid\u00e9rapant guide la main de votre enfant, afin de mieux contr\u00f4ler le brossage.<br \/>\nLes brins soyeux \u00e9liminent efficacement la plaque dentaire y compris le long du sillon gingival.<br \/>\nL&#8217;extr\u00e9mit\u00e9 soyeuse des brins \u00e9limine la plaque dans les creux et les asp\u00e9rit\u00e9s des dents, o\u00f9 les lieux pr\u00e9cis les caries entament leur d\u00e9veloppement.<\/p>\n<\/div>\n<div class=\"button_readmore\"><span class=\"readmore_desc btn less\">Lire moins<\/span><\/div>\n<\/div>\n<\/div>\n<\/div>\n<footer class=\"page-footer\"><\/footer>\n<\/section>\n<\/div>\n<div id=\"field_product_cates_block\" class=\"block horizontal_mode clearfix\">\n<div class=\"top-title\"><\/div>\n<\/div>","protected":false},"excerpt":{"rendered":"<p>Un manche long et fin pour faciliter l\u2019acc\u00e8s aux dents du fond. Le manche antid\u00e9rapant guide la main de votre enfant, afin de mieux contr\u00f4ler&#8230;<\/p>","protected":false},"featured_media":11851,"comment_status":"open","ping_status":"closed","template":"","meta":[],"etheme_brands":[{"term_id":517,"name":"GUM","slug":"gum","term_group":0,"term_taxonomy_id":517,"taxonomy":"brand","description":"","parent":0,"count":79,"filter":"raw"}],"product_brand":[],"product_cat":[128,123,113],"product_tag":[],"class_list":{"0":"post-11849","1":"product","2":"type-product","3":"status-publish","4":"has-post-thumbnail","6":"brand-gum","7":"product_cat-brosse-a-dents-enfant","8":"product_cat-dentaire","9":"product_cat-hygiene","11":"first","12":"instock","13":"sale","14":"shipping-taxable","15":"purchasable","16":"product-type-simple"},"_links":{"self":[{"href":"https:\/\/calita.ma\/fr\/wp-json\/wp\/v2\/product\/11849","targetHints":{"allow":["GET"]}}],"collection":[{"href":"https:\/\/calita.ma\/fr\/wp-json\/wp\/v2\/product"}],"about":[{"href":"https:\/\/calita.ma\/fr\/wp-json\/wp\/v2\/types\/product"}],"replies":[{"embeddable":true,"href":"https:\/\/calita.ma\/fr\/wp-json\/wp\/v2\/comments?post=11849"}],"version-history":[{"count":1,"href":"https:\/\/calita.ma\/fr\/wp-json\/wp\/v2\/product\/11849\/revisions"}],"predecessor-version":[{"id":11852,"href":"https:\/\/calita.ma\/fr\/wp-json\/wp\/v2\/product\/11849\/revisions\/11852"}],"wp:featuredmedia":[{"embeddable":true,"href":"https:\/\/calita.ma\/fr\/wp-json\/wp\/v2\/media\/11851"}],"wp:attachment":[{"href":"https:\/\/calita.ma\/fr\/wp-json\/wp\/v2\/media?parent=11849"}],"wp:term":[{"taxonomy":"brand","embeddable":true,"href":"https:\/\/calita.ma\/fr\/wp-json\/wp\/v2\/etheme_brands?post=11849"},{"taxonomy":"product_brand","embeddable":true,"href":"https:\/\/calita.ma\/fr\/wp-json\/wp\/v2\/product_brand?post=11849"},{"taxonomy":"product_cat","embeddable":true,"href":"https:\/\/calita.ma\/fr\/wp-json\/wp\/v2\/product_cat?post=11849"},{"taxonomy":"product_tag","embeddable":true,"href":"https:\/\/calita.ma\/fr\/wp-json\/wp\/v2\/product_tag?post=11849"}],"curies":[{"name":"wp","href":"https:\/\/api.w.org\/{rel}","templated":true}]}}