{"id":11846,"date":"2025-01-01T08:46:27","date_gmt":"2025-01-01T08:46:27","guid":{"rendered":"https:\/\/parapharmaciecalifornietah.ma\/?post_type=product&#038;p=11846"},"modified":"2025-01-01T08:59:58","modified_gmt":"2025-01-01T08:59:58","slug":"gum-brosse-a-dents-kids-3-6ans-vert","status":"publish","type":"product","link":"https:\/\/calita.ma\/fr\/produit\/gum-brosse-a-dents-kids-3-6ans-vert\/","title":{"rendered":"GUM BROSSE A DENTS KIDS 3-6ANS VERT"},"content":{"rendered":"<h3><strong>GUM Brosse \u00e0 dents Kids 2-6 ans<\/strong><\/h3>\n<p>Brosser les dents de vos jeunes enfants r\u00e9guli\u00e8rement est tr\u00e8s important, car c\u2019est l\u2019unique moyen de prot\u00e9ger leurs dents de lait de la plaque dentaire et des caries.<\/p>\n<p>Habituer votre enfant \u00e0 un brossage deux fois par jour est un excellent moyen d\u2019\u00e9tablir les fondations de futures bonnes habitudes de soins bucco-dentaires.<\/p>\n<p>Plus t\u00f4t ils commenceront, plus il y a de chances que ces habitudes s\u2019ancrent dans leur routine quotidienne lorsqu\u2019ils seront plus \u00e2g\u00e9s.<\/p>\n<p>Sp\u00e9cialement con\u00e7ue pour les 2 \u00e0 6 ans, elle permet aux enfants d\u2019apprendre \u00e0 se brosser les dents correctement, \u00e9vitant ainsi l\u2019apparition de caries dentaires \u00e0 ce stade crucial de leur d\u00e9veloppement.<\/p>\n<p>&nbsp;<\/p>\n<p><strong>Points FORTS :<\/strong><\/p>\n<div class=\"cmp-teaser__description\">\n<ul>\n<li>T\u00eate ultra compacte et rembourr\u00e9e pour un confort maximal pendant le brossage<\/li>\n<li>Brins souples pour \u00e9liminer la plaque dentaire en douceur<\/li>\n<li>Brins centraux color\u00e9s, indiquant \u00e0 l\u2019enfant la juste quantit\u00e9 de dentifrice \u00e0 apposer<\/li>\n<li>Manche ergonomique avec emplacement pour le pouce facilitant la pr\u00e9hension<\/li>\n<li>Manche avec ventouse pour conserver des brins propres entre chaque utilisation et limiter l\u2019encombrement.<\/li>\n<\/ul>\n<\/div>\n<p>&nbsp;<\/p>","protected":false},"excerpt":{"rendered":"<p>GUM Brosse \u00e0 dents Kids 2-6 ans Brosser les dents de vos jeunes enfants r\u00e9guli\u00e8rement est tr\u00e8s important, car c\u2019est l\u2019unique moyen de prot\u00e9ger leurs&#8230;<\/p>","protected":false},"featured_media":11847,"comment_status":"open","ping_status":"closed","template":"","meta":[],"etheme_brands":[{"term_id":517,"name":"GUM","slug":"gum","term_group":0,"term_taxonomy_id":517,"taxonomy":"brand","description":"","parent":0,"count":79,"filter":"raw"}],"product_brand":[],"product_cat":[128,123,113],"product_tag":[],"class_list":{"0":"post-11846","1":"product","2":"type-product","3":"status-publish","4":"has-post-thumbnail","6":"brand-gum","7":"product_cat-brosse-a-dents-enfant","8":"product_cat-dentaire","9":"product_cat-hygiene","11":"first","12":"instock","13":"sale","14":"shipping-taxable","15":"purchasable","16":"product-type-simple"},"_links":{"self":[{"href":"https:\/\/calita.ma\/fr\/wp-json\/wp\/v2\/product\/11846","targetHints":{"allow":["GET"]}}],"collection":[{"href":"https:\/\/calita.ma\/fr\/wp-json\/wp\/v2\/product"}],"about":[{"href":"https:\/\/calita.ma\/fr\/wp-json\/wp\/v2\/types\/product"}],"replies":[{"embeddable":true,"href":"https:\/\/calita.ma\/fr\/wp-json\/wp\/v2\/comments?post=11846"}],"version-history":[{"count":1,"href":"https:\/\/calita.ma\/fr\/wp-json\/wp\/v2\/product\/11846\/revisions"}],"predecessor-version":[{"id":11848,"href":"https:\/\/calita.ma\/fr\/wp-json\/wp\/v2\/product\/11846\/revisions\/11848"}],"wp:featuredmedia":[{"embeddable":true,"href":"https:\/\/calita.ma\/fr\/wp-json\/wp\/v2\/media\/11847"}],"wp:attachment":[{"href":"https:\/\/calita.ma\/fr\/wp-json\/wp\/v2\/media?parent=11846"}],"wp:term":[{"taxonomy":"brand","embeddable":true,"href":"https:\/\/calita.ma\/fr\/wp-json\/wp\/v2\/etheme_brands?post=11846"},{"taxonomy":"product_brand","embeddable":true,"href":"https:\/\/calita.ma\/fr\/wp-json\/wp\/v2\/product_brand?post=11846"},{"taxonomy":"product_cat","embeddable":true,"href":"https:\/\/calita.ma\/fr\/wp-json\/wp\/v2\/product_cat?post=11846"},{"taxonomy":"product_tag","embeddable":true,"href":"https:\/\/calita.ma\/fr\/wp-json\/wp\/v2\/product_tag?post=11846"}],"curies":[{"name":"wp","href":"https:\/\/api.w.org\/{rel}","templated":true}]}}