{"id":11843,"date":"2025-01-01T08:41:39","date_gmt":"2025-01-01T08:41:39","guid":{"rendered":"https:\/\/parapharmaciecalifornietah.ma\/?post_type=product&#038;p=11843"},"modified":"2025-01-01T08:41:40","modified_gmt":"2025-01-01T08:41:40","slug":"gum-brosse-a-dents-monotouffe","status":"publish","type":"product","link":"https:\/\/calita.ma\/fr\/produit\/gum-brosse-a-dents-monotouffe\/","title":{"rendered":"GUM BROSSE A DENTS MONOTOUFFE"},"content":{"rendered":"<p>La brosse \u00e0 dents GUM\u00ae End Tuft est cliniquement con\u00e7ue pour les zones difficiles \u00e0 atteindre ou simplement difficiles \u00e0 nettoyer o\u00f9 l\u2019accumulation de plaque dentaire deviendra nocive pour les dents ou les gencives.<\/p>\n<p>La petite t\u00eate de brosse ronde comprend sept touffes de poils en nylon doux et serr\u00e9s, taill\u00e9s pour que les poils au centre puissent atteindre plus profond\u00e9ment dans les petits espaces. Le manche de la brosse est con\u00e7u de mani\u00e8re ergonomique pour une prise ferme, donnant le contr\u00f4le et la pr\u00e9cision n\u00e9cessaires pour nettoyer l\u00e0 o\u00f9 la plupart des autres produits de nettoyage ne peuvent pas atteindre.<\/p>\n<p>Les dentistes et les hygi\u00e9nistes dentaires recommandent la brosse \u00e0 dents GUM\u00ae End Tuft pour leurs patients qui pr\u00e9sentent les \u00e9l\u00e9ments suivants :<\/p>\n<ul>\n<li>Espaces expos\u00e9s entre les racines des molaires en raison de la parodontite et de la r\u00e9cession gingivale, gardant les furcations propres.<\/li>\n<li>Proth\u00e8ses dentaires fixes complexes, ponts ou implants dentaires qui sont intrins\u00e8quement difficiles \u00e0 nettoyer.<\/li>\n<li>Appareils orthodontiques.<\/li>\n<li>Difficult\u00e9 \u00e0 nettoyer les surfaces arri\u00e8re des derni\u00e8res dents \u00e0 l\u2019extr\u00e9mit\u00e9 de l\u2019arcade dentaire \u00e0 l\u2019arri\u00e8re de la bouche.<\/li>\n<li>Autres zones difficiles d\u2019acc\u00e8s que seul votre dentiste ou hygi\u00e9niste dentaire peut identifier.<\/li>\n<\/ul>","protected":false},"excerpt":{"rendered":"<p>La brosse \u00e0 dents GUM\u00ae End Tuft est cliniquement con\u00e7ue pour les zones difficiles \u00e0 atteindre ou simplement difficiles \u00e0 nettoyer o\u00f9 l\u2019accumulation de plaque&#8230;<\/p>","protected":false},"featured_media":11844,"comment_status":"open","ping_status":"closed","template":"","meta":[],"etheme_brands":[{"term_id":517,"name":"GUM","slug":"gum","term_group":0,"term_taxonomy_id":517,"taxonomy":"brand","description":"","parent":0,"count":79,"filter":"raw"}],"product_brand":[],"product_cat":[127,123,113],"product_tag":[],"class_list":{"0":"post-11843","1":"product","2":"type-product","3":"status-publish","4":"has-post-thumbnail","6":"brand-gum","7":"product_cat-brosse-a-dents","8":"product_cat-dentaire","9":"product_cat-hygiene","11":"first","12":"instock","13":"sale","14":"shipping-taxable","15":"purchasable","16":"product-type-simple"},"_links":{"self":[{"href":"https:\/\/calita.ma\/fr\/wp-json\/wp\/v2\/product\/11843","targetHints":{"allow":["GET"]}}],"collection":[{"href":"https:\/\/calita.ma\/fr\/wp-json\/wp\/v2\/product"}],"about":[{"href":"https:\/\/calita.ma\/fr\/wp-json\/wp\/v2\/types\/product"}],"replies":[{"embeddable":true,"href":"https:\/\/calita.ma\/fr\/wp-json\/wp\/v2\/comments?post=11843"}],"version-history":[{"count":1,"href":"https:\/\/calita.ma\/fr\/wp-json\/wp\/v2\/product\/11843\/revisions"}],"predecessor-version":[{"id":11845,"href":"https:\/\/calita.ma\/fr\/wp-json\/wp\/v2\/product\/11843\/revisions\/11845"}],"wp:featuredmedia":[{"embeddable":true,"href":"https:\/\/calita.ma\/fr\/wp-json\/wp\/v2\/media\/11844"}],"wp:attachment":[{"href":"https:\/\/calita.ma\/fr\/wp-json\/wp\/v2\/media?parent=11843"}],"wp:term":[{"taxonomy":"brand","embeddable":true,"href":"https:\/\/calita.ma\/fr\/wp-json\/wp\/v2\/etheme_brands?post=11843"},{"taxonomy":"product_brand","embeddable":true,"href":"https:\/\/calita.ma\/fr\/wp-json\/wp\/v2\/product_brand?post=11843"},{"taxonomy":"product_cat","embeddable":true,"href":"https:\/\/calita.ma\/fr\/wp-json\/wp\/v2\/product_cat?post=11843"},{"taxonomy":"product_tag","embeddable":true,"href":"https:\/\/calita.ma\/fr\/wp-json\/wp\/v2\/product_tag?post=11843"}],"curies":[{"name":"wp","href":"https:\/\/api.w.org\/{rel}","templated":true}]}}