{"id":11839,"date":"2025-01-01T08:34:25","date_gmt":"2025-01-01T08:34:25","guid":{"rendered":"https:\/\/parapharmaciecalifornietah.ma\/?post_type=product&#038;p=11839"},"modified":"2025-01-01T08:34:25","modified_gmt":"2025-01-01T08:34:25","slug":"gum-brosse-a-dents-post-operation-delicate-2","status":"publish","type":"product","link":"https:\/\/calita.ma\/fr\/produit\/gum-brosse-a-dents-post-operation-delicate-2\/","title":{"rendered":"GUM BROSSE A DENTS POST OPERATION DELICATE"},"content":{"rendered":"<p><strong>GUM Post-Op\u00e9ration 317 est une brosse \u00e0 dents ultra souple id\u00e9ale pour :<\/strong><\/p>\n<p>&#8211; Hygi\u00e8ne post-op\u00e9ratoire<\/p>\n<p>&#8211; Extractions<\/p>\n<p>&#8211; Pose d&#8217;implants<\/p>\n<p>&#8211; Greffes<\/p>\n<p>&#8211; Probl\u00e8mes de gencives<\/p>\n<p>&#8211; Irritations et ulc\u00e9rations buccales.<\/p>\n<p>Brosse \u00e0 dents chirurgicale pour adulte , 4 rangs.<\/p>\n<p>T\u00eate plate : en cas de chirurgie, permet de nettoyer la zone op\u00e9r\u00e9e et d&#8217;appliquer un gel \u00e0 base de chlorhexidine (par exemple GUM Paroex).<\/p>\n<p>Manche ergonomique : grip en caoutchouc pour une meilleure prise en main. Col long et effil\u00e9 pour un acc\u00e8s facilit\u00e9 au secteur post\u00e9rieur.<\/p>\n<div class=\"content_zone_desc bloc_depliable_cnt cnt_deplie tabcontent\">\n<div>\n<div id=\"type_info_prio_6_1\">\n<p>Placer la brosse \u00e0 dents le long de la gencive de fa\u00e7on \u00e0 former un angle de 45\u00b0. Les brins s&#8217;ins\u00e9reront dans le sillon gingivo-dentaire et pourront r\u00e9colter la plaque qui s&#8217;y est form\u00e9e.<\/p>\n<p>Brosser doucement la face externe d&#8217;un groupe de 2 ou 3 dents en effectuant un mouvement rotatif allant des gencives vers les dents. R\u00e9p\u00e9ter ce mouvement sur le groupe suivant de 2 ou 3 dents et ainsi de suite pour toutes les dents des arcades.<\/p>\n<p>Brosser les faces internes des dents de la m\u00eame mani\u00e8re que les faces externes en maintenant l&#8217;angle de 45\u00b0 entre la brosse et le sillon gingivo-dentaire.<\/p>\n<p>Au niveau des incisives sup\u00e9rieures et inf\u00e9rieures, effectuer un mouvement de va-et-vient en utilisant l&#8217;extr\u00e9mit\u00e9 de la t\u00eate de la brosse \u00e0 dents.<\/p>\n<p>En dernier lieu, brosser les faces occlusales &#8211; celles qui servent \u00e0 mastiquer &#8211; des molaires en un mouvement horizontal.<\/p>\n<\/div>\n<div class=\"description_indication\"><span class=\"bold\">Indication<\/span>\u00a0:\u00a0<span id=\"type_info_prio_6_2_1\">Hygi\u00e8ne dentaire, plaque dentaire. Extraction dentaire, curetage, chirurgie parondontale, greffe gingivale, chirurgie implantaire, ulc\u00e9rations, postradioth\u00e9rapie de la sph\u00e8re ORL. Adulte.<\/span><\/div>\n<\/div>\n<\/div>","protected":false},"excerpt":{"rendered":"<p>GUM Post-Op\u00e9ration 317 est une brosse \u00e0 dents ultra souple id\u00e9ale pour : &#8211; Hygi\u00e8ne post-op\u00e9ratoire &#8211; Extractions &#8211; Pose d&#8217;implants &#8211; Greffes &#8211; Probl\u00e8mes&#8230;<\/p>","protected":false},"featured_media":11840,"comment_status":"open","ping_status":"closed","template":"","meta":[],"etheme_brands":[{"term_id":517,"name":"GUM","slug":"gum","term_group":0,"term_taxonomy_id":517,"taxonomy":"brand","description":"","parent":0,"count":79,"filter":"raw"}],"product_brand":[],"product_cat":[127,123,113],"product_tag":[],"class_list":{"0":"post-11839","1":"product","2":"type-product","3":"status-publish","4":"has-post-thumbnail","6":"brand-gum","7":"product_cat-brosse-a-dents","8":"product_cat-dentaire","9":"product_cat-hygiene","11":"first","12":"instock","13":"sale","14":"shipping-taxable","15":"purchasable","16":"product-type-simple"},"_links":{"self":[{"href":"https:\/\/calita.ma\/fr\/wp-json\/wp\/v2\/product\/11839","targetHints":{"allow":["GET"]}}],"collection":[{"href":"https:\/\/calita.ma\/fr\/wp-json\/wp\/v2\/product"}],"about":[{"href":"https:\/\/calita.ma\/fr\/wp-json\/wp\/v2\/types\/product"}],"replies":[{"embeddable":true,"href":"https:\/\/calita.ma\/fr\/wp-json\/wp\/v2\/comments?post=11839"}],"version-history":[{"count":1,"href":"https:\/\/calita.ma\/fr\/wp-json\/wp\/v2\/product\/11839\/revisions"}],"predecessor-version":[{"id":11842,"href":"https:\/\/calita.ma\/fr\/wp-json\/wp\/v2\/product\/11839\/revisions\/11842"}],"wp:featuredmedia":[{"embeddable":true,"href":"https:\/\/calita.ma\/fr\/wp-json\/wp\/v2\/media\/11840"}],"wp:attachment":[{"href":"https:\/\/calita.ma\/fr\/wp-json\/wp\/v2\/media?parent=11839"}],"wp:term":[{"taxonomy":"brand","embeddable":true,"href":"https:\/\/calita.ma\/fr\/wp-json\/wp\/v2\/etheme_brands?post=11839"},{"taxonomy":"product_brand","embeddable":true,"href":"https:\/\/calita.ma\/fr\/wp-json\/wp\/v2\/product_brand?post=11839"},{"taxonomy":"product_cat","embeddable":true,"href":"https:\/\/calita.ma\/fr\/wp-json\/wp\/v2\/product_cat?post=11839"},{"taxonomy":"product_tag","embeddable":true,"href":"https:\/\/calita.ma\/fr\/wp-json\/wp\/v2\/product_tag?post=11839"}],"curies":[{"name":"wp","href":"https:\/\/api.w.org\/{rel}","templated":true}]}}