{"id":11833,"date":"2025-01-01T08:27:55","date_gmt":"2025-01-01T08:27:55","guid":{"rendered":"https:\/\/parapharmaciecalifornietah.ma\/?post_type=product&#038;p=11833"},"modified":"2025-01-01T08:27:56","modified_gmt":"2025-01-01T08:27:56","slug":"gum-brosse-a-dents-activital-medium-2","status":"publish","type":"product","link":"https:\/\/calita.ma\/fr\/produit\/gum-brosse-a-dents-activital-medium-2\/","title":{"rendered":"GUM BROSSE A DENTS ACTIVITAL MEDIUM"},"content":{"rendered":"<p>La gamme GUM ActiVital a \u00e9t\u00e9 sp\u00e9cialement con\u00e7ue pour pr\u00e9server vos dents et gencives au quotidien, et pr\u00e9venir les probl\u00e8mes de sant\u00e9 avant qu\u2019ils ne surviennent.<\/p>\n<p>GUM Brosse \u00e0 Dents Activital 583 Medium \u00e9limine efficacement la plaque dentaire dans les zones difficiles d&#8217;acc\u00e8s.<\/p>\n<p>Elle permet un nettoyage efficace gr\u00e2ce l&#8217;implantation particuli\u00e8re de sa combinaison de brins \u00e0 formes rectangulaire et triangulaire et gr\u00e2ce \u00e0 sa t\u00eate compacte.<\/p>\n<p>Elle \u00e9limine la plaque en douceur, sans endommager les gencives, \u00e0 l&#8217;aide de ses micro-brins et absorbe la pression excessive de brossage gr\u00e2ce \u00e0 son manche ergonomique et \u00e0 son cou fin.<\/p>\n<p>Caract\u00e9ristiques du mod\u00e8le 583 : Texture medium, format compact.<\/p>\n<p>La conception de la brosse \u00e0 dents GUMActiVital est unique et innovante : ses brins s\u2019ajustent parfaitement \u00e0 la forme de la dent, permettant l\u2019\u00e9limination de la plaque m\u00eame dans les zones difficiles d\u2019acc\u00e8s, tels que les espaces interdentaires et le sillon gingival.<\/p>\n<p><strong>Points forts<\/strong><\/p>\n<p>&nbsp;<\/p>\n<p>1. Micro-brins, en touffes triangulaires et rectangulaires pour un nettoyage plus doux et efficace qu\u2019une brosse ordinaire<\/p>\n<p>2. T\u00eate ultra-compacte pour un acc\u00e8s plus ais\u00e9 aux zones difficiles \u00e0 atteindre<\/p>\n<p>3. Manche ergonomique et cou tr\u00e8s fin pour un meilleur contr\u00f4le lors du brossage, assurant un geste doux, tel que recommand\u00e9 par les dentistes, pour prot\u00e9ger les gencives contre les dommages<\/p>\n<p>4. Capuchon hygi\u00e9nique fourni<\/p>","protected":false},"excerpt":{"rendered":"<p>La gamme GUM ActiVital a \u00e9t\u00e9 sp\u00e9cialement con\u00e7ue pour pr\u00e9server vos dents et gencives au quotidien, et pr\u00e9venir les probl\u00e8mes de sant\u00e9 avant qu\u2019ils ne&#8230;<\/p>","protected":false},"featured_media":11834,"comment_status":"open","ping_status":"closed","template":"","meta":[],"etheme_brands":[{"term_id":517,"name":"GUM","slug":"gum","term_group":0,"term_taxonomy_id":517,"taxonomy":"brand","description":"","parent":0,"count":79,"filter":"raw"}],"product_brand":[],"product_cat":[127,123,113],"product_tag":[],"class_list":{"0":"post-11833","1":"product","2":"type-product","3":"status-publish","4":"has-post-thumbnail","6":"brand-gum","7":"product_cat-brosse-a-dents","8":"product_cat-dentaire","9":"product_cat-hygiene","11":"first","12":"instock","13":"sale","14":"shipping-taxable","15":"purchasable","16":"product-type-simple"},"_links":{"self":[{"href":"https:\/\/calita.ma\/fr\/wp-json\/wp\/v2\/product\/11833","targetHints":{"allow":["GET"]}}],"collection":[{"href":"https:\/\/calita.ma\/fr\/wp-json\/wp\/v2\/product"}],"about":[{"href":"https:\/\/calita.ma\/fr\/wp-json\/wp\/v2\/types\/product"}],"replies":[{"embeddable":true,"href":"https:\/\/calita.ma\/fr\/wp-json\/wp\/v2\/comments?post=11833"}],"version-history":[{"count":1,"href":"https:\/\/calita.ma\/fr\/wp-json\/wp\/v2\/product\/11833\/revisions"}],"predecessor-version":[{"id":11835,"href":"https:\/\/calita.ma\/fr\/wp-json\/wp\/v2\/product\/11833\/revisions\/11835"}],"wp:featuredmedia":[{"embeddable":true,"href":"https:\/\/calita.ma\/fr\/wp-json\/wp\/v2\/media\/11834"}],"wp:attachment":[{"href":"https:\/\/calita.ma\/fr\/wp-json\/wp\/v2\/media?parent=11833"}],"wp:term":[{"taxonomy":"brand","embeddable":true,"href":"https:\/\/calita.ma\/fr\/wp-json\/wp\/v2\/etheme_brands?post=11833"},{"taxonomy":"product_brand","embeddable":true,"href":"https:\/\/calita.ma\/fr\/wp-json\/wp\/v2\/product_brand?post=11833"},{"taxonomy":"product_cat","embeddable":true,"href":"https:\/\/calita.ma\/fr\/wp-json\/wp\/v2\/product_cat?post=11833"},{"taxonomy":"product_tag","embeddable":true,"href":"https:\/\/calita.ma\/fr\/wp-json\/wp\/v2\/product_tag?post=11833"}],"curies":[{"name":"wp","href":"https:\/\/api.w.org\/{rel}","templated":true}]}}