{"id":11830,"date":"2024-12-31T16:00:41","date_gmt":"2024-12-31T16:00:41","guid":{"rendered":"https:\/\/parapharmaciecalifornietah.ma\/?post_type=product&#038;p=11830"},"modified":"2024-12-31T16:00:41","modified_gmt":"2024-12-31T16:00:41","slug":"gum-brosse-a-dents-post-operation-delicate","status":"publish","type":"product","link":"https:\/\/calita.ma\/fr\/produit\/gum-brosse-a-dents-post-operation-delicate\/","title":{"rendered":"GUM BROSSE A DENTS POST OPERATION DELICATE"},"content":{"rendered":"<p>GUM Gratte Langue Double Action. Hygi\u00e8ne buccale, probl\u00e8mes d\u2019haleine. Sa t\u00eate triangulaire \u00e9vid\u00e9e, dot\u00e9e d\u2019un cot\u00e9 pour \u00ab racler \u00bb et d\u2019un autre pour brosser, permet d\u2019\u00e9liminer efficacement l\u2019enduit lingual. Manche grip en \u00e9lastom\u00e8re bi-face pour une excellente prise en main, quel que soit le cot\u00e9 utilis\u00e9.<\/p>\n<p>&nbsp;<\/p>\n<p>Conseils d&#8217;utilisation :<\/p>\n<p>&nbsp;<\/p>\n<p>Utiliser le Gratte Langue GUM\u00ae Double action chaque matin, apr\u00e8s le brossage des dents . Racler et\/ou brosser la partie centrale et les parties lat\u00e9rales de la langue. En cas de probl\u00e8mes d\u2019haleine, il est conseill\u00e9 d\u2019utiliser le Gratte Langue GUM \u00aeDouble action en association avec GUM\u00ae GINGIDEX bain de bouche et dentifrice.<\/p>","protected":false},"excerpt":{"rendered":"<p>GUM Gratte Langue Double Action. Hygi\u00e8ne buccale, probl\u00e8mes d\u2019haleine. Sa t\u00eate triangulaire \u00e9vid\u00e9e, dot\u00e9e d\u2019un cot\u00e9 pour \u00ab racler \u00bb et d\u2019un autre pour brosser,&#8230;<\/p>","protected":false},"featured_media":11831,"comment_status":"open","ping_status":"closed","template":"","meta":[],"etheme_brands":[{"term_id":517,"name":"GUM","slug":"gum","term_group":0,"term_taxonomy_id":517,"taxonomy":"brand","description":"","parent":0,"count":79,"filter":"raw"}],"product_brand":[],"product_cat":[127,123,113],"product_tag":[],"class_list":{"0":"post-11830","1":"product","2":"type-product","3":"status-publish","4":"has-post-thumbnail","6":"brand-gum","7":"product_cat-brosse-a-dents","8":"product_cat-dentaire","9":"product_cat-hygiene","11":"first","12":"instock","13":"sale","14":"shipping-taxable","15":"purchasable","16":"product-type-simple"},"_links":{"self":[{"href":"https:\/\/calita.ma\/fr\/wp-json\/wp\/v2\/product\/11830","targetHints":{"allow":["GET"]}}],"collection":[{"href":"https:\/\/calita.ma\/fr\/wp-json\/wp\/v2\/product"}],"about":[{"href":"https:\/\/calita.ma\/fr\/wp-json\/wp\/v2\/types\/product"}],"replies":[{"embeddable":true,"href":"https:\/\/calita.ma\/fr\/wp-json\/wp\/v2\/comments?post=11830"}],"version-history":[{"count":1,"href":"https:\/\/calita.ma\/fr\/wp-json\/wp\/v2\/product\/11830\/revisions"}],"predecessor-version":[{"id":11832,"href":"https:\/\/calita.ma\/fr\/wp-json\/wp\/v2\/product\/11830\/revisions\/11832"}],"wp:featuredmedia":[{"embeddable":true,"href":"https:\/\/calita.ma\/fr\/wp-json\/wp\/v2\/media\/11831"}],"wp:attachment":[{"href":"https:\/\/calita.ma\/fr\/wp-json\/wp\/v2\/media?parent=11830"}],"wp:term":[{"taxonomy":"brand","embeddable":true,"href":"https:\/\/calita.ma\/fr\/wp-json\/wp\/v2\/etheme_brands?post=11830"},{"taxonomy":"product_brand","embeddable":true,"href":"https:\/\/calita.ma\/fr\/wp-json\/wp\/v2\/product_brand?post=11830"},{"taxonomy":"product_cat","embeddable":true,"href":"https:\/\/calita.ma\/fr\/wp-json\/wp\/v2\/product_cat?post=11830"},{"taxonomy":"product_tag","embeddable":true,"href":"https:\/\/calita.ma\/fr\/wp-json\/wp\/v2\/product_tag?post=11830"}],"curies":[{"name":"wp","href":"https:\/\/api.w.org\/{rel}","templated":true}]}}