{"id":11827,"date":"2024-12-31T15:54:33","date_gmt":"2024-12-31T15:54:33","guid":{"rendered":"https:\/\/parapharmaciecalifornietah.ma\/?post_type=product&#038;p=11827"},"modified":"2024-12-31T15:54:33","modified_gmt":"2024-12-31T15:54:33","slug":"gum-brosse-a-dents-super-tip-medium","status":"publish","type":"product","link":"https:\/\/calita.ma\/fr\/produit\/gum-brosse-a-dents-super-tip-medium\/","title":{"rendered":"GUM BROSSE A DENTS SUPER-TIP MEDIUM"},"content":{"rendered":"<p>La Brosse \u00e0 Dents Super Tip Medium Compacte 463 de GUM poss\u00e8de trois niveaux de brins :<\/p>\n<p>\u2013 Les brins SuperTip, situ\u00e9s \u00e0 l\u2019extr\u00e9mit\u00e9 de la t\u00eate, qui permettent de nettoyer les faces des dents difficiles \u00e0 atteindre, notamment les espaces interdentaires ;<\/p>\n<p>\u2013 Les brins centraux surelev\u00e9s qui p\u00e9n\u00e8trent en douceur dans le sillon gingivo-dentaire pour \u00e9liminer les r\u00e9sidus alimentaires sans irriter les gencives ;<\/p>\n<p>\u2013 Les brins ext\u00e9rieurs qui nettoient toutes les surfaces des dents et contribuent au massage des gencives.<\/p>\n<p>Cette brosse \u00e0 dents manuelle est munie d\u2019une protection afin de conserver son hygi\u00e8ne entre chaque brossage.<\/p>\n<p>\u2013 Appliquer un brossage d\u00e9licat sur toutes les faces de chaque dent.<\/p>\n<p>\u2013 Il est recommand\u00e9 de se brosser les dents pendant 3 minutes apr\u00e8s chaque repas.<\/p>\n<p>\u2013 Adapt\u00e9e \u00e0 un usage adulte et adolescent.<\/p>","protected":false},"excerpt":{"rendered":"<p>La Brosse \u00e0 Dents Super Tip Medium Compacte 463 de GUM poss\u00e8de trois niveaux de brins : \u2013 Les brins SuperTip, situ\u00e9s \u00e0 l\u2019extr\u00e9mit\u00e9 de&#8230;<\/p>","protected":false},"featured_media":11828,"comment_status":"open","ping_status":"closed","template":"","meta":[],"etheme_brands":[{"term_id":517,"name":"GUM","slug":"gum","term_group":0,"term_taxonomy_id":517,"taxonomy":"brand","description":"","parent":0,"count":79,"filter":"raw"}],"product_brand":[],"product_cat":[127,123,113],"product_tag":[],"class_list":{"0":"post-11827","1":"product","2":"type-product","3":"status-publish","4":"has-post-thumbnail","6":"brand-gum","7":"product_cat-brosse-a-dents","8":"product_cat-dentaire","9":"product_cat-hygiene","11":"first","12":"instock","13":"sale","14":"shipping-taxable","15":"purchasable","16":"product-type-simple"},"_links":{"self":[{"href":"https:\/\/calita.ma\/fr\/wp-json\/wp\/v2\/product\/11827","targetHints":{"allow":["GET"]}}],"collection":[{"href":"https:\/\/calita.ma\/fr\/wp-json\/wp\/v2\/product"}],"about":[{"href":"https:\/\/calita.ma\/fr\/wp-json\/wp\/v2\/types\/product"}],"replies":[{"embeddable":true,"href":"https:\/\/calita.ma\/fr\/wp-json\/wp\/v2\/comments?post=11827"}],"version-history":[{"count":1,"href":"https:\/\/calita.ma\/fr\/wp-json\/wp\/v2\/product\/11827\/revisions"}],"predecessor-version":[{"id":11829,"href":"https:\/\/calita.ma\/fr\/wp-json\/wp\/v2\/product\/11827\/revisions\/11829"}],"wp:featuredmedia":[{"embeddable":true,"href":"https:\/\/calita.ma\/fr\/wp-json\/wp\/v2\/media\/11828"}],"wp:attachment":[{"href":"https:\/\/calita.ma\/fr\/wp-json\/wp\/v2\/media?parent=11827"}],"wp:term":[{"taxonomy":"brand","embeddable":true,"href":"https:\/\/calita.ma\/fr\/wp-json\/wp\/v2\/etheme_brands?post=11827"},{"taxonomy":"product_brand","embeddable":true,"href":"https:\/\/calita.ma\/fr\/wp-json\/wp\/v2\/product_brand?post=11827"},{"taxonomy":"product_cat","embeddable":true,"href":"https:\/\/calita.ma\/fr\/wp-json\/wp\/v2\/product_cat?post=11827"},{"taxonomy":"product_tag","embeddable":true,"href":"https:\/\/calita.ma\/fr\/wp-json\/wp\/v2\/product_tag?post=11827"}],"curies":[{"name":"wp","href":"https:\/\/api.w.org\/{rel}","templated":true}]}}