{"id":11824,"date":"2024-12-31T15:42:41","date_gmt":"2024-12-31T15:42:41","guid":{"rendered":"https:\/\/parapharmaciecalifornietah.ma\/?post_type=product&#038;p=11824"},"modified":"2024-12-31T15:42:41","modified_gmt":"2024-12-31T15:42:41","slug":"gum-brosse-a-dents-ortho-voyage","status":"publish","type":"product","link":"https:\/\/calita.ma\/fr\/produit\/gum-brosse-a-dents-ortho-voyage\/","title":{"rendered":"GUM BROSSE A DENTS ORTHO-VOYAGE"},"content":{"rendered":"<p><strong>Gum<\/strong>\u00a0a \u00e9labor\u00e9 cette\u00a0<strong>brosse \u00e0 dents compacte<\/strong>\u00a0et facile \u00e0 transporter pour vous accompagner en<strong>\u00a0voyage en avion<\/strong>, en\u00a0<strong>camping<\/strong>\u00a0ou en<strong>\u00a0week-end<\/strong>. Elle vous permet de garder une\u00a0<strong>hygi\u00e8ne bucco-dentaire<\/strong>\u00a0irr\u00e9prochable en toute circonstance.<\/p>\n<p>Cette brosse \u00e0 dents de taille standard, se replie en un rien de temps dans le manche pour un gain de place dans votre trousse de soin et une hygi\u00e8ne optimale lors du voyage. Des<strong>\u00a0espaces de ventilation<\/strong>\u00a0dans le manche \u00e9vitent l&#8217;exc\u00e8s d&#8217;humidit\u00e9 et le d\u00e9veloppement de moisissures. L\u2019implantation de brins sur cette brosse \u00e0 dents Gum permet une bonne insertion des poils dans les espaces interdentaires, lieux difficiles d&#8217;acc\u00e8s o\u00f9 peuvent se d\u00e9velopper des caries, et permet d&#8217;\u00e9liminer efficacement la plaque dentaire, \u00e0 la surface de la dent et sous le sillon gingival. Ils sont par ailleurs<strong>\u00a0impr\u00e9gn\u00e9s d&#8217;un agent anti-bact\u00e9rien<\/strong>\u00a0(chlorhexidine) pour emp\u00eacher la prolif\u00e9ration des bact\u00e9ries entre les brossages.<\/p>","protected":false},"excerpt":{"rendered":"<p>Gum\u00a0a \u00e9labor\u00e9 cette\u00a0brosse \u00e0 dents compacte\u00a0et facile \u00e0 transporter pour vous accompagner en\u00a0voyage en avion, en\u00a0camping\u00a0ou en\u00a0week-end. Elle vous permet de garder une\u00a0hygi\u00e8ne bucco-dentaire\u00a0irr\u00e9prochable en&#8230;<\/p>","protected":false},"featured_media":11825,"comment_status":"open","ping_status":"closed","template":"","meta":[],"etheme_brands":[{"term_id":517,"name":"GUM","slug":"gum","term_group":0,"term_taxonomy_id":517,"taxonomy":"brand","description":"","parent":0,"count":79,"filter":"raw"}],"product_brand":[],"product_cat":[127,123,113],"product_tag":[],"class_list":{"0":"post-11824","1":"product","2":"type-product","3":"status-publish","4":"has-post-thumbnail","6":"brand-gum","7":"product_cat-brosse-a-dents","8":"product_cat-dentaire","9":"product_cat-hygiene","11":"first","12":"instock","13":"sale","14":"shipping-taxable","15":"purchasable","16":"product-type-simple"},"_links":{"self":[{"href":"https:\/\/calita.ma\/fr\/wp-json\/wp\/v2\/product\/11824","targetHints":{"allow":["GET"]}}],"collection":[{"href":"https:\/\/calita.ma\/fr\/wp-json\/wp\/v2\/product"}],"about":[{"href":"https:\/\/calita.ma\/fr\/wp-json\/wp\/v2\/types\/product"}],"replies":[{"embeddable":true,"href":"https:\/\/calita.ma\/fr\/wp-json\/wp\/v2\/comments?post=11824"}],"version-history":[{"count":1,"href":"https:\/\/calita.ma\/fr\/wp-json\/wp\/v2\/product\/11824\/revisions"}],"predecessor-version":[{"id":11826,"href":"https:\/\/calita.ma\/fr\/wp-json\/wp\/v2\/product\/11824\/revisions\/11826"}],"wp:featuredmedia":[{"embeddable":true,"href":"https:\/\/calita.ma\/fr\/wp-json\/wp\/v2\/media\/11825"}],"wp:attachment":[{"href":"https:\/\/calita.ma\/fr\/wp-json\/wp\/v2\/media?parent=11824"}],"wp:term":[{"taxonomy":"brand","embeddable":true,"href":"https:\/\/calita.ma\/fr\/wp-json\/wp\/v2\/etheme_brands?post=11824"},{"taxonomy":"product_brand","embeddable":true,"href":"https:\/\/calita.ma\/fr\/wp-json\/wp\/v2\/product_brand?post=11824"},{"taxonomy":"product_cat","embeddable":true,"href":"https:\/\/calita.ma\/fr\/wp-json\/wp\/v2\/product_cat?post=11824"},{"taxonomy":"product_tag","embeddable":true,"href":"https:\/\/calita.ma\/fr\/wp-json\/wp\/v2\/product_tag?post=11824"}],"curies":[{"name":"wp","href":"https:\/\/api.w.org\/{rel}","templated":true}]}}