{"id":11796,"date":"2024-12-31T10:30:06","date_gmt":"2024-12-31T10:30:06","guid":{"rendered":"https:\/\/parapharmaciecalifornietah.ma\/?post_type=product&#038;p=11796"},"modified":"2024-12-31T10:30:06","modified_gmt":"2024-12-31T10:30:06","slug":"gum-brosse-a-dents-technique-medium-normal","status":"publish","type":"product","link":"https:\/\/calita.ma\/fr\/produit\/gum-brosse-a-dents-technique-medium-normal\/","title":{"rendered":"GUM BROSSE A DENTS TECHNIQUE MEDIUM NORMAL"},"content":{"rendered":"<p style=\"font-weight: 400;\">Brosses a Dents GUM Technique Medium Normale r\u00e9f: 492.<br \/>\nPour un brossage haute performance.<br \/>\nManche Quad-Grip : la conception de ce manche (en losange) oriente tout naturellement les brins selon l&#8217;angle id\u00e9al de brossage : 45\u00b0.<br \/>\nPour apprendre et adopter le geste parfait du brossage \u00e0 45\u00b0.<br \/>\nCoupe en d\u00f4me : les 2 rang\u00e9es centrales surelev\u00e9es permettent d&#8217;\u00e9liminer efficacement la plaque dentaire. en particulier au niveau du sillon gingivo-dentaire.<br \/>\nManche ergonomique : bi-mati\u00e8re (polypropyl\u00e8ne\/\u00e9lastom\u00e8re).<br \/>\nAssure une excellente prise en main et procure un confort d&#8217;utilisation pour un brossage plus efficace.\n<\/p>\n<p style=\"font-weight: 400;\"><b><strong>Conseils d&#8217;utilisation<\/strong><\/b><\/p>\n<p style=\"font-weight: 400;\">Il est recommand\u00e9 de se brosser les dents apr\u00e8s chaque repas.<\/p>\n<p style=\"font-weight: 400;\"><b><strong>Composition<\/strong><\/b><\/p>\n<p style=\"font-weight: 400;\">Composition : Manche ergonomique : bi-mati\u00e8re (polypropyl\u00e8ne\/\u00e9lastom\u00e8re).<\/p>","protected":false},"excerpt":{"rendered":"<p>Brosses a Dents GUM Technique Medium Normale r\u00e9f: 492. Pour un brossage haute performance. Manche Quad-Grip : la conception de ce manche (en losange) oriente&#8230;<\/p>","protected":false},"featured_media":11797,"comment_status":"open","ping_status":"closed","template":"","meta":[],"etheme_brands":[{"term_id":517,"name":"GUM","slug":"gum","term_group":0,"term_taxonomy_id":517,"taxonomy":"brand","description":"","parent":0,"count":79,"filter":"raw"}],"product_brand":[],"product_cat":[127,123,113],"product_tag":[],"class_list":{"0":"post-11796","1":"product","2":"type-product","3":"status-publish","4":"has-post-thumbnail","6":"brand-gum","7":"product_cat-brosse-a-dents","8":"product_cat-dentaire","9":"product_cat-hygiene","11":"first","12":"instock","13":"sale","14":"shipping-taxable","15":"purchasable","16":"product-type-simple"},"_links":{"self":[{"href":"https:\/\/calita.ma\/fr\/wp-json\/wp\/v2\/product\/11796","targetHints":{"allow":["GET"]}}],"collection":[{"href":"https:\/\/calita.ma\/fr\/wp-json\/wp\/v2\/product"}],"about":[{"href":"https:\/\/calita.ma\/fr\/wp-json\/wp\/v2\/types\/product"}],"replies":[{"embeddable":true,"href":"https:\/\/calita.ma\/fr\/wp-json\/wp\/v2\/comments?post=11796"}],"version-history":[{"count":1,"href":"https:\/\/calita.ma\/fr\/wp-json\/wp\/v2\/product\/11796\/revisions"}],"predecessor-version":[{"id":11798,"href":"https:\/\/calita.ma\/fr\/wp-json\/wp\/v2\/product\/11796\/revisions\/11798"}],"wp:featuredmedia":[{"embeddable":true,"href":"https:\/\/calita.ma\/fr\/wp-json\/wp\/v2\/media\/11797"}],"wp:attachment":[{"href":"https:\/\/calita.ma\/fr\/wp-json\/wp\/v2\/media?parent=11796"}],"wp:term":[{"taxonomy":"brand","embeddable":true,"href":"https:\/\/calita.ma\/fr\/wp-json\/wp\/v2\/etheme_brands?post=11796"},{"taxonomy":"product_brand","embeddable":true,"href":"https:\/\/calita.ma\/fr\/wp-json\/wp\/v2\/product_brand?post=11796"},{"taxonomy":"product_cat","embeddable":true,"href":"https:\/\/calita.ma\/fr\/wp-json\/wp\/v2\/product_cat?post=11796"},{"taxonomy":"product_tag","embeddable":true,"href":"https:\/\/calita.ma\/fr\/wp-json\/wp\/v2\/product_tag?post=11796"}],"curies":[{"name":"wp","href":"https:\/\/api.w.org\/{rel}","templated":true}]}}