{"id":11793,"date":"2024-12-31T10:27:45","date_gmt":"2024-12-31T10:27:45","guid":{"rendered":"https:\/\/parapharmaciecalifornietah.ma\/?post_type=product&#038;p=11793"},"modified":"2024-12-31T10:27:45","modified_gmt":"2024-12-31T10:27:45","slug":"gum-brosse-a-dents-technique-souple-compacte","status":"publish","type":"product","link":"https:\/\/calita.ma\/fr\/produit\/gum-brosse-a-dents-technique-souple-compacte\/","title":{"rendered":"GUM BROSSE A DENTS TECHNIQUE SOUPLE COMPACTE"},"content":{"rendered":"<p>La brosse \u00e0 dents Technique Souple Compacte de la marque Gum est un dispositif d\u2019hygi\u00e8ne dentaire hautement performant. La premi\u00e8re qualit\u00e9 de ce produit est son manche Quad-Grip. Celui-ci pr\u00e9sente une conception en losange. Il oriente naturellement les brins de la brosse \u00e0 un angle id\u00e9al de 45 degr\u00e9s, essentiel pour adopter la technique de brossage parfaite.<\/p>\n<p>La t\u00eate de la brosse pr\u00e9sente une coupe en forme de d\u00f4me avec deux rang\u00e9es centrales sur\u00e9lev\u00e9es. Elle permet d\u2019\u00e9liminer de mani\u00e8re efficace la plaque dentaire, en particulier dans la r\u00e9gion du sillon gingivo-dentaire. Cette caract\u00e9ristique est essentielle pour maintenir une bonne sant\u00e9 bucco-dentaire. En effet, elle cible sp\u00e9cifiquement les zones o\u00f9 les probl\u00e8mes gingivaux ont tendance \u00e0 se d\u00e9velopper.<\/p>\n<p>Le manche de la brosse est ergonomique. Il est fabriqu\u00e9 \u00e0 partir d\u2019une combinaison de polypropyl\u00e8ne et d\u2019\u00e9lastom\u00e8re. Vous disposerez alors d\u2019une excellente prise en main et d\u2019un confort d\u2019utilisation optimal.<\/p>\n<p>Par ailleurs, cette brosse \u00e0 dents a \u00e9t\u00e9 con\u00e7ue avec des brins sp\u00e9ciaux. Leur d\u00e9coupage favorise une \u00e9limination compl\u00e8te des plaques dentaires entre les dents et dans les zones difficiles d\u2019acc\u00e8s. De plus, les brins sur\u00e9lev\u00e9s \u00e0 l\u2019avant de la t\u00eate renforcent cette capacit\u00e9.<\/p>\n<p><strong>Conseils d&#8217;utilisation<\/strong><\/p>\n<p>&#8211; Mouillez la brosse et appliquez-y votre dentifrice.<\/p>\n<p>&#8211; Brossez doucement vos dents en effectuant des mouvements circulaires.<\/p>\n<p>&#8211; Concentrez-vous sur les zones difficiles d\u2019acc\u00e8s, le sillon gingivo-dentaire et entre les dents.<\/p>\n<p>&#8211; Rincez soigneusement apr\u00e8s le brossage.<\/p>\n<p>&#8211; Brossez vos dents le matin et le soir avec ce dispositif ultra-performant.<\/p>","protected":false},"excerpt":{"rendered":"<p>La brosse \u00e0 dents Technique Souple Compacte de la marque Gum est un dispositif d\u2019hygi\u00e8ne dentaire hautement performant. La premi\u00e8re qualit\u00e9 de ce produit est&#8230;<\/p>","protected":false},"featured_media":11794,"comment_status":"open","ping_status":"closed","template":"","meta":[],"etheme_brands":[{"term_id":517,"name":"GUM","slug":"gum","term_group":0,"term_taxonomy_id":517,"taxonomy":"brand","description":"","parent":0,"count":79,"filter":"raw"}],"product_brand":[],"product_cat":[127,123,113],"product_tag":[],"class_list":{"0":"post-11793","1":"product","2":"type-product","3":"status-publish","4":"has-post-thumbnail","6":"brand-gum","7":"product_cat-brosse-a-dents","8":"product_cat-dentaire","9":"product_cat-hygiene","11":"first","12":"instock","13":"sale","14":"shipping-taxable","15":"purchasable","16":"product-type-simple"},"_links":{"self":[{"href":"https:\/\/calita.ma\/fr\/wp-json\/wp\/v2\/product\/11793","targetHints":{"allow":["GET"]}}],"collection":[{"href":"https:\/\/calita.ma\/fr\/wp-json\/wp\/v2\/product"}],"about":[{"href":"https:\/\/calita.ma\/fr\/wp-json\/wp\/v2\/types\/product"}],"replies":[{"embeddable":true,"href":"https:\/\/calita.ma\/fr\/wp-json\/wp\/v2\/comments?post=11793"}],"version-history":[{"count":1,"href":"https:\/\/calita.ma\/fr\/wp-json\/wp\/v2\/product\/11793\/revisions"}],"predecessor-version":[{"id":11795,"href":"https:\/\/calita.ma\/fr\/wp-json\/wp\/v2\/product\/11793\/revisions\/11795"}],"wp:featuredmedia":[{"embeddable":true,"href":"https:\/\/calita.ma\/fr\/wp-json\/wp\/v2\/media\/11794"}],"wp:attachment":[{"href":"https:\/\/calita.ma\/fr\/wp-json\/wp\/v2\/media?parent=11793"}],"wp:term":[{"taxonomy":"brand","embeddable":true,"href":"https:\/\/calita.ma\/fr\/wp-json\/wp\/v2\/etheme_brands?post=11793"},{"taxonomy":"product_brand","embeddable":true,"href":"https:\/\/calita.ma\/fr\/wp-json\/wp\/v2\/product_brand?post=11793"},{"taxonomy":"product_cat","embeddable":true,"href":"https:\/\/calita.ma\/fr\/wp-json\/wp\/v2\/product_cat?post=11793"},{"taxonomy":"product_tag","embeddable":true,"href":"https:\/\/calita.ma\/fr\/wp-json\/wp\/v2\/product_tag?post=11793"}],"curies":[{"name":"wp","href":"https:\/\/api.w.org\/{rel}","templated":true}]}}