{"id":11790,"date":"2024-12-31T10:10:44","date_gmt":"2024-12-31T10:10:44","guid":{"rendered":"https:\/\/parapharmaciecalifornietah.ma\/?post_type=product&#038;p=11790"},"modified":"2024-12-31T10:10:44","modified_gmt":"2024-12-31T10:10:44","slug":"gum-brosse-a-dents-original-white-soft","status":"publish","type":"product","link":"https:\/\/calita.ma\/fr\/produit\/gum-brosse-a-dents-original-white-soft\/","title":{"rendered":"GUM BROSSE A DENTS ORIGINAL WHITE SOFT"},"content":{"rendered":"<p style=\"font-weight: 400;\">GUM BROSSE A DENTS ORIGINAL WHITE SOFT REF 561<\/p>\n<p style=\"font-weight: 400;\">Il est parfaitement normal que les dents perdent de leur blancheur originelle avec le temps. Ce changement peut \u00eatre caus\u00e9 par des taches li\u00e9es \u00e0 la consommation de certains aliments, de boissons, de tabac, ou de m\u00e9dicaments, ainsi que par le processus naturel de vieillissement.<\/p>\n<p style=\"font-weight: 400;\">Retrouvez le sourire avec cette brosse qui permet d\u00e9liminer les colorations gr\u00e2ce \u00e0 la conception sp\u00e9cifique de ses brins.<\/p>\n<p style=\"font-weight: 400;\">Ses brins centraux recouverts d\u2019\u00e9lastom\u00e8re sont particuli\u00e8rement efficaces pour enlever tout en douceur les taches pour aider \u00e0 restaurer la blancheur naturelle de vos dents.<\/p>\n<p style=\"font-weight: 400;\">\n<p style=\"font-weight: 400;\"><b><strong>Points forts<\/strong><\/b><\/p>\n<ol>\n<li style=\"font-weight: 400;\">\u00a0Elimine efficacement et en douceur les colorations dentaires gr\u00e2ce \u00e0 ses brins de forme carr\u00e9e recouverts d\u2019\u00e9lastom\u00e8re<\/li>\n<li style=\"font-weight: 400;\">\u00a0Elimine en douceur la plaque dentaire le long du sillon gingival et dans les zones difficiles d\u2019acc\u00e8s en respectant les gencives<\/li>\n<li style=\"font-weight: 400;\">\u00a0Coupe de brins ondul\u00e9e pour un acc\u00e8s optimis\u00e9 \u00e0 toutes les surfaces dentaires et aux espaces interdentaires<\/li>\n<li style=\"font-weight: 400;\">\u00a0Utiliser avec le dentifrice Original White pour une meilleure efficacit\u00e9<\/li>\n<\/ol>","protected":false},"excerpt":{"rendered":"<p>GUM BROSSE A DENTS ORIGINAL WHITE SOFT REF 561 Il est parfaitement normal que les dents perdent de leur blancheur originelle avec le temps. Ce&#8230;<\/p>","protected":false},"featured_media":11791,"comment_status":"open","ping_status":"closed","template":"","meta":[],"etheme_brands":[{"term_id":517,"name":"GUM","slug":"gum","term_group":0,"term_taxonomy_id":517,"taxonomy":"brand","description":"","parent":0,"count":79,"filter":"raw"}],"product_brand":[],"product_cat":[127,123,113],"product_tag":[],"class_list":{"0":"post-11790","1":"product","2":"type-product","3":"status-publish","4":"has-post-thumbnail","6":"brand-gum","7":"product_cat-brosse-a-dents","8":"product_cat-dentaire","9":"product_cat-hygiene","11":"first","12":"instock","13":"sale","14":"shipping-taxable","15":"purchasable","16":"product-type-simple"},"_links":{"self":[{"href":"https:\/\/calita.ma\/fr\/wp-json\/wp\/v2\/product\/11790","targetHints":{"allow":["GET"]}}],"collection":[{"href":"https:\/\/calita.ma\/fr\/wp-json\/wp\/v2\/product"}],"about":[{"href":"https:\/\/calita.ma\/fr\/wp-json\/wp\/v2\/types\/product"}],"replies":[{"embeddable":true,"href":"https:\/\/calita.ma\/fr\/wp-json\/wp\/v2\/comments?post=11790"}],"version-history":[{"count":1,"href":"https:\/\/calita.ma\/fr\/wp-json\/wp\/v2\/product\/11790\/revisions"}],"predecessor-version":[{"id":11792,"href":"https:\/\/calita.ma\/fr\/wp-json\/wp\/v2\/product\/11790\/revisions\/11792"}],"wp:featuredmedia":[{"embeddable":true,"href":"https:\/\/calita.ma\/fr\/wp-json\/wp\/v2\/media\/11791"}],"wp:attachment":[{"href":"https:\/\/calita.ma\/fr\/wp-json\/wp\/v2\/media?parent=11790"}],"wp:term":[{"taxonomy":"brand","embeddable":true,"href":"https:\/\/calita.ma\/fr\/wp-json\/wp\/v2\/etheme_brands?post=11790"},{"taxonomy":"product_brand","embeddable":true,"href":"https:\/\/calita.ma\/fr\/wp-json\/wp\/v2\/product_brand?post=11790"},{"taxonomy":"product_cat","embeddable":true,"href":"https:\/\/calita.ma\/fr\/wp-json\/wp\/v2\/product_cat?post=11790"},{"taxonomy":"product_tag","embeddable":true,"href":"https:\/\/calita.ma\/fr\/wp-json\/wp\/v2\/product_tag?post=11790"}],"curies":[{"name":"wp","href":"https:\/\/api.w.org\/{rel}","templated":true}]}}