{"id":11787,"date":"2024-12-31T10:07:10","date_gmt":"2024-12-31T10:07:10","guid":{"rendered":"https:\/\/parapharmaciecalifornietah.ma\/?post_type=product&#038;p=11787"},"modified":"2024-12-31T10:07:10","modified_gmt":"2024-12-31T10:07:10","slug":"gum-brosse-a-dents-technique-pro-medium","status":"publish","type":"product","link":"https:\/\/calita.ma\/fr\/produit\/gum-brosse-a-dents-technique-pro-medium\/","title":{"rendered":"GUM BROSSE A DENTS TECHNIQUE PRO MEDIUM"},"content":{"rendered":"<p style=\"font-weight: 400;\"><a href=\"https:\/\/angelcare.ma\/brand\/gum-31\">GUM<\/a>\u00a0Brosse \u00e0 Dents Technique Pro Medium 528 est une brosse \u00e0 dents qui nettoie en profondeur et en douceur pour une meilleure sant\u00e9 des gencives.<\/p>\n<p style=\"font-weight: 400;\">Ses brins sont effil\u00e9s (1\/100\u00e8me) pour une meilleure efficacit\u00e9 interdentaire, et son manche quad-grip assure le meilleur angle de brossage (45\u00b0)<\/p>\n<p style=\"font-weight: 400;\">Cette brosse a \u00e9t\u00e9 test\u00e9e scientifiquement pour permettre une \u00e9limination optimale de la plaque dans les zones difficiles d&#8217;acc\u00e8s : entre les dents, le long et sous le sillon gingival.<\/p>\n<p style=\"font-weight: 400;\">Cette brosse poss\u00e8de un capuchon afin de garantir une hygi\u00e8ne parfaite.<\/p>\n<p style=\"font-weight: 400;\"><b><strong>CONSEIL D&#8217;UTILISATION<\/strong><\/b><\/p>\n<p style=\"font-weight: 400;\">Placer la brosse \u00e0 dents le long de la gencive de fa\u00e7on \u00e0 former un angle de 45\u00b0. Les brins s&#8217;ins\u00e9reront dans le sillon gingivo-dentaire et pourront r\u00e9colter la plaque qui s&#8217;y est form\u00e9e.<\/p>\n<p style=\"font-weight: 400;\">Brosser doucement la face externe d&#8217;un groupe de 2 ou 3 dents en effectuant un mouvement rotatif allant des gencives vers les dents. R\u00e9p\u00e9ter ce mouvement sur le groupe suivant de 2 ou 3 dents et ainsi de suite pour toutes les dents des arcades.<\/p>\n<p style=\"font-weight: 400;\">Brosser les faces internes des dents de la m\u00eame mani\u00e8re que les faces externes en maintenant l&#8217;angle de 45\u00b0 entre la brosse et le sillon gingivo-dentaire.<\/p>\n<p style=\"font-weight: 400;\">Au niveau des incisives sup\u00e9rieures et inf\u00e9rieures, effectuer un mouvement de va-et-vient en utilisant l&#8217;extr\u00e9mit\u00e9 de la t\u00eate de la brosse \u00e0 dents.<\/p>\n<p style=\"font-weight: 400;\">En dernier lieu, brosser les faces occlusales &#8211; celles qui servent \u00e0 mastiquer &#8211; des molaires en un mouvement horizontal.<\/p>\n<p style=\"font-weight: 400;\"><b><strong>Indication<\/strong><\/b>\u00a0:\u00a0Hygi\u00e8ne buccodentaire, plaque dentaire. Adulte.<\/p>","protected":false},"excerpt":{"rendered":"<p>GUM\u00a0Brosse \u00e0 Dents Technique Pro Medium 528 est une brosse \u00e0 dents qui nettoie en profondeur et en douceur pour une meilleure sant\u00e9 des gencives&#8230;.<\/p>","protected":false},"featured_media":11788,"comment_status":"open","ping_status":"closed","template":"","meta":[],"etheme_brands":[{"term_id":517,"name":"GUM","slug":"gum","term_group":0,"term_taxonomy_id":517,"taxonomy":"brand","description":"","parent":0,"count":79,"filter":"raw"}],"product_brand":[],"product_cat":[127,123,113],"product_tag":[],"class_list":{"0":"post-11787","1":"product","2":"type-product","3":"status-publish","4":"has-post-thumbnail","6":"brand-gum","7":"product_cat-brosse-a-dents","8":"product_cat-dentaire","9":"product_cat-hygiene","11":"first","12":"instock","13":"sale","14":"shipping-taxable","15":"purchasable","16":"product-type-simple"},"_links":{"self":[{"href":"https:\/\/calita.ma\/fr\/wp-json\/wp\/v2\/product\/11787","targetHints":{"allow":["GET"]}}],"collection":[{"href":"https:\/\/calita.ma\/fr\/wp-json\/wp\/v2\/product"}],"about":[{"href":"https:\/\/calita.ma\/fr\/wp-json\/wp\/v2\/types\/product"}],"replies":[{"embeddable":true,"href":"https:\/\/calita.ma\/fr\/wp-json\/wp\/v2\/comments?post=11787"}],"version-history":[{"count":1,"href":"https:\/\/calita.ma\/fr\/wp-json\/wp\/v2\/product\/11787\/revisions"}],"predecessor-version":[{"id":11789,"href":"https:\/\/calita.ma\/fr\/wp-json\/wp\/v2\/product\/11787\/revisions\/11789"}],"wp:featuredmedia":[{"embeddable":true,"href":"https:\/\/calita.ma\/fr\/wp-json\/wp\/v2\/media\/11788"}],"wp:attachment":[{"href":"https:\/\/calita.ma\/fr\/wp-json\/wp\/v2\/media?parent=11787"}],"wp:term":[{"taxonomy":"brand","embeddable":true,"href":"https:\/\/calita.ma\/fr\/wp-json\/wp\/v2\/etheme_brands?post=11787"},{"taxonomy":"product_brand","embeddable":true,"href":"https:\/\/calita.ma\/fr\/wp-json\/wp\/v2\/product_brand?post=11787"},{"taxonomy":"product_cat","embeddable":true,"href":"https:\/\/calita.ma\/fr\/wp-json\/wp\/v2\/product_cat?post=11787"},{"taxonomy":"product_tag","embeddable":true,"href":"https:\/\/calita.ma\/fr\/wp-json\/wp\/v2\/product_tag?post=11787"}],"curies":[{"name":"wp","href":"https:\/\/api.w.org\/{rel}","templated":true}]}}