{"id":11784,"date":"2024-12-31T10:04:29","date_gmt":"2024-12-31T10:04:29","guid":{"rendered":"https:\/\/parapharmaciecalifornietah.ma\/?post_type=product&#038;p=11784"},"modified":"2024-12-31T10:04:29","modified_gmt":"2024-12-31T10:04:29","slug":"gum-brosse-a-dents-technique-pro-souple","status":"publish","type":"product","link":"https:\/\/calita.ma\/fr\/produit\/gum-brosse-a-dents-technique-pro-souple\/","title":{"rendered":"GUM BROSSE A DENTS TECHNIQUE PRO SOUPLE"},"content":{"rendered":"<p>Une brosse \u00e0 dents manuelle con\u00e7ue pour une \u00e9limination optimale de la plaque entre les dents, dans le sillon gingival, et le long de celui-ci<br \/>\nLa Brosse \u00e0 Dents Gum Technique Pro permet une meilleure \u00e9limination de la plaque dentaire dans les zones difficiles d\u2019acc\u00e8s, qu\u2019une brosse traditionnelle ne peut atteindre.<br \/>\nLes caract\u00e9ristiques uniques de Gum Technique Pro font de cette Brosse \u00e0 Dents le meilleur choix pour les personnes souhaitant des gencives en meilleure sant\u00e9 :<br \/>\n\u2013 Brins effil\u00e9s (diam\u00e8tre de l\u2019extr\u00e9mit\u00e9\u00a0: 1\/ 100\u00e8me) \u2013 p\u00e9n\u00e8trent en profondeur sous et long du sillon gingival, ainsi qu\u2019entre les dents, pour \u00e9liminer la plaque l\u00e0 o\u00f9 des brins classiques ne pourraient acc\u00e9der.<br \/>\n\u2013 Brins \u00e0 deux niveaux \u2013 assurent un nettoyage efficace, sous le sillon gingival (gr\u00e2ce aux brins effil\u00e9s) et sur l\u2019ensemble de la surface de la dent.<br \/>\n\u2013 Brins inclin\u00e9s \u2013 am\u00e9liorent la p\u00e9n\u00e9tration et le nettoyage entre les dents en brossant la surface des dents sous diff\u00e9rents angles.<br \/>\n\u2013 Manche Quad-Grip antid\u00e9rapant brevet\u00e9 \u2013 facilite le brossage \u00e0 45\u00b0, pour un nettoyage optimal sous le sillon gingival.<\/p>","protected":false},"excerpt":{"rendered":"<p>Une brosse \u00e0 dents manuelle con\u00e7ue pour une \u00e9limination optimale de la plaque entre les dents, dans le sillon gingival, et le long de celui-ci&#8230;<\/p>","protected":false},"featured_media":11785,"comment_status":"open","ping_status":"closed","template":"","meta":[],"etheme_brands":[{"term_id":517,"name":"GUM","slug":"gum","term_group":0,"term_taxonomy_id":517,"taxonomy":"brand","description":"","parent":0,"count":79,"filter":"raw"}],"product_brand":[],"product_cat":[127,123,113],"product_tag":[],"class_list":{"0":"post-11784","1":"product","2":"type-product","3":"status-publish","4":"has-post-thumbnail","6":"brand-gum","7":"product_cat-brosse-a-dents","8":"product_cat-dentaire","9":"product_cat-hygiene","11":"first","12":"instock","13":"sale","14":"shipping-taxable","15":"purchasable","16":"product-type-simple"},"_links":{"self":[{"href":"https:\/\/calita.ma\/fr\/wp-json\/wp\/v2\/product\/11784","targetHints":{"allow":["GET"]}}],"collection":[{"href":"https:\/\/calita.ma\/fr\/wp-json\/wp\/v2\/product"}],"about":[{"href":"https:\/\/calita.ma\/fr\/wp-json\/wp\/v2\/types\/product"}],"replies":[{"embeddable":true,"href":"https:\/\/calita.ma\/fr\/wp-json\/wp\/v2\/comments?post=11784"}],"version-history":[{"count":1,"href":"https:\/\/calita.ma\/fr\/wp-json\/wp\/v2\/product\/11784\/revisions"}],"predecessor-version":[{"id":11786,"href":"https:\/\/calita.ma\/fr\/wp-json\/wp\/v2\/product\/11784\/revisions\/11786"}],"wp:featuredmedia":[{"embeddable":true,"href":"https:\/\/calita.ma\/fr\/wp-json\/wp\/v2\/media\/11785"}],"wp:attachment":[{"href":"https:\/\/calita.ma\/fr\/wp-json\/wp\/v2\/media?parent=11784"}],"wp:term":[{"taxonomy":"brand","embeddable":true,"href":"https:\/\/calita.ma\/fr\/wp-json\/wp\/v2\/etheme_brands?post=11784"},{"taxonomy":"product_brand","embeddable":true,"href":"https:\/\/calita.ma\/fr\/wp-json\/wp\/v2\/product_brand?post=11784"},{"taxonomy":"product_cat","embeddable":true,"href":"https:\/\/calita.ma\/fr\/wp-json\/wp\/v2\/product_cat?post=11784"},{"taxonomy":"product_tag","embeddable":true,"href":"https:\/\/calita.ma\/fr\/wp-json\/wp\/v2\/product_tag?post=11784"}],"curies":[{"name":"wp","href":"https:\/\/api.w.org\/{rel}","templated":true}]}}