{"id":11717,"date":"2024-12-29T09:19:11","date_gmt":"2024-12-29T09:19:11","guid":{"rendered":"https:\/\/parapharmaciecalifornietah.ma\/?post_type=product&#038;p=11717"},"modified":"2024-12-29T09:19:11","modified_gmt":"2024-12-29T09:19:11","slug":"gum-cire-de-protection-orthodontique-mentholee","status":"publish","type":"product","link":"https:\/\/calita.ma\/fr\/produit\/gum-cire-de-protection-orthodontique-mentholee\/","title":{"rendered":"GUM CIRE DE PROTECTION ORTHODONTIQUE MENTHOLEE"},"content":{"rendered":"<div class=\"et_pb_row et_pb_row_1_tb_body\">\n<div class=\"et_pb_column et_pb_column_1_2 et_pb_column_2_tb_body  et_pb_css_mix_blend_mode_passthrough et-last-child\">\n<div class=\"et_pb_module et_pb_wc_description et_pb_wc_description_0_tb_body et_pb_bg_layout_light  et_pb_text_align_left\">\n<div class=\"et_pb_module_inner\">\n<p><strong>Notre gamme ORTHO a \u00e9t\u00e9 sp\u00e9cialement formul\u00e9e pour prot\u00e9ger vos dents et gencives tout au long de votre traitement orthodontique, pr\u00e9servant une bouche propre, fra\u00eeche et saine.<\/strong><\/p>\n<p>La cire dentaire GUM\u00a0ORTHO a \u00e9t\u00e9 con\u00e7ue pour pr\u00e9venir l\u2019apparition de l\u00e9sions pouvant \u00eatre caus\u00e9es par le port d\u2019appareils orthodontiques.<\/p>\n<p>D\u00e9j\u00e0 pr\u00e9d\u00e9coup\u00e9e, il suffit simplement d\u2019apposer un morceau de cire sur le fil ou les brackets, pour prot\u00e9ger les tissus de la bouche et \u00e9viter toute irritation.<\/p>\n<\/div>\n<\/div>\n<\/div>\n<\/div>\n<div class=\"et_pb_row et_pb_row_2_tb_body\">\n<div class=\"et_pb_column et_pb_column_4_4 et_pb_column_3_tb_body  et_pb_css_mix_blend_mode_passthrough et-last-child\">\n<div class=\"et_pb_module et_pb_wc_related_products et_pb_wc_related_products_0_tb_body et_pb_bg_layout_\">\n<div class=\"et_pb_module_inner\"><\/div>\n<\/div>\n<\/div>\n<\/div>","protected":false},"excerpt":{"rendered":"<p>Notre gamme ORTHO a \u00e9t\u00e9 sp\u00e9cialement formul\u00e9e pour prot\u00e9ger vos dents et gencives tout au long de votre traitement orthodontique, pr\u00e9servant une bouche propre, fra\u00eeche&#8230;<\/p>","protected":false},"featured_media":11718,"comment_status":"open","ping_status":"closed","template":"","meta":[],"etheme_brands":[{"term_id":517,"name":"GUM","slug":"gum","term_group":0,"term_taxonomy_id":517,"taxonomy":"brand","description":"","parent":0,"count":79,"filter":"raw"}],"product_brand":[],"product_cat":[123,113],"product_tag":[],"class_list":{"0":"post-11717","1":"product","2":"type-product","3":"status-publish","4":"has-post-thumbnail","6":"brand-gum","7":"product_cat-dentaire","8":"product_cat-hygiene","10":"first","11":"instock","12":"sale","13":"shipping-taxable","14":"purchasable","15":"product-type-simple"},"_links":{"self":[{"href":"https:\/\/calita.ma\/fr\/wp-json\/wp\/v2\/product\/11717","targetHints":{"allow":["GET"]}}],"collection":[{"href":"https:\/\/calita.ma\/fr\/wp-json\/wp\/v2\/product"}],"about":[{"href":"https:\/\/calita.ma\/fr\/wp-json\/wp\/v2\/types\/product"}],"replies":[{"embeddable":true,"href":"https:\/\/calita.ma\/fr\/wp-json\/wp\/v2\/comments?post=11717"}],"version-history":[{"count":1,"href":"https:\/\/calita.ma\/fr\/wp-json\/wp\/v2\/product\/11717\/revisions"}],"predecessor-version":[{"id":11719,"href":"https:\/\/calita.ma\/fr\/wp-json\/wp\/v2\/product\/11717\/revisions\/11719"}],"wp:featuredmedia":[{"embeddable":true,"href":"https:\/\/calita.ma\/fr\/wp-json\/wp\/v2\/media\/11718"}],"wp:attachment":[{"href":"https:\/\/calita.ma\/fr\/wp-json\/wp\/v2\/media?parent=11717"}],"wp:term":[{"taxonomy":"brand","embeddable":true,"href":"https:\/\/calita.ma\/fr\/wp-json\/wp\/v2\/etheme_brands?post=11717"},{"taxonomy":"product_brand","embeddable":true,"href":"https:\/\/calita.ma\/fr\/wp-json\/wp\/v2\/product_brand?post=11717"},{"taxonomy":"product_cat","embeddable":true,"href":"https:\/\/calita.ma\/fr\/wp-json\/wp\/v2\/product_cat?post=11717"},{"taxonomy":"product_tag","embeddable":true,"href":"https:\/\/calita.ma\/fr\/wp-json\/wp\/v2\/product_tag?post=11717"}],"curies":[{"name":"wp","href":"https:\/\/api.w.org\/{rel}","templated":true}]}}