{"id":11709,"date":"2024-12-29T08:58:30","date_gmt":"2024-12-29T08:58:30","guid":{"rendered":"https:\/\/parapharmaciecalifornietah.ma\/?post_type=product&#038;p=11709"},"modified":"2024-12-29T08:58:30","modified_gmt":"2024-12-29T08:58:30","slug":"gum-brosse-a-dents-prothese-special-dentier","status":"publish","type":"product","link":"https:\/\/calita.ma\/fr\/produit\/gum-brosse-a-dents-prothese-special-dentier\/","title":{"rendered":"GUM BROSSE A DENTS PROTHESE SPECIAL DENTIER"},"content":{"rendered":"<p>Cette brosse est sp\u00e9cialement \u00e9tudi\u00e9e pour\u00a0<strong>faciliter<\/strong>\u00a0le nettoyage gr\u00e2ce \u00e0 sa\u00a0<strong>poign\u00e9e<\/strong>\u00a0comportant un levier confortable pour les personnes ayant une\u00a0<strong>dext\u00e9rit\u00e9 limit\u00e9e<\/strong>.<\/p>\n<p>Sa t\u00eate large simplifie et rend efficace le nettoyage en douceur de surfaces externes de la proth\u00e8se. Son manche ergonomique apporte une meilleure maniabilit\u00e9 afin de retirer les r\u00e9sidus alimentaires qui y sont coinc\u00e9s.<br \/>\nElle comprend deux t\u00eates de brosses de configuration diff\u00e9rente :<\/p>\n<ul>\n<li>Une t\u00eate \u00e0 poils plats pour les surfaces lisses<\/li>\n<li>Une t\u00eate unique pour les zones difficiles \u00e0 atteindre.<\/li>\n<\/ul>","protected":false},"excerpt":{"rendered":"<p>Cette brosse est sp\u00e9cialement \u00e9tudi\u00e9e pour\u00a0faciliter\u00a0le nettoyage gr\u00e2ce \u00e0 sa\u00a0poign\u00e9e\u00a0comportant un levier confortable pour les personnes ayant une\u00a0dext\u00e9rit\u00e9 limit\u00e9e. Sa t\u00eate large simplifie et rend&#8230;<\/p>","protected":false},"featured_media":11711,"comment_status":"open","ping_status":"closed","template":"","meta":[],"etheme_brands":[{"term_id":517,"name":"GUM","slug":"gum","term_group":0,"term_taxonomy_id":517,"taxonomy":"brand","description":"","parent":0,"count":79,"filter":"raw"}],"product_brand":[],"product_cat":[127,123,113],"product_tag":[],"class_list":{"0":"post-11709","1":"product","2":"type-product","3":"status-publish","4":"has-post-thumbnail","6":"brand-gum","7":"product_cat-brosse-a-dents","8":"product_cat-dentaire","9":"product_cat-hygiene","11":"first","12":"instock","13":"sale","14":"shipping-taxable","15":"purchasable","16":"product-type-simple"},"_links":{"self":[{"href":"https:\/\/calita.ma\/fr\/wp-json\/wp\/v2\/product\/11709","targetHints":{"allow":["GET"]}}],"collection":[{"href":"https:\/\/calita.ma\/fr\/wp-json\/wp\/v2\/product"}],"about":[{"href":"https:\/\/calita.ma\/fr\/wp-json\/wp\/v2\/types\/product"}],"replies":[{"embeddable":true,"href":"https:\/\/calita.ma\/fr\/wp-json\/wp\/v2\/comments?post=11709"}],"version-history":[{"count":1,"href":"https:\/\/calita.ma\/fr\/wp-json\/wp\/v2\/product\/11709\/revisions"}],"predecessor-version":[{"id":11712,"href":"https:\/\/calita.ma\/fr\/wp-json\/wp\/v2\/product\/11709\/revisions\/11712"}],"wp:featuredmedia":[{"embeddable":true,"href":"https:\/\/calita.ma\/fr\/wp-json\/wp\/v2\/media\/11711"}],"wp:attachment":[{"href":"https:\/\/calita.ma\/fr\/wp-json\/wp\/v2\/media?parent=11709"}],"wp:term":[{"taxonomy":"brand","embeddable":true,"href":"https:\/\/calita.ma\/fr\/wp-json\/wp\/v2\/etheme_brands?post=11709"},{"taxonomy":"product_brand","embeddable":true,"href":"https:\/\/calita.ma\/fr\/wp-json\/wp\/v2\/product_brand?post=11709"},{"taxonomy":"product_cat","embeddable":true,"href":"https:\/\/calita.ma\/fr\/wp-json\/wp\/v2\/product_cat?post=11709"},{"taxonomy":"product_tag","embeddable":true,"href":"https:\/\/calita.ma\/fr\/wp-json\/wp\/v2\/product_tag?post=11709"}],"curies":[{"name":"wp","href":"https:\/\/api.w.org\/{rel}","templated":true}]}}