{"id":11617,"date":"2024-12-27T16:01:41","date_gmt":"2024-12-27T16:01:41","guid":{"rendered":"https:\/\/parapharmaciecalifornietah.ma\/?post_type=product&#038;p=11617"},"modified":"2024-12-27T16:01:41","modified_gmt":"2024-12-27T16:01:41","slug":"sanogyl-bain-de-bouche-soin-gencives-multi-protection-500ml","status":"publish","type":"product","link":"https:\/\/calita.ma\/fr\/produit\/sanogyl-bain-de-bouche-soin-gencives-multi-protection-500ml\/","title":{"rendered":"SANOGYL BAIN DE BOUCHE SOIN GENCIVES MULTI PROTECTION 500ML"},"content":{"rendered":"<p>D\u00e9couvrez le Bain de bouche SOIN MULTI-PROTECTION, une solution innovante pour une hygi\u00e8ne bucco-dentaire compl\u00e8te. Formul\u00e9 avec de l\u2019acide hyaluronique, naturellement pr\u00e9sent dans l\u2019organisme, ce bain de bouche offre une hydratation exceptionnelle tout en tonifiant vos gencives. Son complexe antibact\u00e9rien agit de mani\u00e8re efficace contre les bact\u00e9ries responsables du tartre, de la plaque dentaire et de la mauvaise haleine. Le fluor, quant \u00e0 lui, renforce l\u2019\u00e9mail pour des dents plus robustes.<\/p>\n<p>Son go\u00fbt frais et agr\u00e9able laisse une sensation de fra\u00eecheur durable dans votre bouche. Gr\u00e2ce \u00e0 la recherche Sanogyl, ce Soin Bain de bouche Multi-Protection garantit une bouche parfaitement nettoy\u00e9e et prot\u00e9g\u00e9e. Sa formule unique associe les propri\u00e9t\u00e9s protectrices du Preventiv\u2019SYSTEM\u2122 \u00e0 l\u2019efficacit\u00e9 hydratante et tonifiante de l\u2019acide hyaluronique.<\/p>\n<ul>\n<li>Prot\u00e8ge l\u2019ensemble de la bouche<\/li>\n<li>Rafra\u00eechit l\u2019haleine<\/li>\n<li>Combat la plaque dentaire<\/li>\n<li>Renforce, soulage et prot\u00e8ge les gencives<\/li>\n<\/ul>\n<p><strong>R\u00e9sultat :<\/strong><\/p>\n<p>Obtenez des gencives saines et des dents fortes, assurant une protection totale \u00e0 100 % pour votre bouche.<\/p>\n<p><strong>Conseils d\u2019Application :<\/strong><\/p>\n<p>Apr\u00e8s le brossage, remplissez la moiti\u00e9 de votre bouche (15 ml) sans diluer. Rincez-vous la bouche pendant 30 secondes, puis recrachez. Utilisez-le sans diluer apr\u00e8s chaque brossage ou pendant la journ\u00e9e en versant 20 ml (\u00bd bouchon). Adoptez ces conseils pour une hygi\u00e8ne bucco-dentaire optimale et profitez des bienfaits du Bain de bouche SOIN MULTI-PROTECTION.<\/p>","protected":false},"excerpt":{"rendered":"<p>D\u00e9couvrez le Bain de bouche SOIN MULTI-PROTECTION, une solution innovante pour une hygi\u00e8ne bucco-dentaire compl\u00e8te. Formul\u00e9 avec de l\u2019acide hyaluronique, naturellement pr\u00e9sent dans l\u2019organisme, ce&#8230;<\/p>","protected":false},"featured_media":11618,"comment_status":"open","ping_status":"closed","template":"","meta":[],"etheme_brands":[{"term_id":516,"name":"SANOGYL","slug":"sanogyl","term_group":0,"term_taxonomy_id":516,"taxonomy":"brand","description":"","parent":0,"count":10,"filter":"raw"}],"product_brand":[],"product_cat":[126,123,113],"product_tag":[],"class_list":{"0":"post-11617","1":"product","2":"type-product","3":"status-publish","4":"has-post-thumbnail","6":"brand-sanogyl","7":"product_cat-bain-de-bouche","8":"product_cat-dentaire","9":"product_cat-hygiene","11":"first","12":"instock","13":"sale","14":"shipping-taxable","15":"purchasable","16":"product-type-simple"},"_links":{"self":[{"href":"https:\/\/calita.ma\/fr\/wp-json\/wp\/v2\/product\/11617","targetHints":{"allow":["GET"]}}],"collection":[{"href":"https:\/\/calita.ma\/fr\/wp-json\/wp\/v2\/product"}],"about":[{"href":"https:\/\/calita.ma\/fr\/wp-json\/wp\/v2\/types\/product"}],"replies":[{"embeddable":true,"href":"https:\/\/calita.ma\/fr\/wp-json\/wp\/v2\/comments?post=11617"}],"version-history":[{"count":1,"href":"https:\/\/calita.ma\/fr\/wp-json\/wp\/v2\/product\/11617\/revisions"}],"predecessor-version":[{"id":11619,"href":"https:\/\/calita.ma\/fr\/wp-json\/wp\/v2\/product\/11617\/revisions\/11619"}],"wp:featuredmedia":[{"embeddable":true,"href":"https:\/\/calita.ma\/fr\/wp-json\/wp\/v2\/media\/11618"}],"wp:attachment":[{"href":"https:\/\/calita.ma\/fr\/wp-json\/wp\/v2\/media?parent=11617"}],"wp:term":[{"taxonomy":"brand","embeddable":true,"href":"https:\/\/calita.ma\/fr\/wp-json\/wp\/v2\/etheme_brands?post=11617"},{"taxonomy":"product_brand","embeddable":true,"href":"https:\/\/calita.ma\/fr\/wp-json\/wp\/v2\/product_brand?post=11617"},{"taxonomy":"product_cat","embeddable":true,"href":"https:\/\/calita.ma\/fr\/wp-json\/wp\/v2\/product_cat?post=11617"},{"taxonomy":"product_tag","embeddable":true,"href":"https:\/\/calita.ma\/fr\/wp-json\/wp\/v2\/product_tag?post=11617"}],"curies":[{"name":"wp","href":"https:\/\/api.w.org\/{rel}","templated":true}]}}