{"id":11611,"date":"2024-12-27T15:57:33","date_gmt":"2024-12-27T15:57:33","guid":{"rendered":"https:\/\/parapharmaciecalifornietah.ma\/?post_type=product&#038;p=11611"},"modified":"2024-12-27T15:57:33","modified_gmt":"2024-12-27T15:57:33","slug":"sanogyl-bain-de-bouche-antibacterien-500ml","status":"publish","type":"product","link":"https:\/\/calita.ma\/fr\/produit\/sanogyl-bain-de-bouche-antibacterien-500ml\/","title":{"rendered":"SANOGYL BAIN DE BOUCHE ANTIBACTERIEN 500ML"},"content":{"rendered":"<div class=\"col-xs-12\">\n<p>Aux Huiles Essentielles de Menthe et Eucalyptus<br \/>\nPour une bouche saine et intens\u00e9ment fra\u00eeche.<br \/>\nSon go\u00fbt menthe fra\u00eeche vous procure une fra\u00eecheur surprenante pendant et apr\u00e8s usage.<br \/>\n<strong>R\u00e9sultat<\/strong>\u00a0:<\/p>\n<\/div>\n<div class=\"col-xs-12\">Votre bouche est fra\u00eeche et purifi\u00e9e, vos dents sont plus fortes.<strong>Test\u00e9 cliniquement<\/strong><br \/>\nContient du Fluorure de sodium (250 ppm F)<br \/>\nSans parab\u00e8ne \u2013 Sans triclosan<\/p>\n<\/div>\n<div class=\"col-xs-12\">\n<div>Formule<\/div>\n<p>Aqua, Alcohol Denat,\u00a0Glycerin,\u00a0Sorbitol, PEG-40\u00a0Hydrogenated Castor Oil, Mentha Piperita Oil, Mentha Arvensis Leaf Oil, Eucalyptus Globulus Leaf Oil, Aroma,\u00a0Sodium Phosphate,\u00a0Bisabolol, Sodium Ascorbyl Phosphate,\u00a0Triclosan, Sodium Fluoride,\u00a0Sodium Benzoate, Sodium Saccharin, Eucalyptol,\u00a0Limonene, CI 42051, CI 47005.<\/p>\n<\/div>","protected":false},"excerpt":{"rendered":"<p>Aux Huiles Essentielles de Menthe et Eucalyptus Pour une bouche saine et intens\u00e9ment fra\u00eeche. Son go\u00fbt menthe fra\u00eeche vous procure une fra\u00eecheur surprenante pendant et&#8230;<\/p>","protected":false},"featured_media":11612,"comment_status":"open","ping_status":"closed","template":"","meta":[],"etheme_brands":[{"term_id":516,"name":"SANOGYL","slug":"sanogyl","term_group":0,"term_taxonomy_id":516,"taxonomy":"brand","description":"","parent":0,"count":10,"filter":"raw"}],"product_brand":[],"product_cat":[126,123,113],"product_tag":[],"class_list":{"0":"post-11611","1":"product","2":"type-product","3":"status-publish","4":"has-post-thumbnail","6":"brand-sanogyl","7":"product_cat-bain-de-bouche","8":"product_cat-dentaire","9":"product_cat-hygiene","11":"first","12":"instock","13":"sale","14":"shipping-taxable","15":"purchasable","16":"product-type-simple"},"_links":{"self":[{"href":"https:\/\/calita.ma\/fr\/wp-json\/wp\/v2\/product\/11611","targetHints":{"allow":["GET"]}}],"collection":[{"href":"https:\/\/calita.ma\/fr\/wp-json\/wp\/v2\/product"}],"about":[{"href":"https:\/\/calita.ma\/fr\/wp-json\/wp\/v2\/types\/product"}],"replies":[{"embeddable":true,"href":"https:\/\/calita.ma\/fr\/wp-json\/wp\/v2\/comments?post=11611"}],"version-history":[{"count":1,"href":"https:\/\/calita.ma\/fr\/wp-json\/wp\/v2\/product\/11611\/revisions"}],"predecessor-version":[{"id":11613,"href":"https:\/\/calita.ma\/fr\/wp-json\/wp\/v2\/product\/11611\/revisions\/11613"}],"wp:featuredmedia":[{"embeddable":true,"href":"https:\/\/calita.ma\/fr\/wp-json\/wp\/v2\/media\/11612"}],"wp:attachment":[{"href":"https:\/\/calita.ma\/fr\/wp-json\/wp\/v2\/media?parent=11611"}],"wp:term":[{"taxonomy":"brand","embeddable":true,"href":"https:\/\/calita.ma\/fr\/wp-json\/wp\/v2\/etheme_brands?post=11611"},{"taxonomy":"product_brand","embeddable":true,"href":"https:\/\/calita.ma\/fr\/wp-json\/wp\/v2\/product_brand?post=11611"},{"taxonomy":"product_cat","embeddable":true,"href":"https:\/\/calita.ma\/fr\/wp-json\/wp\/v2\/product_cat?post=11611"},{"taxonomy":"product_tag","embeddable":true,"href":"https:\/\/calita.ma\/fr\/wp-json\/wp\/v2\/product_tag?post=11611"}],"curies":[{"name":"wp","href":"https:\/\/api.w.org\/{rel}","templated":true}]}}