{"id":11608,"date":"2024-12-27T15:49:39","date_gmt":"2024-12-27T15:49:39","guid":{"rendered":"https:\/\/parapharmaciecalifornietah.ma\/?post_type=product&#038;p=11608"},"modified":"2024-12-27T15:49:39","modified_gmt":"2024-12-27T15:49:39","slug":"sanogyl-bio-dentifrice-enfant-2-6ans-fraise","status":"publish","type":"product","link":"https:\/\/calita.ma\/fr\/produit\/sanogyl-bio-dentifrice-enfant-2-6ans-fraise\/","title":{"rendered":"SANOGYL BIO DENTIFRICE ENFANT 2-6ANS FRAISE"},"content":{"rendered":"<p>Le dentifrice Certifi\u00e9 Bio avec une formule douce pour prendre soin des dents des plus petits.<\/p>\n<p>Sanogyl Bio Enfants 2-6 ans a choisi l\u2019Aloe Vera Bio, connu pour ses propri\u00e9t\u00e9s protectrices associ\u00e9 au Fluor dont le dosage \u00e0 1000ppm est adapt\u00e9 aux dents fragiles des enfants pour se prot\u00e9ger des caries.<\/p>\n<p>Gr\u00e2ce \u00e0 sa formule certifi\u00e9e Bio aux ingr\u00e9dients d\u2019origine naturelle rigoureusement choisis pour leur propri\u00e9t\u00e9 et une dose en fluor adapt\u00e9e, ce dentifrice nettoie en douceur et aide \u00e0 prot\u00e9ger les dents et gencives des Enfants<\/p>","protected":false},"excerpt":{"rendered":"<p>Le dentifrice Certifi\u00e9 Bio avec une formule douce pour prendre soin des dents des plus petits. Sanogyl Bio Enfants 2-6 ans a choisi l\u2019Aloe Vera&#8230;<\/p>","protected":false},"featured_media":11609,"comment_status":"open","ping_status":"closed","template":"","meta":[],"etheme_brands":[{"term_id":516,"name":"SANOGYL","slug":"sanogyl","term_group":0,"term_taxonomy_id":516,"taxonomy":"brand","description":"","parent":0,"count":10,"filter":"raw"}],"product_brand":[],"product_cat":[123,125,131,113],"product_tag":[],"class_list":{"0":"post-11608","1":"product","2":"type-product","3":"status-publish","4":"has-post-thumbnail","6":"brand-sanogyl","7":"product_cat-dentaire","8":"product_cat-dentifrices-dentaire","9":"product_cat-dentifrices-enfants","10":"product_cat-hygiene","12":"first","13":"instock","14":"sale","15":"shipping-taxable","16":"purchasable","17":"product-type-simple"},"_links":{"self":[{"href":"https:\/\/calita.ma\/fr\/wp-json\/wp\/v2\/product\/11608","targetHints":{"allow":["GET"]}}],"collection":[{"href":"https:\/\/calita.ma\/fr\/wp-json\/wp\/v2\/product"}],"about":[{"href":"https:\/\/calita.ma\/fr\/wp-json\/wp\/v2\/types\/product"}],"replies":[{"embeddable":true,"href":"https:\/\/calita.ma\/fr\/wp-json\/wp\/v2\/comments?post=11608"}],"version-history":[{"count":1,"href":"https:\/\/calita.ma\/fr\/wp-json\/wp\/v2\/product\/11608\/revisions"}],"predecessor-version":[{"id":11610,"href":"https:\/\/calita.ma\/fr\/wp-json\/wp\/v2\/product\/11608\/revisions\/11610"}],"wp:featuredmedia":[{"embeddable":true,"href":"https:\/\/calita.ma\/fr\/wp-json\/wp\/v2\/media\/11609"}],"wp:attachment":[{"href":"https:\/\/calita.ma\/fr\/wp-json\/wp\/v2\/media?parent=11608"}],"wp:term":[{"taxonomy":"brand","embeddable":true,"href":"https:\/\/calita.ma\/fr\/wp-json\/wp\/v2\/etheme_brands?post=11608"},{"taxonomy":"product_brand","embeddable":true,"href":"https:\/\/calita.ma\/fr\/wp-json\/wp\/v2\/product_brand?post=11608"},{"taxonomy":"product_cat","embeddable":true,"href":"https:\/\/calita.ma\/fr\/wp-json\/wp\/v2\/product_cat?post=11608"},{"taxonomy":"product_tag","embeddable":true,"href":"https:\/\/calita.ma\/fr\/wp-json\/wp\/v2\/product_tag?post=11608"}],"curies":[{"name":"wp","href":"https:\/\/api.w.org\/{rel}","templated":true}]}}