{"id":11605,"date":"2024-12-27T15:44:56","date_gmt":"2024-12-27T15:44:56","guid":{"rendered":"https:\/\/parapharmaciecalifornietah.ma\/?post_type=product&#038;p=11605"},"modified":"2024-12-27T15:44:56","modified_gmt":"2024-12-27T15:44:56","slug":"sanogyl-dentifrice-soin-dents-biome-protege-complet-75ml","status":"publish","type":"product","link":"https:\/\/calita.ma\/fr\/produit\/sanogyl-dentifrice-soin-dents-biome-protege-complet-75ml\/","title":{"rendered":"SANOGYL DENTIFRICE SOIN DENTS BIOME PROTEGE COMPLET 75ML"},"content":{"rendered":"<p style=\"font-weight: 400;\">Le dentifrice Biome Prot\u00e8ge avec des pr\u00e9biotiques pour prot\u00e9ger vos dents et gencives sensibles.<\/p>\n<p style=\"font-weight: 400;\">Retrouvez tout le savoir-faire du laboratoire Sanogyl dans une formule avec des\u00a0Pr\u00e9biotiques.\u00a0Connus pour\u00a0stimuler les m\u00e9canismes de d\u00e9fenses naturelles\u00a0de votre bouche, les pr\u00e9biotiques aident \u00e0 maintenir son \u00e9quilibre et\u00a0favorise sa sant\u00e9 au quotidien.<\/p>\n<p style=\"font-weight: 400;\">Le dentifrice Sanogyl Biome Prot\u00e8ge Complet vous procurera une hygi\u00e8ne et une protection compl\u00e8te tout en\u00a0soulageant vos gencives sensibles.<\/p>\n<p style=\"font-weight: 400;\">SANOGYL S\u2019ENGAGE\u00a0avec ce tube fait en\u00a0plastique recyclable\u00a0pour un emballage plus\u00a0responsable.<\/p>","protected":false},"excerpt":{"rendered":"<p>Le dentifrice Biome Prot\u00e8ge avec des pr\u00e9biotiques pour prot\u00e9ger vos dents et gencives sensibles. Retrouvez tout le savoir-faire du laboratoire Sanogyl dans une formule avec&#8230;<\/p>","protected":false},"featured_media":11606,"comment_status":"open","ping_status":"closed","template":"","meta":[],"etheme_brands":[{"term_id":516,"name":"SANOGYL","slug":"sanogyl","term_group":0,"term_taxonomy_id":516,"taxonomy":"brand","description":"","parent":0,"count":10,"filter":"raw"}],"product_brand":[],"product_cat":[123,125,113],"product_tag":[],"class_list":{"0":"post-11605","1":"product","2":"type-product","3":"status-publish","4":"has-post-thumbnail","6":"brand-sanogyl","7":"product_cat-dentaire","8":"product_cat-dentifrices-dentaire","9":"product_cat-hygiene","11":"first","12":"instock","13":"sale","14":"shipping-taxable","15":"purchasable","16":"product-type-simple"},"_links":{"self":[{"href":"https:\/\/calita.ma\/fr\/wp-json\/wp\/v2\/product\/11605","targetHints":{"allow":["GET"]}}],"collection":[{"href":"https:\/\/calita.ma\/fr\/wp-json\/wp\/v2\/product"}],"about":[{"href":"https:\/\/calita.ma\/fr\/wp-json\/wp\/v2\/types\/product"}],"replies":[{"embeddable":true,"href":"https:\/\/calita.ma\/fr\/wp-json\/wp\/v2\/comments?post=11605"}],"version-history":[{"count":1,"href":"https:\/\/calita.ma\/fr\/wp-json\/wp\/v2\/product\/11605\/revisions"}],"predecessor-version":[{"id":11607,"href":"https:\/\/calita.ma\/fr\/wp-json\/wp\/v2\/product\/11605\/revisions\/11607"}],"wp:featuredmedia":[{"embeddable":true,"href":"https:\/\/calita.ma\/fr\/wp-json\/wp\/v2\/media\/11606"}],"wp:attachment":[{"href":"https:\/\/calita.ma\/fr\/wp-json\/wp\/v2\/media?parent=11605"}],"wp:term":[{"taxonomy":"brand","embeddable":true,"href":"https:\/\/calita.ma\/fr\/wp-json\/wp\/v2\/etheme_brands?post=11605"},{"taxonomy":"product_brand","embeddable":true,"href":"https:\/\/calita.ma\/fr\/wp-json\/wp\/v2\/product_brand?post=11605"},{"taxonomy":"product_cat","embeddable":true,"href":"https:\/\/calita.ma\/fr\/wp-json\/wp\/v2\/product_cat?post=11605"},{"taxonomy":"product_tag","embeddable":true,"href":"https:\/\/calita.ma\/fr\/wp-json\/wp\/v2\/product_tag?post=11605"}],"curies":[{"name":"wp","href":"https:\/\/api.w.org\/{rel}","templated":true}]}}