{"id":11602,"date":"2024-12-27T15:43:25","date_gmt":"2024-12-27T15:43:25","guid":{"rendered":"https:\/\/parapharmaciecalifornietah.ma\/?post_type=product&#038;p=11602"},"modified":"2024-12-27T15:43:25","modified_gmt":"2024-12-27T15:43:25","slug":"sanogyl-dentifrice-soin-essentiel-blancheur-naturelle-75ml","status":"publish","type":"product","link":"https:\/\/calita.ma\/fr\/produit\/sanogyl-dentifrice-soin-essentiel-blancheur-naturelle-75ml\/","title":{"rendered":"SANOGYL DENTIFRICE SOIN ESSENTIEL BLANCHEUR NATURELLE 75ML"},"content":{"rendered":"<p><strong>NOUVEAU SOIN ESSENTIEL BLANCHEUR\u00a0Aux Huiles Essentielles de Menthe et de Citron.<\/strong><br \/>\nLa puissance d\u2019une formule aux huiles essentielles pour une protection antibact\u00e9rienne longue dur\u00e9e et des dents \u00e9clatantes de sant\u00e9.<\/p>\n<p><strong>6 actions pour une bouche plus saine :<\/strong><\/p>\n<ul>\n<li>Action antibact\u00e9rienne<\/li>\n<li>Aide \u00e0 combattre la plaque dentaire<\/li>\n<li>Rafraichit intens\u00e9ment l\u2019haleine<\/li>\n<li>Garde les gencives saines<\/li>\n<li>Prot\u00e8ge et aide \u00e0 renforcer l\u2019\u00e9mail des dents<\/li>\n<li>Pr\u00e9vient le jaunissement des dents<\/li>\n<\/ul>\n<p><strong>Aux HUILES ESSENTIELLES de Menthe et de Citron<\/strong><br \/>\nForce antibact\u00e9rienne longue dur\u00e9e<br \/>\nLes vertus th\u00e9rapeutiques antibact\u00e9riennes des huiles essentielles associ\u00e9es au Citrate de Zinc vous offrent la solution id\u00e9ale pour prot\u00e9ger efficacement votre bouche contre les 6 probl\u00e8mes bucco-dentaires les plus fr\u00e9quents.<\/p>\n<p><strong>Blancheur naturelle<\/strong><br \/>\nSa formule \u00e0 l\u2019huile essentielle de citron aide \u00e0 retrouver l\u2019\u00e9clat et la blancheur naturelle de vos dents.<\/p>\n<p><strong>Protectiv\u2019SYSTEM<\/strong><br \/>\nLes recherches du laboratoire Sanogyl ont permis de d\u00e9velopper le Protectiv\u2019SYSTEM un syst\u00e8me de protection unique alliant des agents antibact\u00e9riens, un agent apaisant et du Fluor pour un soin complet des gencives et des dents.<\/p>\n<p><strong>Ingr\u00e9dients\u00a0:<\/strong><\/p>\n<p><em>Sorbitol, Aqua, Hydrated Silica, PEG-32, Sodium Lauryl Sulfate, Aroma, Mantha Piperita Oil, Mentha Arvensis Leaf Oil, Citrus Limon Peel Oil, Cellulose Gum, Zinc Citrate, Sodium Fluoride, Triclosan, Glycerin, Helianthus Annuus Seed Oil, Gelatin, Acacia Senegal Gum, Keratin, Sodium Saccharin, Bisabolol, Citric Acid, BHA, Potassium Sorbate, Potassium Citrate, Limonene, CI 77891.<\/em><\/p>","protected":false},"excerpt":{"rendered":"<p>NOUVEAU SOIN ESSENTIEL BLANCHEUR\u00a0Aux Huiles Essentielles de Menthe et de Citron. La puissance d\u2019une formule aux huiles essentielles pour une protection antibact\u00e9rienne longue dur\u00e9e et&#8230;<\/p>","protected":false},"featured_media":11603,"comment_status":"open","ping_status":"closed","template":"","meta":[],"etheme_brands":[{"term_id":516,"name":"SANOGYL","slug":"sanogyl","term_group":0,"term_taxonomy_id":516,"taxonomy":"brand","description":"","parent":0,"count":10,"filter":"raw"}],"product_brand":[],"product_cat":[123,125,113],"product_tag":[],"class_list":{"0":"post-11602","1":"product","2":"type-product","3":"status-publish","4":"has-post-thumbnail","6":"brand-sanogyl","7":"product_cat-dentaire","8":"product_cat-dentifrices-dentaire","9":"product_cat-hygiene","11":"first","12":"instock","13":"sale","14":"shipping-taxable","15":"purchasable","16":"product-type-simple"},"_links":{"self":[{"href":"https:\/\/calita.ma\/fr\/wp-json\/wp\/v2\/product\/11602","targetHints":{"allow":["GET"]}}],"collection":[{"href":"https:\/\/calita.ma\/fr\/wp-json\/wp\/v2\/product"}],"about":[{"href":"https:\/\/calita.ma\/fr\/wp-json\/wp\/v2\/types\/product"}],"replies":[{"embeddable":true,"href":"https:\/\/calita.ma\/fr\/wp-json\/wp\/v2\/comments?post=11602"}],"version-history":[{"count":1,"href":"https:\/\/calita.ma\/fr\/wp-json\/wp\/v2\/product\/11602\/revisions"}],"predecessor-version":[{"id":11604,"href":"https:\/\/calita.ma\/fr\/wp-json\/wp\/v2\/product\/11602\/revisions\/11604"}],"wp:featuredmedia":[{"embeddable":true,"href":"https:\/\/calita.ma\/fr\/wp-json\/wp\/v2\/media\/11603"}],"wp:attachment":[{"href":"https:\/\/calita.ma\/fr\/wp-json\/wp\/v2\/media?parent=11602"}],"wp:term":[{"taxonomy":"brand","embeddable":true,"href":"https:\/\/calita.ma\/fr\/wp-json\/wp\/v2\/etheme_brands?post=11602"},{"taxonomy":"product_brand","embeddable":true,"href":"https:\/\/calita.ma\/fr\/wp-json\/wp\/v2\/product_brand?post=11602"},{"taxonomy":"product_cat","embeddable":true,"href":"https:\/\/calita.ma\/fr\/wp-json\/wp\/v2\/product_cat?post=11602"},{"taxonomy":"product_tag","embeddable":true,"href":"https:\/\/calita.ma\/fr\/wp-json\/wp\/v2\/product_tag?post=11602"}],"curies":[{"name":"wp","href":"https:\/\/api.w.org\/{rel}","templated":true}]}}