{"id":11596,"date":"2024-12-27T15:37:07","date_gmt":"2024-12-27T15:37:07","guid":{"rendered":"https:\/\/parapharmaciecalifornietah.ma\/?post_type=product&#038;p=11596"},"modified":"2024-12-27T15:37:07","modified_gmt":"2024-12-27T15:37:07","slug":"sanogyl-dentifrice-soin-global-75ml","status":"publish","type":"product","link":"https:\/\/calita.ma\/fr\/produit\/sanogyl-dentifrice-soin-global-75ml\/","title":{"rendered":"SANOGYL DENTIFRICE SOIN GLOBAL 75ML"},"content":{"rendered":"<p style=\"font-weight: 400;\">Aujourd\u2019hui la sant\u00e9 bucco-dentaire passe par le soin de toute la bouche. Elle concerne aussi bien les dents, que les gencives que la langue.<\/p>\n<p style=\"font-weight: 400;\"><b><strong>Plaque dentaire<br \/>\nMauvaise haleine<br \/>\nGencives parfois sensibles<\/strong><\/b><\/p>\n<p style=\"font-weight: 400;\">Sanogyl Soin Global vous aide \u00e0 prot\u00e9ger durablement 100% de votre capital bucco-dentaire.<\/p>\n<p style=\"font-weight: 400;\"><b><strong>Nourrit \/ Fortifie<br \/>\nBlanchit \/ Prot\u00e8ge<\/strong><\/b><\/p>\n<p style=\"font-weight: 400;\">Pour pr\u00e9server votre capital bucco-dentaire, les Laboratoires Sanogyl ont con\u00e7u Sanogyl Soin Global + Blancheur pour 12h de multiprotection, la blancheur en plus.<\/p>\n<p style=\"font-weight: 400;\"><b><strong>Sanogyl Soin Global est un soin MULTIPROTECTION :<\/strong><\/b><\/p>\n<ul style=\"font-weight: 400;\">\n<li>Combat la formation du tartre responsable de la plaque dentaire<\/li>\n<li>Prot\u00e8ge vos gencives<\/li>\n<li>Rafra\u00eechit l\u2019haleine<\/li>\n<li>Gr\u00e2ce \u00e0 sa formule renforc\u00e9e en Bicarbonate de Sodium, rend vos dents plus blanches, tout en douceur.<\/li>\n<\/ul>\n<p style=\"font-weight: 400;\"><b><strong>Le Protectiv\u2019SYSTEM de SANOGYL<\/strong><\/b><br \/>\nDepuis 1923, Sanogyl a construit son expertise sur le soin des gencives et des dents. Les recherches du Laboratoire Sanogyl ont permis de d\u00e9velopper le Protectiv\u2019SYSTEM, un complexe unique alliant des agents antibact\u00e9riens, un agent apaisant et du Fluor pour une protection compl\u00e8te des gencives et des dents.<br \/>\nEn plus de cette protection, chaque dentifrice de la gamme Sanogyl vous offre un soin sp\u00e9cifique r\u00e9pondant \u00e0 vos besoins.<\/p>\n<p style=\"font-weight: 400;\"><b><strong>Composition<\/strong><\/b><\/p>\n<ul style=\"font-weight: 400;\">\n<li>La K\u00e9ratine dans les micro capsules aide \u00e0 nourrir et fortifier les gencives.<\/li>\n<li>Le Bicarbonate de Sodium blanchit les dents en douceur.<\/li>\n<li>Le Fluorure de Sodium 1450 ppm renforce l\u2019\u00e9mail.<\/li>\n<li>Le Citrate de Zinc et le Triclosan luttent efficacement contre l\u2019apparition de la plaque dentaire.<\/li>\n<\/ul>\n<p style=\"font-weight: 400;\">Sorbitol, Aqua, Hydrated Silica, Sodium Bicarbonate, PEG 32, Sodium Lauryl Sulfate, Aroma, Zinc Citrate, Glycerin, Cellulose Gum, Triclosan, Sodium, Fluoride, Bisabolol, Sodium Saccharin, Helianthus Annuus Seed Oil, Gelatin, Acacia Senegal Gum, BHA, Keratin, Potassium Sorbate, Citric Acid, Potassium Citrate, Limonene, C1 74160, C1 61565.<br \/>\nContient du Fluorure de Sodium (1450 ppm F).<\/p>\n<p style=\"font-weight: 400;\"><b><strong>Plus\u00a0:<\/strong><\/b><br \/>\nSANS PARABEN \u2013 FABRIQU\u00c9 EN EUROPE<\/p>","protected":false},"excerpt":{"rendered":"<p>Aujourd\u2019hui la sant\u00e9 bucco-dentaire passe par le soin de toute la bouche. Elle concerne aussi bien les dents, que les gencives que la langue. Plaque&#8230;<\/p>","protected":false},"featured_media":11597,"comment_status":"open","ping_status":"closed","template":"","meta":[],"etheme_brands":[{"term_id":516,"name":"SANOGYL","slug":"sanogyl","term_group":0,"term_taxonomy_id":516,"taxonomy":"brand","description":"","parent":0,"count":10,"filter":"raw"}],"product_brand":[],"product_cat":[123,125,113],"product_tag":[],"class_list":{"0":"post-11596","1":"product","2":"type-product","3":"status-publish","4":"has-post-thumbnail","6":"brand-sanogyl","7":"product_cat-dentaire","8":"product_cat-dentifrices-dentaire","9":"product_cat-hygiene","11":"first","12":"instock","13":"sale","14":"shipping-taxable","15":"purchasable","16":"product-type-simple"},"_links":{"self":[{"href":"https:\/\/calita.ma\/fr\/wp-json\/wp\/v2\/product\/11596","targetHints":{"allow":["GET"]}}],"collection":[{"href":"https:\/\/calita.ma\/fr\/wp-json\/wp\/v2\/product"}],"about":[{"href":"https:\/\/calita.ma\/fr\/wp-json\/wp\/v2\/types\/product"}],"replies":[{"embeddable":true,"href":"https:\/\/calita.ma\/fr\/wp-json\/wp\/v2\/comments?post=11596"}],"version-history":[{"count":1,"href":"https:\/\/calita.ma\/fr\/wp-json\/wp\/v2\/product\/11596\/revisions"}],"predecessor-version":[{"id":11598,"href":"https:\/\/calita.ma\/fr\/wp-json\/wp\/v2\/product\/11596\/revisions\/11598"}],"wp:featuredmedia":[{"embeddable":true,"href":"https:\/\/calita.ma\/fr\/wp-json\/wp\/v2\/media\/11597"}],"wp:attachment":[{"href":"https:\/\/calita.ma\/fr\/wp-json\/wp\/v2\/media?parent=11596"}],"wp:term":[{"taxonomy":"brand","embeddable":true,"href":"https:\/\/calita.ma\/fr\/wp-json\/wp\/v2\/etheme_brands?post=11596"},{"taxonomy":"product_brand","embeddable":true,"href":"https:\/\/calita.ma\/fr\/wp-json\/wp\/v2\/product_brand?post=11596"},{"taxonomy":"product_cat","embeddable":true,"href":"https:\/\/calita.ma\/fr\/wp-json\/wp\/v2\/product_cat?post=11596"},{"taxonomy":"product_tag","embeddable":true,"href":"https:\/\/calita.ma\/fr\/wp-json\/wp\/v2\/product_tag?post=11596"}],"curies":[{"name":"wp","href":"https:\/\/api.w.org\/{rel}","templated":true}]}}