{"id":11593,"date":"2024-12-27T15:34:10","date_gmt":"2024-12-27T15:34:10","guid":{"rendered":"https:\/\/parapharmaciecalifornietah.ma\/?post_type=product&#038;p=11593"},"modified":"2024-12-27T15:34:10","modified_gmt":"2024-12-27T15:34:10","slug":"sanogyl-dentifrice-soin-duo-sensible-dents-et-gencives","status":"publish","type":"product","link":"https:\/\/calita.ma\/fr\/produit\/sanogyl-dentifrice-soin-duo-sensible-dents-et-gencives\/","title":{"rendered":"SANOGYL DENTIFRICE SOIN DUO SENSIBLE DENTS ET GENCIVES"},"content":{"rendered":"<p>Pr\u00e8s d\u20191 personne sur 2 souffre de sensibilit\u00e9 dentaire.<br \/>\n<b><\/b><\/p>\n<p><b>Douleurs au contact du chaud, froid, acide<br \/>\nR\u00e9tractation de la gencive<br \/>\n\u00c9rosion de l\u2019\u00e9mail<\/b><\/p>\n<p>Des d\u00e9sagr\u00e9ments que Sanogyl s\u2019efforce de combattre gr\u00e2ce \u00e0 son Soin Dents Sensibles.<\/p>","protected":false},"excerpt":{"rendered":"<p>Pr\u00e8s d\u20191 personne sur 2 souffre de sensibilit\u00e9 dentaire. Douleurs au contact du chaud, froid, acide R\u00e9tractation de la gencive \u00c9rosion de l\u2019\u00e9mail Des d\u00e9sagr\u00e9ments&#8230;<\/p>","protected":false},"featured_media":11594,"comment_status":"open","ping_status":"closed","template":"","meta":[],"etheme_brands":[{"term_id":516,"name":"SANOGYL","slug":"sanogyl","term_group":0,"term_taxonomy_id":516,"taxonomy":"brand","description":"","parent":0,"count":10,"filter":"raw"}],"product_brand":[],"product_cat":[87,123,125,113],"product_tag":[],"class_list":{"0":"post-11593","1":"product","2":"type-product","3":"status-publish","4":"has-post-thumbnail","6":"brand-sanogyl","7":"product_cat-corps-et-visage","8":"product_cat-dentaire","9":"product_cat-dentifrices-dentaire","10":"product_cat-hygiene","12":"first","13":"instock","14":"sale","15":"shipping-taxable","16":"purchasable","17":"product-type-simple"},"_links":{"self":[{"href":"https:\/\/calita.ma\/fr\/wp-json\/wp\/v2\/product\/11593","targetHints":{"allow":["GET"]}}],"collection":[{"href":"https:\/\/calita.ma\/fr\/wp-json\/wp\/v2\/product"}],"about":[{"href":"https:\/\/calita.ma\/fr\/wp-json\/wp\/v2\/types\/product"}],"replies":[{"embeddable":true,"href":"https:\/\/calita.ma\/fr\/wp-json\/wp\/v2\/comments?post=11593"}],"version-history":[{"count":1,"href":"https:\/\/calita.ma\/fr\/wp-json\/wp\/v2\/product\/11593\/revisions"}],"predecessor-version":[{"id":11595,"href":"https:\/\/calita.ma\/fr\/wp-json\/wp\/v2\/product\/11593\/revisions\/11595"}],"wp:featuredmedia":[{"embeddable":true,"href":"https:\/\/calita.ma\/fr\/wp-json\/wp\/v2\/media\/11594"}],"wp:attachment":[{"href":"https:\/\/calita.ma\/fr\/wp-json\/wp\/v2\/media?parent=11593"}],"wp:term":[{"taxonomy":"brand","embeddable":true,"href":"https:\/\/calita.ma\/fr\/wp-json\/wp\/v2\/etheme_brands?post=11593"},{"taxonomy":"product_brand","embeddable":true,"href":"https:\/\/calita.ma\/fr\/wp-json\/wp\/v2\/product_brand?post=11593"},{"taxonomy":"product_cat","embeddable":true,"href":"https:\/\/calita.ma\/fr\/wp-json\/wp\/v2\/product_cat?post=11593"},{"taxonomy":"product_tag","embeddable":true,"href":"https:\/\/calita.ma\/fr\/wp-json\/wp\/v2\/product_tag?post=11593"}],"curies":[{"name":"wp","href":"https:\/\/api.w.org\/{rel}","templated":true}]}}